{"id":925,"date":"2020-01-14T15:10:56","date_gmt":"2020-01-14T20:10:56","guid":{"rendered":"http:\/\/inspire555.ca\/library-archives-team\/"},"modified":"2021-05-10T10:30:00","modified_gmt":"2021-05-10T14:30:00","slug":"bibliotheque-archives-equipe","status":"publish","type":"page","link":"https:\/\/inspire555.ca\/fr\/bibliotheque-archives-equipe\/","title":{"rendered":"L&rsquo;\u00e9quipe"},"content":{"rendered":"<p>Voici les trois organismes partenaires qui ont particip\u00e9 \u00e0 la cr\u00e9ation de l\u2019installation partag\u00e9e de la BPO-BAC :<\/p>\n<p><strong>La Biblioth\u00e8que publique d\u2019Ottawa<\/strong><\/p>\n<p>La Biblioth\u00e8que publique d\u2019Ottawa (BPO) est le plus vaste r\u00e9seau de biblioth\u00e8ques publiques bilingues (fran\u00e7aises et anglaises) en Am\u00e9rique du Nord. La BPO donne publiquement acc\u00e8s \u00e0 l\u2019information et aux services gr\u00e2ce \u00e0 ses succursales physiques et virtuelles (<a href=\"http:\/\/BiblioOttawaLibrary.ca\/fr\" target=\"_blank\" rel=\"noopener noreferrer\">BiblioOttawaLibrary.ca<\/a>), ainsi qu\u2019\u00e0 deux biblioth\u00e8ques mobiles et \u00e0 un service de pr\u00eat d\u2019ouvrages selon le principe du distributeur automatique. Au service de pr\u00e8s d\u2019un million de r\u00e9sidents d\u2019Ottawa, la BPO a pour mission d\u2019inspirer l\u2019apprentissage, de susciter la curiosit\u00e9 et de permettre de se connecter.<\/p>\n<p><strong>Biblioth\u00e8que et Archives Canada (BAC)<\/strong><\/p>\n<p>Gardienne de notre pass\u00e9 lointain et de notre histoire r\u00e9cente, <a href=\"https:\/\/www.bac-lac.gc.ca\/fra\/Pages\/accueil.aspx\" rel=\"noopener\" target=\"_blank\">Biblioth\u00e8que et Archives Canada<\/a> (BAC) est une ressource incontournable pour tous les Canadiens qui veulent mieux conna\u00eetre leurs origines individuelles et collectives. BAC s\u2019occupe de l\u2019acquisition, du traitement, de la pr\u00e9servation et de l\u2019accessibilit\u00e9 de notre patrimoine documentaire, en plus d\u2019\u00eatre la m\u00e9moire permanente du gouvernement du Canada et de ses institutions.<\/p>\n<p>et <strong>la Ville d\u2019Ottawa<\/strong><\/p>\n<p><strong>Les architectes<\/strong><\/p>\n<p>\u00c0 la fin de 2018, le cabinet prim\u00e9 d\u2019architectes Diamond Schmitt Architects (DSA) et le cabinet d\u2019Ottawa KWC Architects ont \u00e9t\u00e9 s\u00e9lectionn\u00e9s \u00e0 l\u2019issue d\u2019un processus rigoureux pour la conception de la nouvelle installation partag\u00e9e.<\/p>\n<p>L\u2019\u00e9quipe de DSA, \u00e0 qui l\u2019on doit des r\u00e9alisations comme le Four Seasons Centre for the Performing Arts \u00e0 Toronto, le nouveau Th\u00e9\u00e2tre Mariinsky de Saint-P\u00e9tersbourg et le Centre national des Arts modernis\u00e9 d\u2019Ottawa, est pass\u00e9e ma\u00eetre dans l\u2019art de cocr\u00e9er des b\u00e2timents qui sont non seulement de v\u00e9n\u00e9rables annexes du paysage architectural des villes, mais qui sont aussi des ouvrages adul\u00e9s dans leurs collectivit\u00e9s.<\/p>\n<p>La vaste collaboration et la consultation du public sont au c\u0153ur m\u00eame de l\u2019approche de l\u2019\u00e9quipe s\u00e9lectionn\u00e9e et sont des \u00e9l\u00e9ments essentiels du d\u00e9roulement de la conception depuis le d\u00e9but.<\/p>\n<p>\u00ab Si notre processus est collaboratif, c\u2019est parce que l\u2019exp\u00e9rience nous a appris que nos meilleurs projets sont le fruit d\u2019un processus collaboratif, d\u2019un dialogue, de la synth\u00e8se d\u2019un programme et de l\u2019analyse des besoins fonctionnels \u00bb, a d\u00e9clar\u00e9 Don Schmitt, du cabinet Diamond Schmitt.<sup>1<\/sup><\/p>\n<h2>Les partenaires<\/h2>\n<div class=\"viewTeam-wrapper\"><ul class=\"viewTeamList\"><li class=\"team-item team-item-844\"><img decoding=\"async\" src=\"https:\/\/inspire555.ca\/wp-content\/uploads\/2019\/12\/ottawa-logo2.png\" alt=\"City of Ottawa logo\"><\/li><li class=\"team-item team-item-845\"><img decoding=\"async\" src=\"https:\/\/inspire555.ca\/wp-content\/uploads\/2019\/12\/library-and-archives-canada-logo.jpg\" alt=\"Library and Archives Canada\"><\/li><li class=\"team-item team-item-846\"><img decoding=\"async\" src=\"https:\/\/inspire555.ca\/wp-content\/uploads\/2019\/12\/opl_logo.png\" alt=\"OPL logo\"><\/li><\/ul><\/div>\n<h2>L\u2019\u00e9quipe de conception<\/h2>\n<div class=\"viewTeam-wrapper\"><ul class=\"viewTeamList\"><li class=\"team-item team-item-847\"><img decoding=\"async\" src=\"https:\/\/inspire555.ca\/wp-content\/uploads\/2020\/01\/DiamondSchmitt_Logo.png\" alt=\"Diamond Schmitt Architects\"><\/li><li class=\"team-item team-item-843\"><img decoding=\"async\" src=\"https:\/\/inspire555.ca\/wp-content\/uploads\/2020\/01\/KWC_LOGO.png.png\" alt=\"KWC Architects\"><\/li><\/ul><\/div>\n<div class=\"footnotes\"><sup>1<\/sup> <a href=\"https:\/\/ottawacitizen.com\/news\/local-news\/super-library-architects-trying-to-balance-civic-focus-with-national-prominence\" target=\"_blank\" rel=\"noopener noreferrer\">https:\/\/ottawacitizen.com\/news\/local-news\/super-library-architects-trying-to-balance-civic-focus-with-national-prominence<\/a><\/div>\n","protected":false},"excerpt":{"rendered":"<p>Voici les trois organismes partenaires qui ont particip\u00e9 \u00e0 la cr\u00e9ation de l\u2019installation partag\u00e9e de la BPO-BAC : La Biblioth\u00e8que publique d\u2019Ottawa La Biblioth\u00e8que publique d\u2019Ottawa (BPO) est le plus vaste r\u00e9seau de biblioth\u00e8ques publiques bilingues (fran\u00e7aises et anglaises) en Am\u00e9rique du Nord. La BPO donne publiquement acc\u00e8s \u00e0 l\u2019information et aux services gr\u00e2ce \u00e0&#8230;<\/p>\n","protected":false},"author":1,"featured_media":0,"parent":0,"menu_order":0,"comment_status":"closed","ping_status":"closed","template":"page-basic-template.php","meta":{"footnotes":""},"acf":[],"yoast_head":"<!-- This site is optimized with the Yoast SEO plugin v24.5 - https:\/\/yoast.com\/wordpress\/plugins\/seo\/ -->\n<title>L&#039;\u00e9quipe - Installation partag\u00e9e de la Biblioth\u00e8que publique d\u2019Ottawa et de Biblioth\u00e8que et Archives Canada<\/title>\n<meta name=\"description\" content=\"Les trois partenaires dans la cr\u00e9ation de l\u2019installation partag\u00e9e BPO-BAC sont: La Ville d\u2019Ottawa, La Biblioth\u00e8que publique d\u2019Ottawa et Biblioth\u00e8que et Archives Canada\" \/>\n<meta name=\"robots\" content=\"index, follow, max-snippet:-1, max-image-preview:large, max-video-preview:-1\" \/>\n<link rel=\"canonical\" href=\"https:\/\/inspire555.ca\/fr\/bibliotheque-archives-equipe\/\" \/>\n<meta property=\"og:locale\" content=\"fr_FR\" \/>\n<meta property=\"og:type\" content=\"article\" \/>\n<meta property=\"og:title\" content=\"L&#039;\u00e9quipe - Installation partag\u00e9e de la Biblioth\u00e8que publique d\u2019Ottawa et de Biblioth\u00e8que et Archives Canada\" \/>\n<meta property=\"og:description\" content=\"Les trois partenaires dans la cr\u00e9ation de l\u2019installation partag\u00e9e BPO-BAC sont: La Ville d\u2019Ottawa, La Biblioth\u00e8que publique d\u2019Ottawa et Biblioth\u00e8que et Archives Canada\" \/>\n<meta property=\"og:url\" content=\"https:\/\/inspire555.ca\/fr\/bibliotheque-archives-equipe\/\" \/>\n<meta property=\"og:site_name\" content=\"Installation partag\u00e9e de la Biblioth\u00e8que publique d\u2019Ottawa et de Biblioth\u00e8que et Archives Canada\" \/>\n<meta property=\"article:modified_time\" content=\"2021-05-10T14:30:00+00:00\" \/>\n<meta name=\"twitter:card\" content=\"summary_large_image\" \/>\n<meta name=\"twitter:label1\" content=\"Dur\u00e9e de lecture estim\u00e9e\" \/>\n\t<meta name=\"twitter:data1\" content=\"2 minutes\" \/>\n<script type=\"application\/ld+json\" class=\"yoast-schema-graph\">{\"@context\":\"https:\/\/schema.org\",\"@graph\":[{\"@type\":\"WebPage\",\"@id\":\"https:\/\/inspire555.ca\/fr\/bibliotheque-archives-equipe\/\",\"url\":\"https:\/\/inspire555.ca\/fr\/bibliotheque-archives-equipe\/\",\"name\":\"L'\u00e9quipe - Installation partag\u00e9e de la Biblioth\u00e8que publique d\u2019Ottawa et de Biblioth\u00e8que et Archives Canada\",\"isPartOf\":{\"@id\":\"https:\/\/inspire555.ca\/#website\"},\"datePublished\":\"2020-01-14T20:10:56+00:00\",\"dateModified\":\"2021-05-10T14:30:00+00:00\",\"description\":\"Les trois partenaires dans la cr\u00e9ation de l\u2019installation partag\u00e9e BPO-BAC sont: La Ville d\u2019Ottawa, La Biblioth\u00e8que publique d\u2019Ottawa et Biblioth\u00e8que et Archives Canada\",\"breadcrumb\":{\"@id\":\"https:\/\/inspire555.ca\/fr\/bibliotheque-archives-equipe\/#breadcrumb\"},\"inLanguage\":\"fr-FR\",\"potentialAction\":[{\"@type\":\"ReadAction\",\"target\":[\"https:\/\/inspire555.ca\/fr\/bibliotheque-archives-equipe\/\"]}]},{\"@type\":\"BreadcrumbList\",\"@id\":\"https:\/\/inspire555.ca\/fr\/bibliotheque-archives-equipe\/#breadcrumb\",\"itemListElement\":[{\"@type\":\"ListItem\",\"position\":1,\"name\":\"Home\",\"item\":\"https:\/\/inspire555.ca\/fr\/\"},{\"@type\":\"ListItem\",\"position\":2,\"name\":\"L&#8217;\u00e9quipe\"}]},{\"@type\":\"WebSite\",\"@id\":\"https:\/\/inspire555.ca\/#website\",\"url\":\"https:\/\/inspire555.ca\/\",\"name\":\"Installation partag\u00e9e de la Biblioth\u00e8que publique d\u2019Ottawa et de Biblioth\u00e8que et Archives Canada\",\"description\":\"\",\"potentialAction\":[{\"@type\":\"SearchAction\",\"target\":{\"@type\":\"EntryPoint\",\"urlTemplate\":\"https:\/\/inspire555.ca\/?s={search_term_string}\"},\"query-input\":{\"@type\":\"PropertyValueSpecification\",\"valueRequired\":true,\"valueName\":\"search_term_string\"}}],\"inLanguage\":\"fr-FR\"}]}<\/script>\n<!-- \/ Yoast SEO plugin. -->","yoast_head_json":{"title":"L'\u00e9quipe - Installation partag\u00e9e de la Biblioth\u00e8que publique d\u2019Ottawa et de Biblioth\u00e8que et Archives Canada","description":"Les trois partenaires dans la cr\u00e9ation de l\u2019installation partag\u00e9e BPO-BAC sont: La Ville d\u2019Ottawa, La Biblioth\u00e8que publique d\u2019Ottawa et Biblioth\u00e8que et Archives Canada","robots":{"index":"index","follow":"follow","max-snippet":"max-snippet:-1","max-image-preview":"max-image-preview:large","max-video-preview":"max-video-preview:-1"},"canonical":"https:\/\/inspire555.ca\/fr\/bibliotheque-archives-equipe\/","og_locale":"fr_FR","og_type":"article","og_title":"L'\u00e9quipe - Installation partag\u00e9e de la Biblioth\u00e8que publique d\u2019Ottawa et de Biblioth\u00e8que et Archives Canada","og_description":"Les trois partenaires dans la cr\u00e9ation de l\u2019installation partag\u00e9e BPO-BAC sont: La Ville d\u2019Ottawa, La Biblioth\u00e8que publique d\u2019Ottawa et Biblioth\u00e8que et Archives Canada","og_url":"https:\/\/inspire555.ca\/fr\/bibliotheque-archives-equipe\/","og_site_name":"Installation partag\u00e9e de la Biblioth\u00e8que publique d\u2019Ottawa et de Biblioth\u00e8que et Archives Canada","article_modified_time":"2021-05-10T14:30:00+00:00","twitter_card":"summary_large_image","twitter_misc":{"Dur\u00e9e de lecture estim\u00e9e":"2 minutes"},"schema":{"@context":"https:\/\/schema.org","@graph":[{"@type":"WebPage","@id":"https:\/\/inspire555.ca\/fr\/bibliotheque-archives-equipe\/","url":"https:\/\/inspire555.ca\/fr\/bibliotheque-archives-equipe\/","name":"L'\u00e9quipe - Installation partag\u00e9e de la Biblioth\u00e8que publique d\u2019Ottawa et de Biblioth\u00e8que et Archives Canada","isPartOf":{"@id":"https:\/\/inspire555.ca\/#website"},"datePublished":"2020-01-14T20:10:56+00:00","dateModified":"2021-05-10T14:30:00+00:00","description":"Les trois partenaires dans la cr\u00e9ation de l\u2019installation partag\u00e9e BPO-BAC sont: La Ville d\u2019Ottawa, La Biblioth\u00e8que publique d\u2019Ottawa et Biblioth\u00e8que et Archives Canada","breadcrumb":{"@id":"https:\/\/inspire555.ca\/fr\/bibliotheque-archives-equipe\/#breadcrumb"},"inLanguage":"fr-FR","potentialAction":[{"@type":"ReadAction","target":["https:\/\/inspire555.ca\/fr\/bibliotheque-archives-equipe\/"]}]},{"@type":"BreadcrumbList","@id":"https:\/\/inspire555.ca\/fr\/bibliotheque-archives-equipe\/#breadcrumb","itemListElement":[{"@type":"ListItem","position":1,"name":"Home","item":"https:\/\/inspire555.ca\/fr\/"},{"@type":"ListItem","position":2,"name":"L&#8217;\u00e9quipe"}]},{"@type":"WebSite","@id":"https:\/\/inspire555.ca\/#website","url":"https:\/\/inspire555.ca\/","name":"Installation partag\u00e9e de la Biblioth\u00e8que publique d\u2019Ottawa et de Biblioth\u00e8que et Archives Canada","description":"","potentialAction":[{"@type":"SearchAction","target":{"@type":"EntryPoint","urlTemplate":"https:\/\/inspire555.ca\/?s={search_term_string}"},"query-input":{"@type":"PropertyValueSpecification","valueRequired":true,"valueName":"search_term_string"}}],"inLanguage":"fr-FR"}]}},"_links":{"self":[{"href":"https:\/\/inspire555.ca\/fr\/wp-json\/wp\/v2\/pages\/925"}],"collection":[{"href":"https:\/\/inspire555.ca\/fr\/wp-json\/wp\/v2\/pages"}],"about":[{"href":"https:\/\/inspire555.ca\/fr\/wp-json\/wp\/v2\/types\/page"}],"author":[{"embeddable":true,"href":"https:\/\/inspire555.ca\/fr\/wp-json\/wp\/v2\/users\/1"}],"replies":[{"embeddable":true,"href":"https:\/\/inspire555.ca\/fr\/wp-json\/wp\/v2\/comments?post=925"}],"version-history":[{"count":8,"href":"https:\/\/inspire555.ca\/fr\/wp-json\/wp\/v2\/pages\/925\/revisions"}],"predecessor-version":[{"id":2064,"href":"https:\/\/inspire555.ca\/fr\/wp-json\/wp\/v2\/pages\/925\/revisions\/2064"}],"wp:attachment":[{"href":"https:\/\/inspire555.ca\/fr\/wp-json\/wp\/v2\/media?parent=925"}],"curies":[{"name":"wp","href":"https:\/\/api.w.org\/{rel}","templated":true}]}}