{"id":922,"date":"2020-01-14T14:50:53","date_gmt":"2020-01-14T19:50:53","guid":{"rendered":"http:\/\/inspire555.ca\/library-archives-project-background\/"},"modified":"2022-04-07T11:35:57","modified_gmt":"2022-04-07T15:35:57","slug":"bibliotheque-archives-contexte","status":"publish","type":"page","link":"https:\/\/inspire555.ca\/fr\/bibliotheque-archives-contexte\/","title":{"rendered":"Le contexte"},"content":{"rendered":"<p>En 2012, le Conseil d&rsquo;administration de la Biblioth\u00e8que publique d&rsquo;Ottawa (BPO) a donn\u00e9 la priorit\u00e9 absolue au r\u00e9am\u00e9nagement de sa biblioth\u00e8que principale. Apr\u00e8s une vaste consultation publique au d\u00e9but de 2013, le Conseil d\u2019administration de la BPO, a approuv\u00e9 en 2015 la construction d\u2019une nouvelle biblioth\u00e8que centrale de 132\u00a0000\u00a0pieds carr\u00e9s. Un mois plus tard, le Conseil municipal a approuv\u00e9 la construction d\u2019une nouvelle biblioth\u00e8que centrale, qui devenait une priorit\u00e9 strat\u00e9gique.<\/p>\n<p>En 2016, la Biblioth\u00e8que publique d&rsquo;Ottawa et Biblioth\u00e8que et Archives Canada (BAC) ont commenc\u00e9 \u00e0 se pencher sur un partenariat ing\u00e9nieux pour am\u00e9nager ensemble un nouvel espace; c\u2019est ainsi qu\u2019a vu le jour la vision actuelle d\u2019une installation combin\u00e9e de plus de 200\u00a0000\u00a0pieds carr\u00e9s.<\/p>\n<p>La construction de cette installation, qui devrait ouvrir ses portes en 2026, est un volet essentiel de la vision d\u2019Ottawa, qui entend devenir la ville de taille moyenne la plus agr\u00e9able o\u00f9 vivre en Am\u00e9rique du Nord. Ce b\u00e2timent embl\u00e9matique sera dot\u00e9 d\u2019espaces communs \u00e0 la BPO et \u00e0 BAC, ainsi que de locaux propres \u00e0 chaque institution.<\/p>\n<p>Le financement d&rsquo;\u0100dis\u014dke partag\u00e9e sera assur\u00e9 par diff\u00e9rents partenaires. La Ville d\u2019Ottawa et la Biblioth\u00e8que publique d&rsquo;Ottawa d\u00e9bourseront 170 millions de dollars pour la construction de l\u2019installation, ainsi que 28 millions de dollars \u00e0 un garage de stationnement de 200 places; le gouvernement du Canada consacrera pour sa part 136 millions de dollars pour sa portion de la construction de l\u2019installation.<\/p>\n<p>Afin de ma\u00eetriser parfaitement la conception et la construction et en pr\u00e9voyant des occasions de consulter le public, on construit l\u2019installation en faisant appel au processus de conception soumission construction, qui pr\u00e9voit les phases suivantes :<\/p>\n<ul>\n<li>L&rsquo;avant-projet et l&rsquo;\u00e9tude pr\u00e9liminaire (2019);<\/li>\n<li>L&rsquo;\u00e9laboration des plans et des dessins (2019-2020);<\/li>\n<li>La pr\u00e9paration des documents de construction (2020-2021);<\/li>\n<li>L\u2019appel d\u2019offres pour les services d\u2019entreprise g\u00e9n\u00e9rale (construction) (2021);<\/li>\n<li>La construction (de 2021 \u00e0 2025);<\/li>\n<li>L&rsquo;ouverture (2026)<\/li>\n<\/ul>\n<p>Il s\u2019agit de l\u2019un des <a href=\"https:\/\/inspire555.ca\/fr\/bibliotheque-archives-participation-publique\/\" target=\"_blank\" rel=\"noopener\">processus de consultation<\/a> les plus inclusifs et approfondis tenus pour un \u00e9difice public au Canada. D\u2019un oc\u00e9an \u00e0 l\u2019autre, les r\u00e9sidents, les peuples autochtones et les Canadiens et Canadiennes ont \u00e9t\u00e9 invit\u00e9s \u00e0 participer \u00e0 la conception \u00e0 chacune des \u00e9tapes. Plus de 7 000 personnes ont pris part au processus de consultation.<\/p>\n","protected":false},"excerpt":{"rendered":"<p>En 2012, le Conseil d&rsquo;administration de la Biblioth\u00e8que publique d&rsquo;Ottawa (BPO) a donn\u00e9 la priorit\u00e9 absolue au r\u00e9am\u00e9nagement de sa biblioth\u00e8que principale. Apr\u00e8s une vaste consultation publique au d\u00e9but de 2013, le Conseil d\u2019administration de la BPO, a approuv\u00e9 en 2015 la construction d\u2019une nouvelle biblioth\u00e8que centrale de 132\u00a0000\u00a0pieds carr\u00e9s. Un mois plus tard, le&#8230;<\/p>\n","protected":false},"author":1,"featured_media":1591,"parent":0,"menu_order":0,"comment_status":"closed","ping_status":"closed","template":"page-basic-template.php","meta":{"footnotes":""},"acf":[],"yoast_head":"<!-- This site is optimized with the Yoast SEO plugin v24.5 - https:\/\/yoast.com\/wordpress\/plugins\/seo\/ -->\n<title>Le contexte - Installation partag\u00e9e de la Biblioth\u00e8que publique d\u2019Ottawa et de Biblioth\u00e8que et Archives Canada<\/title>\n<meta name=\"description\" content=\"En 2016, la Biblioth\u00e8que publique d\u2019Ottawa et Biblioth\u00e8que et Archives Canada (BAC) commencent \u00e0 explorer l\u2019id\u00e9e d\u2019un partenariat in\u00e9dit visant \u00e0 concevoir ensemble un nouvel espace; c\u2019est alors que la vision actuelle d\u2019une installation combin\u00e9e s\u2019\u00e9tendant sur plus de 200\u00a0000\u00a0pieds carr\u00e9s commence \u00e0 prendre forme.\" \/>\n<meta name=\"robots\" content=\"index, follow, max-snippet:-1, max-image-preview:large, max-video-preview:-1\" \/>\n<link rel=\"canonical\" href=\"https:\/\/inspire555.ca\/fr\/bibliotheque-archives-contexte\/\" \/>\n<meta property=\"og:locale\" content=\"fr_FR\" \/>\n<meta property=\"og:type\" content=\"article\" \/>\n<meta property=\"og:title\" content=\"Le contexte - Installation partag\u00e9e de la Biblioth\u00e8que publique d\u2019Ottawa et de Biblioth\u00e8que et Archives Canada\" \/>\n<meta property=\"og:description\" content=\"En 2016, la Biblioth\u00e8que publique d\u2019Ottawa et Biblioth\u00e8que et Archives Canada (BAC) commencent \u00e0 explorer l\u2019id\u00e9e d\u2019un partenariat in\u00e9dit visant \u00e0 concevoir ensemble un nouvel espace; c\u2019est alors que la vision actuelle d\u2019une installation combin\u00e9e s\u2019\u00e9tendant sur plus de 200\u00a0000\u00a0pieds carr\u00e9s commence \u00e0 prendre forme.\" \/>\n<meta property=\"og:url\" content=\"https:\/\/inspire555.ca\/fr\/bibliotheque-archives-contexte\/\" \/>\n<meta property=\"og:site_name\" content=\"Installation partag\u00e9e de la Biblioth\u00e8que publique d\u2019Ottawa et de Biblioth\u00e8que et Archives Canada\" \/>\n<meta property=\"article:modified_time\" content=\"2022-04-07T15:35:57+00:00\" \/>\n<meta property=\"og:image\" content=\"https:\/\/inspire555.ca\/wp-content\/uploads\/2020\/01\/OPL-Aquaduct.jpg\" \/>\n\t<meta property=\"og:image:width\" content=\"1350\" \/>\n\t<meta property=\"og:image:height\" content=\"900\" \/>\n\t<meta property=\"og:image:type\" content=\"image\/jpeg\" \/>\n<meta name=\"twitter:card\" content=\"summary_large_image\" \/>\n<meta name=\"twitter:label1\" content=\"Dur\u00e9e de lecture estim\u00e9e\" \/>\n\t<meta name=\"twitter:data1\" content=\"2 minutes\" \/>\n<script type=\"application\/ld+json\" class=\"yoast-schema-graph\">{\"@context\":\"https:\/\/schema.org\",\"@graph\":[{\"@type\":\"WebPage\",\"@id\":\"https:\/\/inspire555.ca\/fr\/bibliotheque-archives-contexte\/\",\"url\":\"https:\/\/inspire555.ca\/fr\/bibliotheque-archives-contexte\/\",\"name\":\"Le contexte - Installation partag\u00e9e de la Biblioth\u00e8que publique d\u2019Ottawa et de Biblioth\u00e8que et Archives Canada\",\"isPartOf\":{\"@id\":\"https:\/\/inspire555.ca\/#website\"},\"primaryImageOfPage\":{\"@id\":\"https:\/\/inspire555.ca\/fr\/bibliotheque-archives-contexte\/#primaryimage\"},\"image\":{\"@id\":\"https:\/\/inspire555.ca\/fr\/bibliotheque-archives-contexte\/#primaryimage\"},\"thumbnailUrl\":\"https:\/\/inspire555.ca\/wp-content\/uploads\/2020\/01\/OPL-Aquaduct.jpg\",\"datePublished\":\"2020-01-14T19:50:53+00:00\",\"dateModified\":\"2022-04-07T15:35:57+00:00\",\"description\":\"En 2016, la Biblioth\u00e8que publique d\u2019Ottawa et Biblioth\u00e8que et Archives Canada (BAC) commencent \u00e0 explorer l\u2019id\u00e9e d\u2019un partenariat in\u00e9dit visant \u00e0 concevoir ensemble un nouvel espace; c\u2019est alors que la vision actuelle d\u2019une installation combin\u00e9e s\u2019\u00e9tendant sur plus de 200\u00a0000\u00a0pieds carr\u00e9s commence \u00e0 prendre forme.\",\"breadcrumb\":{\"@id\":\"https:\/\/inspire555.ca\/fr\/bibliotheque-archives-contexte\/#breadcrumb\"},\"inLanguage\":\"fr-FR\",\"potentialAction\":[{\"@type\":\"ReadAction\",\"target\":[\"https:\/\/inspire555.ca\/fr\/bibliotheque-archives-contexte\/\"]}]},{\"@type\":\"ImageObject\",\"inLanguage\":\"fr-FR\",\"@id\":\"https:\/\/inspire555.ca\/fr\/bibliotheque-archives-contexte\/#primaryimage\",\"url\":\"https:\/\/inspire555.ca\/wp-content\/uploads\/2020\/01\/OPL-Aquaduct.jpg\",\"contentUrl\":\"https:\/\/inspire555.ca\/wp-content\/uploads\/2020\/01\/OPL-Aquaduct.jpg\",\"width\":1350,\"height\":900,\"caption\":\"View of new OPL-LAC Joint Facility from Aquaduct\"},{\"@type\":\"BreadcrumbList\",\"@id\":\"https:\/\/inspire555.ca\/fr\/bibliotheque-archives-contexte\/#breadcrumb\",\"itemListElement\":[{\"@type\":\"ListItem\",\"position\":1,\"name\":\"Home\",\"item\":\"https:\/\/inspire555.ca\/fr\/\"},{\"@type\":\"ListItem\",\"position\":2,\"name\":\"Le contexte\"}]},{\"@type\":\"WebSite\",\"@id\":\"https:\/\/inspire555.ca\/#website\",\"url\":\"https:\/\/inspire555.ca\/\",\"name\":\"Installation partag\u00e9e de la Biblioth\u00e8que publique d\u2019Ottawa et de Biblioth\u00e8que et Archives Canada\",\"description\":\"\",\"potentialAction\":[{\"@type\":\"SearchAction\",\"target\":{\"@type\":\"EntryPoint\",\"urlTemplate\":\"https:\/\/inspire555.ca\/?s={search_term_string}\"},\"query-input\":{\"@type\":\"PropertyValueSpecification\",\"valueRequired\":true,\"valueName\":\"search_term_string\"}}],\"inLanguage\":\"fr-FR\"}]}<\/script>\n<!-- \/ Yoast SEO plugin. -->","yoast_head_json":{"title":"Le contexte - Installation partag\u00e9e de la Biblioth\u00e8que publique d\u2019Ottawa et de Biblioth\u00e8que et Archives Canada","description":"En 2016, la Biblioth\u00e8que publique d\u2019Ottawa et Biblioth\u00e8que et Archives Canada (BAC) commencent \u00e0 explorer l\u2019id\u00e9e d\u2019un partenariat in\u00e9dit visant \u00e0 concevoir ensemble un nouvel espace; c\u2019est alors que la vision actuelle d\u2019une installation combin\u00e9e s\u2019\u00e9tendant sur plus de 200\u00a0000\u00a0pieds carr\u00e9s commence \u00e0 prendre forme.","robots":{"index":"index","follow":"follow","max-snippet":"max-snippet:-1","max-image-preview":"max-image-preview:large","max-video-preview":"max-video-preview:-1"},"canonical":"https:\/\/inspire555.ca\/fr\/bibliotheque-archives-contexte\/","og_locale":"fr_FR","og_type":"article","og_title":"Le contexte - Installation partag\u00e9e de la Biblioth\u00e8que publique d\u2019Ottawa et de Biblioth\u00e8que et Archives Canada","og_description":"En 2016, la Biblioth\u00e8que publique d\u2019Ottawa et Biblioth\u00e8que et Archives Canada (BAC) commencent \u00e0 explorer l\u2019id\u00e9e d\u2019un partenariat in\u00e9dit visant \u00e0 concevoir ensemble un nouvel espace; c\u2019est alors que la vision actuelle d\u2019une installation combin\u00e9e s\u2019\u00e9tendant sur plus de 200\u00a0000\u00a0pieds carr\u00e9s commence \u00e0 prendre forme.","og_url":"https:\/\/inspire555.ca\/fr\/bibliotheque-archives-contexte\/","og_site_name":"Installation partag\u00e9e de la Biblioth\u00e8que publique d\u2019Ottawa et de Biblioth\u00e8que et Archives Canada","article_modified_time":"2022-04-07T15:35:57+00:00","og_image":[{"width":1350,"height":900,"url":"https:\/\/inspire555.ca\/wp-content\/uploads\/2020\/01\/OPL-Aquaduct.jpg","type":"image\/jpeg"}],"twitter_card":"summary_large_image","twitter_misc":{"Dur\u00e9e de lecture estim\u00e9e":"2 minutes"},"schema":{"@context":"https:\/\/schema.org","@graph":[{"@type":"WebPage","@id":"https:\/\/inspire555.ca\/fr\/bibliotheque-archives-contexte\/","url":"https:\/\/inspire555.ca\/fr\/bibliotheque-archives-contexte\/","name":"Le contexte - Installation partag\u00e9e de la Biblioth\u00e8que publique d\u2019Ottawa et de Biblioth\u00e8que et Archives Canada","isPartOf":{"@id":"https:\/\/inspire555.ca\/#website"},"primaryImageOfPage":{"@id":"https:\/\/inspire555.ca\/fr\/bibliotheque-archives-contexte\/#primaryimage"},"image":{"@id":"https:\/\/inspire555.ca\/fr\/bibliotheque-archives-contexte\/#primaryimage"},"thumbnailUrl":"https:\/\/inspire555.ca\/wp-content\/uploads\/2020\/01\/OPL-Aquaduct.jpg","datePublished":"2020-01-14T19:50:53+00:00","dateModified":"2022-04-07T15:35:57+00:00","description":"En 2016, la Biblioth\u00e8que publique d\u2019Ottawa et Biblioth\u00e8que et Archives Canada (BAC) commencent \u00e0 explorer l\u2019id\u00e9e d\u2019un partenariat in\u00e9dit visant \u00e0 concevoir ensemble un nouvel espace; c\u2019est alors que la vision actuelle d\u2019une installation combin\u00e9e s\u2019\u00e9tendant sur plus de 200\u00a0000\u00a0pieds carr\u00e9s commence \u00e0 prendre forme.","breadcrumb":{"@id":"https:\/\/inspire555.ca\/fr\/bibliotheque-archives-contexte\/#breadcrumb"},"inLanguage":"fr-FR","potentialAction":[{"@type":"ReadAction","target":["https:\/\/inspire555.ca\/fr\/bibliotheque-archives-contexte\/"]}]},{"@type":"ImageObject","inLanguage":"fr-FR","@id":"https:\/\/inspire555.ca\/fr\/bibliotheque-archives-contexte\/#primaryimage","url":"https:\/\/inspire555.ca\/wp-content\/uploads\/2020\/01\/OPL-Aquaduct.jpg","contentUrl":"https:\/\/inspire555.ca\/wp-content\/uploads\/2020\/01\/OPL-Aquaduct.jpg","width":1350,"height":900,"caption":"View of new OPL-LAC Joint Facility from Aquaduct"},{"@type":"BreadcrumbList","@id":"https:\/\/inspire555.ca\/fr\/bibliotheque-archives-contexte\/#breadcrumb","itemListElement":[{"@type":"ListItem","position":1,"name":"Home","item":"https:\/\/inspire555.ca\/fr\/"},{"@type":"ListItem","position":2,"name":"Le contexte"}]},{"@type":"WebSite","@id":"https:\/\/inspire555.ca\/#website","url":"https:\/\/inspire555.ca\/","name":"Installation partag\u00e9e de la Biblioth\u00e8que publique d\u2019Ottawa et de Biblioth\u00e8que et Archives Canada","description":"","potentialAction":[{"@type":"SearchAction","target":{"@type":"EntryPoint","urlTemplate":"https:\/\/inspire555.ca\/?s={search_term_string}"},"query-input":{"@type":"PropertyValueSpecification","valueRequired":true,"valueName":"search_term_string"}}],"inLanguage":"fr-FR"}]}},"_links":{"self":[{"href":"https:\/\/inspire555.ca\/fr\/wp-json\/wp\/v2\/pages\/922"}],"collection":[{"href":"https:\/\/inspire555.ca\/fr\/wp-json\/wp\/v2\/pages"}],"about":[{"href":"https:\/\/inspire555.ca\/fr\/wp-json\/wp\/v2\/types\/page"}],"author":[{"embeddable":true,"href":"https:\/\/inspire555.ca\/fr\/wp-json\/wp\/v2\/users\/1"}],"replies":[{"embeddable":true,"href":"https:\/\/inspire555.ca\/fr\/wp-json\/wp\/v2\/comments?post=922"}],"version-history":[{"count":12,"href":"https:\/\/inspire555.ca\/fr\/wp-json\/wp\/v2\/pages\/922\/revisions"}],"predecessor-version":[{"id":2513,"href":"https:\/\/inspire555.ca\/fr\/wp-json\/wp\/v2\/pages\/922\/revisions\/2513"}],"wp:featuredmedia":[{"embeddable":true,"href":"https:\/\/inspire555.ca\/fr\/wp-json\/wp\/v2\/media\/1591"}],"wp:attachment":[{"href":"https:\/\/inspire555.ca\/fr\/wp-json\/wp\/v2\/media?parent=922"}],"curies":[{"name":"wp","href":"https:\/\/api.w.org\/{rel}","templated":true}]}}