{"id":918,"date":"2019-12-23T12:34:14","date_gmt":"2019-12-23T17:34:14","guid":{"rendered":"http:\/\/inspire555.ca\/library-archives-spaces\/"},"modified":"2023-06-27T14:30:17","modified_gmt":"2023-06-27T18:30:17","slug":"bibliotheque-archives-espaces","status":"publish","type":"page","link":"https:\/\/inspire555.ca\/fr\/bibliotheque-archives-espaces\/","title":{"rendered":"Les espaces"},"content":{"rendered":"<p>Le nouveau b\u00e2timent, qui s\u2019\u00e9tendra sur une superficie de plus de 216 000 pieds carr\u00e9s, sera dot\u00e9 d\u2019espaces communs comme le lieu de rassemblement central, le caf\u00e9-terrasse et de vastes salles de r\u00e9union polyvalentes, ainsi que de locaux consacr\u00e9s aux activit\u00e9s pr\u00e9cises de la Biblioth\u00e8que publique d\u2019Ottawa (BPO) et de Biblioth\u00e8que et Archives Canada (BAC).<\/p>\n<p><a href=\"#spaces-content\">Pour en savoir plus sur \u0100dis\u014dke \u00e0 la pi\u00e8ce et les espaces, le lecteur est invit\u00e9 \u00e0 continuer de lire cette rubrique<\/a>.<\/p>\n","protected":false},"excerpt":{"rendered":"<p>Le nouveau b\u00e2timent, qui s\u2019\u00e9tendra sur une superficie de plus de 216 000 pieds carr\u00e9s, sera dot\u00e9 d\u2019espaces communs comme le lieu de rassemblement central, le caf\u00e9-terrasse et de vastes salles de r\u00e9union polyvalentes, ainsi que de locaux consacr\u00e9s aux activit\u00e9s pr\u00e9cises de la Biblioth\u00e8que publique d\u2019Ottawa (BPO) et de Biblioth\u00e8que et Archives Canada (BAC)&#8230;.<\/p>\n","protected":false},"author":1,"featured_media":0,"parent":0,"menu_order":0,"comment_status":"closed","ping_status":"closed","template":"page-explore-template.php","meta":{"footnotes":""},"acf":[],"yoast_head":"<!-- This site is optimized with the Yoast SEO plugin v24.5 - https:\/\/yoast.com\/wordpress\/plugins\/seo\/ -->\n<title>Les espaces - Installation partag\u00e9e de la Biblioth\u00e8que publique d\u2019Ottawa et de Biblioth\u00e8que et Archives Canada<\/title>\n<meta name=\"description\" content=\"Totalisant 216\u00a0000\u00a0pieds carr\u00e9s, la nouvelle installation comptera des espaces partag\u00e9s, comme le Hall d\u2019entr\u00e9e, le caf\u00e9 et les salles de r\u00e9unions spacieuses et multifonctionnelles\" \/>\n<meta name=\"robots\" content=\"index, follow, max-snippet:-1, max-image-preview:large, max-video-preview:-1\" \/>\n<link rel=\"canonical\" href=\"https:\/\/inspire555.ca\/fr\/bibliotheque-archives-espaces\/\" \/>\n<meta property=\"og:locale\" content=\"fr_FR\" \/>\n<meta property=\"og:type\" content=\"article\" \/>\n<meta property=\"og:title\" content=\"Les espaces - Installation partag\u00e9e de la Biblioth\u00e8que publique d\u2019Ottawa et de Biblioth\u00e8que et Archives Canada\" \/>\n<meta property=\"og:description\" content=\"Totalisant 216\u00a0000\u00a0pieds carr\u00e9s, la nouvelle installation comptera des espaces partag\u00e9s, comme le Hall d\u2019entr\u00e9e, le caf\u00e9 et les salles de r\u00e9unions spacieuses et multifonctionnelles\" \/>\n<meta property=\"og:url\" content=\"https:\/\/inspire555.ca\/fr\/bibliotheque-archives-espaces\/\" \/>\n<meta property=\"og:site_name\" content=\"Installation partag\u00e9e de la Biblioth\u00e8que publique d\u2019Ottawa et de Biblioth\u00e8que et Archives Canada\" \/>\n<meta property=\"article:modified_time\" content=\"2023-06-27T18:30:17+00:00\" \/>\n<meta name=\"twitter:card\" content=\"summary_large_image\" \/>\n<meta name=\"twitter:label1\" content=\"Dur\u00e9e de lecture estim\u00e9e\" \/>\n\t<meta name=\"twitter:data1\" content=\"1 minute\" \/>\n<script type=\"application\/ld+json\" class=\"yoast-schema-graph\">{\"@context\":\"https:\/\/schema.org\",\"@graph\":[{\"@type\":\"WebPage\",\"@id\":\"https:\/\/inspire555.ca\/fr\/bibliotheque-archives-espaces\/\",\"url\":\"https:\/\/inspire555.ca\/fr\/bibliotheque-archives-espaces\/\",\"name\":\"Les espaces - Installation partag\u00e9e de la Biblioth\u00e8que publique d\u2019Ottawa et de Biblioth\u00e8que et Archives Canada\",\"isPartOf\":{\"@id\":\"https:\/\/inspire555.ca\/#website\"},\"datePublished\":\"2019-12-23T17:34:14+00:00\",\"dateModified\":\"2023-06-27T18:30:17+00:00\",\"description\":\"Totalisant 216\u00a0000\u00a0pieds carr\u00e9s, la nouvelle installation comptera des espaces partag\u00e9s, comme le Hall d\u2019entr\u00e9e, le caf\u00e9 et les salles de r\u00e9unions spacieuses et multifonctionnelles\",\"breadcrumb\":{\"@id\":\"https:\/\/inspire555.ca\/fr\/bibliotheque-archives-espaces\/#breadcrumb\"},\"inLanguage\":\"fr-FR\",\"potentialAction\":[{\"@type\":\"ReadAction\",\"target\":[\"https:\/\/inspire555.ca\/fr\/bibliotheque-archives-espaces\/\"]}]},{\"@type\":\"BreadcrumbList\",\"@id\":\"https:\/\/inspire555.ca\/fr\/bibliotheque-archives-espaces\/#breadcrumb\",\"itemListElement\":[{\"@type\":\"ListItem\",\"position\":1,\"name\":\"Home\",\"item\":\"https:\/\/inspire555.ca\/fr\/\"},{\"@type\":\"ListItem\",\"position\":2,\"name\":\"Les espaces\"}]},{\"@type\":\"WebSite\",\"@id\":\"https:\/\/inspire555.ca\/#website\",\"url\":\"https:\/\/inspire555.ca\/\",\"name\":\"Installation partag\u00e9e de la Biblioth\u00e8que publique d\u2019Ottawa et de Biblioth\u00e8que et Archives Canada\",\"description\":\"\",\"potentialAction\":[{\"@type\":\"SearchAction\",\"target\":{\"@type\":\"EntryPoint\",\"urlTemplate\":\"https:\/\/inspire555.ca\/?s={search_term_string}\"},\"query-input\":{\"@type\":\"PropertyValueSpecification\",\"valueRequired\":true,\"valueName\":\"search_term_string\"}}],\"inLanguage\":\"fr-FR\"}]}<\/script>\n<!-- \/ Yoast SEO plugin. -->","yoast_head_json":{"title":"Les espaces - Installation partag\u00e9e de la Biblioth\u00e8que publique d\u2019Ottawa et de Biblioth\u00e8que et Archives Canada","description":"Totalisant 216\u00a0000\u00a0pieds carr\u00e9s, la nouvelle installation comptera des espaces partag\u00e9s, comme le Hall d\u2019entr\u00e9e, le caf\u00e9 et les salles de r\u00e9unions spacieuses et multifonctionnelles","robots":{"index":"index","follow":"follow","max-snippet":"max-snippet:-1","max-image-preview":"max-image-preview:large","max-video-preview":"max-video-preview:-1"},"canonical":"https:\/\/inspire555.ca\/fr\/bibliotheque-archives-espaces\/","og_locale":"fr_FR","og_type":"article","og_title":"Les espaces - Installation partag\u00e9e de la Biblioth\u00e8que publique d\u2019Ottawa et de Biblioth\u00e8que et Archives Canada","og_description":"Totalisant 216\u00a0000\u00a0pieds carr\u00e9s, la nouvelle installation comptera des espaces partag\u00e9s, comme le Hall d\u2019entr\u00e9e, le caf\u00e9 et les salles de r\u00e9unions spacieuses et multifonctionnelles","og_url":"https:\/\/inspire555.ca\/fr\/bibliotheque-archives-espaces\/","og_site_name":"Installation partag\u00e9e de la Biblioth\u00e8que publique d\u2019Ottawa et de Biblioth\u00e8que et Archives Canada","article_modified_time":"2023-06-27T18:30:17+00:00","twitter_card":"summary_large_image","twitter_misc":{"Dur\u00e9e de lecture estim\u00e9e":"1 minute"},"schema":{"@context":"https:\/\/schema.org","@graph":[{"@type":"WebPage","@id":"https:\/\/inspire555.ca\/fr\/bibliotheque-archives-espaces\/","url":"https:\/\/inspire555.ca\/fr\/bibliotheque-archives-espaces\/","name":"Les espaces - Installation partag\u00e9e de la Biblioth\u00e8que publique d\u2019Ottawa et de Biblioth\u00e8que et Archives Canada","isPartOf":{"@id":"https:\/\/inspire555.ca\/#website"},"datePublished":"2019-12-23T17:34:14+00:00","dateModified":"2023-06-27T18:30:17+00:00","description":"Totalisant 216\u00a0000\u00a0pieds carr\u00e9s, la nouvelle installation comptera des espaces partag\u00e9s, comme le Hall d\u2019entr\u00e9e, le caf\u00e9 et les salles de r\u00e9unions spacieuses et multifonctionnelles","breadcrumb":{"@id":"https:\/\/inspire555.ca\/fr\/bibliotheque-archives-espaces\/#breadcrumb"},"inLanguage":"fr-FR","potentialAction":[{"@type":"ReadAction","target":["https:\/\/inspire555.ca\/fr\/bibliotheque-archives-espaces\/"]}]},{"@type":"BreadcrumbList","@id":"https:\/\/inspire555.ca\/fr\/bibliotheque-archives-espaces\/#breadcrumb","itemListElement":[{"@type":"ListItem","position":1,"name":"Home","item":"https:\/\/inspire555.ca\/fr\/"},{"@type":"ListItem","position":2,"name":"Les espaces"}]},{"@type":"WebSite","@id":"https:\/\/inspire555.ca\/#website","url":"https:\/\/inspire555.ca\/","name":"Installation partag\u00e9e de la Biblioth\u00e8que publique d\u2019Ottawa et de Biblioth\u00e8que et Archives Canada","description":"","potentialAction":[{"@type":"SearchAction","target":{"@type":"EntryPoint","urlTemplate":"https:\/\/inspire555.ca\/?s={search_term_string}"},"query-input":{"@type":"PropertyValueSpecification","valueRequired":true,"valueName":"search_term_string"}}],"inLanguage":"fr-FR"}]}},"_links":{"self":[{"href":"https:\/\/inspire555.ca\/fr\/wp-json\/wp\/v2\/pages\/918"}],"collection":[{"href":"https:\/\/inspire555.ca\/fr\/wp-json\/wp\/v2\/pages"}],"about":[{"href":"https:\/\/inspire555.ca\/fr\/wp-json\/wp\/v2\/types\/page"}],"author":[{"embeddable":true,"href":"https:\/\/inspire555.ca\/fr\/wp-json\/wp\/v2\/users\/1"}],"replies":[{"embeddable":true,"href":"https:\/\/inspire555.ca\/fr\/wp-json\/wp\/v2\/comments?post=918"}],"version-history":[{"count":34,"href":"https:\/\/inspire555.ca\/fr\/wp-json\/wp\/v2\/pages\/918\/revisions"}],"predecessor-version":[{"id":2798,"href":"https:\/\/inspire555.ca\/fr\/wp-json\/wp\/v2\/pages\/918\/revisions\/2798"}],"wp:attachment":[{"href":"https:\/\/inspire555.ca\/fr\/wp-json\/wp\/v2\/media?parent=918"}],"curies":[{"name":"wp","href":"https:\/\/api.w.org\/{rel}","templated":true}]}}