{"id":915,"date":"2020-01-16T11:26:40","date_gmt":"2020-01-16T16:26:40","guid":{"rendered":"http:\/\/inspire555.ca\/library-archives-building\/"},"modified":"2021-11-17T09:41:48","modified_gmt":"2021-11-17T14:41:48","slug":"bibliotheque-archives-installation","status":"publish","type":"page","link":"https:\/\/inspire555.ca\/fr\/bibliotheque-archives-installation\/","title":{"rendered":"\u00c0 propos"},"content":{"rendered":"<p>\u0100dis\u014dke, l\u2019installation partag\u00e9e de la Biblioth\u00e8que publique d&rsquo;Ottawa et de Biblioth\u00e8que et Archives Canada, qui devrait ouvrir ses portes en 2026 deviendra une destination phare fond\u00e9e sur les valeurs communes aux \u00e9tablissements partenaires. L\u2019installation offrira une riche exp\u00e9rience dans le cadre des services publics, des expositions et des \u00e9v\u00e9nements de la biblioth\u00e8que centrale de la Biblioth\u00e8que publique d\u2019Ottawa et de Biblioth\u00e8que et Archives Canada pour mettre en vitrine le patrimoine canadien et la culture. Les programmes et les services conjoints feront de cette installation un \u00e9tablissement absolument exceptionnel au Canada. Il s\u2019agira d\u2019une installation moderne et embl\u00e9matique, qui s\u2019adaptera \u00e0 l\u2019\u00e9volution fulgurante de la technologie, \u00e0 la multiplication des attentes des clients et \u00e0 l\u2019\u00e9volution d\u00e9mographique.<\/p>\n<p>La conception architecturale est le fruit d\u2019un processus public exceptionnel de conception en collaboration, dans le cadre duquel les r\u00e9sidents, les Autochtones et les Canadiens et Canadiennes d\u2019un oc\u00e9an \u00e0 l\u2019autre \u00e9taient invit\u00e9s \u00e0 devenir des sources d\u2019inspiration. Ce processus de participation collaborative a inspir\u00e9 tous les aspects de l\u2019installation, \u00e0 l\u2019int\u00e9rieur comme \u00e0 l\u2019ext\u00e9rieur.<\/p>\n<p>Le processus de co-conception offrait l\u2019occasion de cr\u00e9er un b\u00e2timent accessible, inclusif, accueillant et ouvert \u00e0 tous les membres de notre collectivit\u00e9, pour permettre aux partenaires de r\u00e9aliser l\u2019objectif d\u2019am\u00e9nager l\u2019un des b\u00e2timents les plus accessibles dans la r\u00e9gion de la capitale nationale.<\/p>\n<p>D\u2019importantes am\u00e9liorations seront r\u00e9alis\u00e9es dans l\u2019installation partag\u00e9e pour atteindre la carboneutralit\u00e9. Le gouvernement f\u00e9d\u00e9ral investit dans ce b\u00e2timent embl\u00e9matique pour r\u00e9duire \u00e0 z\u00e9ro les \u00e9missions nettes.<\/p>\n<p>L\u2019installation sera am\u00e9nag\u00e9e comme suit :<\/p>\n<p><strong>Espaces partag\u00e9s<\/strong><\/p>\n<ul>\n<li>Terrasse ext\u00e9rieure et amphith\u00e9\u00e2tre<\/li>\n<li>Locaux pour les programmes, activit\u00e9s et rassemblements<\/li>\n<li>Entr\u00e9e principale et lieu de rassemblement central, avec caf\u00e9-terrasse et boutique de cadeaux<\/li>\n<li>Salle polyvalente<\/li>\n<li>Galerie d\u2019exposition pour les collections rares et les expositions itin\u00e9rantes et communautaires<\/li>\n<li>Salle autochtone (inspir\u00e9e d\u2019un wigwam)<\/li>\n<li>Centre de g\u00e9n\u00e9alogie<\/li>\n<li>Services du b\u00e2timent et r\u00e9serves<\/li>\n<\/ul>\n<p><strong>Locaux de la Biblioth\u00e8que publique d\u2019Ottawa<\/strong><\/p>\n<ul>\n<li>Entr\u00e9e et guichets libre-service<\/li>\n<li>Services communautaires et services aux Autochtones<\/li>\n<li>Centre de d\u00e9couverte pour les enfants<\/li>\n<li>Centre cr\u00e9atif<\/li>\n<li>Centre des adolescents<\/li>\n<li>Section des romans et des ouvrages documentaires pour les adultes<\/li>\n<li>Centre Vivre \u00e0 Ottawa\u00a0: l\u2019histoire de la collectivit\u00e9 hier, aujourd\u2019hui et demain<\/li>\n<li>Centre de coordination des services<\/li>\n<li>Services et op\u00e9rations institutionnels<\/li>\n<\/ul>\n<p><strong>Locaux de Biblioth\u00e8que et Archives Canada<\/strong><\/p>\n<ul>\n<li>Entr\u00e9e et aire d\u2019orientation<\/li>\n<li>Galerie des tr\u00e9sors<\/li>\n<li>Salle de consultation<\/li>\n<li>Salle de r\u00e9f\u00e9rence<\/li>\n<li>Salle de lecture<\/li>\n<li>Salle de la collection Lowy<\/li>\n<li>Laboratoire de pr\u00e9servation<\/li>\n<\/ul>\n","protected":false},"excerpt":{"rendered":"<p>\u0100dis\u014dke, l\u2019installation partag\u00e9e de la Biblioth\u00e8que publique d&rsquo;Ottawa et de Biblioth\u00e8que et Archives Canada, qui devrait ouvrir ses portes en 2026 deviendra une destination phare fond\u00e9e sur les valeurs communes aux \u00e9tablissements partenaires. L\u2019installation offrira une riche exp\u00e9rience dans le cadre des services publics, des expositions et des \u00e9v\u00e9nements de la biblioth\u00e8que centrale de la&#8230;<\/p>\n","protected":false},"author":1,"featured_media":1522,"parent":0,"menu_order":0,"comment_status":"closed","ping_status":"closed","template":"page-basic-template.php","meta":{"footnotes":""},"acf":[],"yoast_head":"<!-- This site is optimized with the Yoast SEO plugin v24.5 - https:\/\/yoast.com\/wordpress\/plugins\/seo\/ -->\n<title>\u00c0 propos - Installation partag\u00e9e de la Biblioth\u00e8que publique d\u2019Ottawa et de Biblioth\u00e8que et Archives Canada<\/title>\n<meta name=\"description\" content=\"La Biblioth\u00e8que centrale de la Biblioth\u00e8que publique d\u2019Ottawa vous r\u00e9serve une exp\u00e9rience riche et Biblioth\u00e8que et Archives Canada, des services, expositions et \u00e9v\u00e9nements publics mettant en vedette le patrimoine canadien.\" \/>\n<meta name=\"robots\" content=\"index, follow, max-snippet:-1, max-image-preview:large, max-video-preview:-1\" \/>\n<link rel=\"canonical\" href=\"https:\/\/inspire555.ca\/fr\/bibliotheque-archives-installation\/\" \/>\n<meta property=\"og:locale\" content=\"fr_FR\" \/>\n<meta property=\"og:type\" content=\"article\" \/>\n<meta property=\"og:title\" content=\"\u00c0 propos - Installation partag\u00e9e de la Biblioth\u00e8que publique d\u2019Ottawa et de Biblioth\u00e8que et Archives Canada\" \/>\n<meta property=\"og:description\" content=\"La Biblioth\u00e8que centrale de la Biblioth\u00e8que publique d\u2019Ottawa vous r\u00e9serve une exp\u00e9rience riche et Biblioth\u00e8que et Archives Canada, des services, expositions et \u00e9v\u00e9nements publics mettant en vedette le patrimoine canadien.\" \/>\n<meta property=\"og:url\" content=\"https:\/\/inspire555.ca\/fr\/bibliotheque-archives-installation\/\" \/>\n<meta property=\"og:site_name\" content=\"Installation partag\u00e9e de la Biblioth\u00e8que publique d\u2019Ottawa et de Biblioth\u00e8que et Archives Canada\" \/>\n<meta property=\"article:modified_time\" content=\"2021-11-17T14:41:48+00:00\" \/>\n<meta property=\"og:image\" content=\"https:\/\/inspire555.ca\/wp-content\/uploads\/2020\/01\/VCAM-C_Albert-East.jpg\" \/>\n\t<meta property=\"og:image:width\" content=\"1600\" \/>\n\t<meta property=\"og:image:height\" content=\"900\" \/>\n\t<meta property=\"og:image:type\" content=\"image\/jpeg\" \/>\n<meta name=\"twitter:card\" content=\"summary_large_image\" \/>\n<meta name=\"twitter:label1\" content=\"Dur\u00e9e de lecture estim\u00e9e\" \/>\n\t<meta name=\"twitter:data1\" content=\"2 minutes\" \/>\n<script type=\"application\/ld+json\" class=\"yoast-schema-graph\">{\"@context\":\"https:\/\/schema.org\",\"@graph\":[{\"@type\":\"WebPage\",\"@id\":\"https:\/\/inspire555.ca\/fr\/bibliotheque-archives-installation\/\",\"url\":\"https:\/\/inspire555.ca\/fr\/bibliotheque-archives-installation\/\",\"name\":\"\u00c0 propos - Installation partag\u00e9e de la Biblioth\u00e8que publique d\u2019Ottawa et de Biblioth\u00e8que et Archives Canada\",\"isPartOf\":{\"@id\":\"https:\/\/inspire555.ca\/#website\"},\"primaryImageOfPage\":{\"@id\":\"https:\/\/inspire555.ca\/fr\/bibliotheque-archives-installation\/#primaryimage\"},\"image\":{\"@id\":\"https:\/\/inspire555.ca\/fr\/bibliotheque-archives-installation\/#primaryimage\"},\"thumbnailUrl\":\"https:\/\/inspire555.ca\/wp-content\/uploads\/2020\/01\/VCAM-C_Albert-East.jpg\",\"datePublished\":\"2020-01-16T16:26:40+00:00\",\"dateModified\":\"2021-11-17T14:41:48+00:00\",\"description\":\"La Biblioth\u00e8que centrale de la Biblioth\u00e8que publique d\u2019Ottawa vous r\u00e9serve une exp\u00e9rience riche et Biblioth\u00e8que et Archives Canada, des services, expositions et \u00e9v\u00e9nements publics mettant en vedette le patrimoine canadien.\",\"breadcrumb\":{\"@id\":\"https:\/\/inspire555.ca\/fr\/bibliotheque-archives-installation\/#breadcrumb\"},\"inLanguage\":\"fr-FR\",\"potentialAction\":[{\"@type\":\"ReadAction\",\"target\":[\"https:\/\/inspire555.ca\/fr\/bibliotheque-archives-installation\/\"]}]},{\"@type\":\"ImageObject\",\"inLanguage\":\"fr-FR\",\"@id\":\"https:\/\/inspire555.ca\/fr\/bibliotheque-archives-installation\/#primaryimage\",\"url\":\"https:\/\/inspire555.ca\/wp-content\/uploads\/2020\/01\/VCAM-C_Albert-East.jpg\",\"contentUrl\":\"https:\/\/inspire555.ca\/wp-content\/uploads\/2020\/01\/VCAM-C_Albert-East.jpg\",\"width\":1600,\"height\":900,\"caption\":\"View of new buildling from Albert St.\"},{\"@type\":\"BreadcrumbList\",\"@id\":\"https:\/\/inspire555.ca\/fr\/bibliotheque-archives-installation\/#breadcrumb\",\"itemListElement\":[{\"@type\":\"ListItem\",\"position\":1,\"name\":\"Home\",\"item\":\"https:\/\/inspire555.ca\/fr\/\"},{\"@type\":\"ListItem\",\"position\":2,\"name\":\"\u00c0 propos\"}]},{\"@type\":\"WebSite\",\"@id\":\"https:\/\/inspire555.ca\/#website\",\"url\":\"https:\/\/inspire555.ca\/\",\"name\":\"Installation partag\u00e9e de la Biblioth\u00e8que publique d\u2019Ottawa et de Biblioth\u00e8que et Archives Canada\",\"description\":\"\",\"potentialAction\":[{\"@type\":\"SearchAction\",\"target\":{\"@type\":\"EntryPoint\",\"urlTemplate\":\"https:\/\/inspire555.ca\/?s={search_term_string}\"},\"query-input\":{\"@type\":\"PropertyValueSpecification\",\"valueRequired\":true,\"valueName\":\"search_term_string\"}}],\"inLanguage\":\"fr-FR\"}]}<\/script>\n<!-- \/ Yoast SEO plugin. -->","yoast_head_json":{"title":"\u00c0 propos - Installation partag\u00e9e de la Biblioth\u00e8que publique d\u2019Ottawa et de Biblioth\u00e8que et Archives Canada","description":"La Biblioth\u00e8que centrale de la Biblioth\u00e8que publique d\u2019Ottawa vous r\u00e9serve une exp\u00e9rience riche et Biblioth\u00e8que et Archives Canada, des services, expositions et \u00e9v\u00e9nements publics mettant en vedette le patrimoine canadien.","robots":{"index":"index","follow":"follow","max-snippet":"max-snippet:-1","max-image-preview":"max-image-preview:large","max-video-preview":"max-video-preview:-1"},"canonical":"https:\/\/inspire555.ca\/fr\/bibliotheque-archives-installation\/","og_locale":"fr_FR","og_type":"article","og_title":"\u00c0 propos - Installation partag\u00e9e de la Biblioth\u00e8que publique d\u2019Ottawa et de Biblioth\u00e8que et Archives Canada","og_description":"La Biblioth\u00e8que centrale de la Biblioth\u00e8que publique d\u2019Ottawa vous r\u00e9serve une exp\u00e9rience riche et Biblioth\u00e8que et Archives Canada, des services, expositions et \u00e9v\u00e9nements publics mettant en vedette le patrimoine canadien.","og_url":"https:\/\/inspire555.ca\/fr\/bibliotheque-archives-installation\/","og_site_name":"Installation partag\u00e9e de la Biblioth\u00e8que publique d\u2019Ottawa et de Biblioth\u00e8que et Archives Canada","article_modified_time":"2021-11-17T14:41:48+00:00","og_image":[{"width":1600,"height":900,"url":"https:\/\/inspire555.ca\/wp-content\/uploads\/2020\/01\/VCAM-C_Albert-East.jpg","type":"image\/jpeg"}],"twitter_card":"summary_large_image","twitter_misc":{"Dur\u00e9e de lecture estim\u00e9e":"2 minutes"},"schema":{"@context":"https:\/\/schema.org","@graph":[{"@type":"WebPage","@id":"https:\/\/inspire555.ca\/fr\/bibliotheque-archives-installation\/","url":"https:\/\/inspire555.ca\/fr\/bibliotheque-archives-installation\/","name":"\u00c0 propos - Installation partag\u00e9e de la Biblioth\u00e8que publique d\u2019Ottawa et de Biblioth\u00e8que et Archives Canada","isPartOf":{"@id":"https:\/\/inspire555.ca\/#website"},"primaryImageOfPage":{"@id":"https:\/\/inspire555.ca\/fr\/bibliotheque-archives-installation\/#primaryimage"},"image":{"@id":"https:\/\/inspire555.ca\/fr\/bibliotheque-archives-installation\/#primaryimage"},"thumbnailUrl":"https:\/\/inspire555.ca\/wp-content\/uploads\/2020\/01\/VCAM-C_Albert-East.jpg","datePublished":"2020-01-16T16:26:40+00:00","dateModified":"2021-11-17T14:41:48+00:00","description":"La Biblioth\u00e8que centrale de la Biblioth\u00e8que publique d\u2019Ottawa vous r\u00e9serve une exp\u00e9rience riche et Biblioth\u00e8que et Archives Canada, des services, expositions et \u00e9v\u00e9nements publics mettant en vedette le patrimoine canadien.","breadcrumb":{"@id":"https:\/\/inspire555.ca\/fr\/bibliotheque-archives-installation\/#breadcrumb"},"inLanguage":"fr-FR","potentialAction":[{"@type":"ReadAction","target":["https:\/\/inspire555.ca\/fr\/bibliotheque-archives-installation\/"]}]},{"@type":"ImageObject","inLanguage":"fr-FR","@id":"https:\/\/inspire555.ca\/fr\/bibliotheque-archives-installation\/#primaryimage","url":"https:\/\/inspire555.ca\/wp-content\/uploads\/2020\/01\/VCAM-C_Albert-East.jpg","contentUrl":"https:\/\/inspire555.ca\/wp-content\/uploads\/2020\/01\/VCAM-C_Albert-East.jpg","width":1600,"height":900,"caption":"View of new buildling from Albert St."},{"@type":"BreadcrumbList","@id":"https:\/\/inspire555.ca\/fr\/bibliotheque-archives-installation\/#breadcrumb","itemListElement":[{"@type":"ListItem","position":1,"name":"Home","item":"https:\/\/inspire555.ca\/fr\/"},{"@type":"ListItem","position":2,"name":"\u00c0 propos"}]},{"@type":"WebSite","@id":"https:\/\/inspire555.ca\/#website","url":"https:\/\/inspire555.ca\/","name":"Installation partag\u00e9e de la Biblioth\u00e8que publique d\u2019Ottawa et de Biblioth\u00e8que et Archives Canada","description":"","potentialAction":[{"@type":"SearchAction","target":{"@type":"EntryPoint","urlTemplate":"https:\/\/inspire555.ca\/?s={search_term_string}"},"query-input":{"@type":"PropertyValueSpecification","valueRequired":true,"valueName":"search_term_string"}}],"inLanguage":"fr-FR"}]}},"_links":{"self":[{"href":"https:\/\/inspire555.ca\/fr\/wp-json\/wp\/v2\/pages\/915"}],"collection":[{"href":"https:\/\/inspire555.ca\/fr\/wp-json\/wp\/v2\/pages"}],"about":[{"href":"https:\/\/inspire555.ca\/fr\/wp-json\/wp\/v2\/types\/page"}],"author":[{"embeddable":true,"href":"https:\/\/inspire555.ca\/fr\/wp-json\/wp\/v2\/users\/1"}],"replies":[{"embeddable":true,"href":"https:\/\/inspire555.ca\/fr\/wp-json\/wp\/v2\/comments?post=915"}],"version-history":[{"count":9,"href":"https:\/\/inspire555.ca\/fr\/wp-json\/wp\/v2\/pages\/915\/revisions"}],"predecessor-version":[{"id":2390,"href":"https:\/\/inspire555.ca\/fr\/wp-json\/wp\/v2\/pages\/915\/revisions\/2390"}],"wp:featuredmedia":[{"embeddable":true,"href":"https:\/\/inspire555.ca\/fr\/wp-json\/wp\/v2\/media\/1522"}],"wp:attachment":[{"href":"https:\/\/inspire555.ca\/fr\/wp-json\/wp\/v2\/media?parent=915"}],"curies":[{"name":"wp","href":"https:\/\/api.w.org\/{rel}","templated":true}]}}