{"id":837,"date":"2020-01-13T11:15:21","date_gmt":"2020-01-13T16:15:21","guid":{"rendered":"http:\/\/inspire555.ca\/library-archives-news\/"},"modified":"2021-05-10T11:03:48","modified_gmt":"2021-05-10T15:03:48","slug":"bibliotheque-archives-nouvelles","status":"publish","type":"page","link":"https:\/\/inspire555.ca\/fr\/bibliotheque-archives-nouvelles\/","title":{"rendered":"Les derni\u00e8res nouvelles"},"content":{"rendered":"<div class=\"search-filter blog-search-filter\">\n<form autocomplete=\"off\" name=\"wpv-filter-1150\" action=\"\/fr\/wp-json\/wp\/v2\/pages\/837?wpv_view_count=1150\" method=\"get\" class=\"wpv-filter-form js-wpv-filter-form js-wpv-filter-form-1150 js-wpv-form-full js-wpv-ajax-results-submit-enabled\" data-viewnumber=\"1150\" data-viewid=\"1150\" data-viewhash=\"eyJuYW1lIjoibmV3cy11cGRhdGVzLXNlYXJjaC1maWx0ZXIifQ==\" data-viewwidgetid=\"0\" data-orderby=\"\" data-order=\"\" data-orderbyas=\"\" data-orderbysecond=\"\" data-ordersecond=\"\" data-parametric=\"{&quot;query&quot;:&quot;normal&quot;,&quot;id&quot;:1150,&quot;view_id&quot;:1150,&quot;widget_id&quot;:0,&quot;view_hash&quot;:&quot;1150&quot;,&quot;action&quot;:&quot;\\\/fr\\\/wp-json\\\/wp\\\/v2\\\/pages\\\/837?wpv_view_count=1150&quot;,&quot;sort&quot;:{&quot;orderby&quot;:&quot;&quot;,&quot;order&quot;:&quot;&quot;,&quot;orderby_as&quot;:&quot;&quot;,&quot;orderby_second&quot;:&quot;&quot;,&quot;order_second&quot;:&quot;&quot;},&quot;orderby&quot;:&quot;&quot;,&quot;order&quot;:&quot;&quot;,&quot;orderby_as&quot;:&quot;&quot;,&quot;orderby_second&quot;:&quot;&quot;,&quot;order_second&quot;:&quot;&quot;,&quot;ajax_form&quot;:&quot;&quot;,&quot;ajax_results&quot;:&quot;&quot;,&quot;effect&quot;:&quot;fade&quot;,&quot;prebefore&quot;:&quot;&quot;,&quot;before&quot;:&quot;&quot;,&quot;after&quot;:&quot;&quot;,&quot;attributes&quot;:[],&quot;environment&quot;:{&quot;current_post_id&quot;:837,&quot;parent_post_id&quot;:837,&quot;parent_term_id&quot;:0,&quot;parent_user_id&quot;:0,&quot;archive&quot;:{&quot;type&quot;:&quot;&quot;,&quot;name&quot;:&quot;&quot;,&quot;data&quot;:[]}},&quot;loop&quot;:{&quot;type&quot;:&quot;&quot;,&quot;name&quot;:&quot;&quot;,&quot;data&quot;:[],&quot;id&quot;:0}}\" data-attributes=\"[]\" data-environment=\"{&quot;current_post_id&quot;:837,&quot;parent_post_id&quot;:837,&quot;parent_term_id&quot;:0,&quot;parent_user_id&quot;:0,&quot;archive&quot;:{&quot;type&quot;:&quot;&quot;,&quot;name&quot;:&quot;&quot;,&quot;data&quot;:[]}}\"><input type=\"hidden\" class=\"js-wpv-dps-filter-data js-wpv-filter-data-for-this-form\" data-action=\"\/fr\/wp-json\/wp\/v2\/pages\/837?wpv_view_count=1150\" data-page=\"1\" data-ajax=\"disable\" data-effect=\"fade\" data-maxpages=\"11\" data-ajaxprebefore=\"\" data-ajaxbefore=\"\" data-ajaxafter=\"\" \/><input class=\"wpv_view_count wpv_view_count-1150\" type=\"hidden\" name=\"wpv_view_count\" value=\"1150\" \/>\n\n<div class=\"search-filter-search-input-button\">\n<div class=\"search-filter-row cf\">\n<div class=\"search-filter-col search-filter-button\"><input type=\"submit\" class=\"wpv-submit-trigger js-wpv-submit-trigger\" name=\"wpv_filter_submit\" value=\"Recherche\" \/><\/div>\n<div class=\"search-filter-col search-filter-input\"><label class=\"search-filter-heading\" for=\"wpv-post-search\">Recherche<\/label><input type=\"text\" name=\"wpv_post_search\"  class=\"js-wpv-filter-trigger-delayed\" placeholder=\"Que cherchez-vous?\" \/>\n<\/div><!--end of search-filter-input-->\n<\/div><!--end of search-filter-row-->\n<\/div><!--end of search-filter-search-input-button-->\n<input type=\"checkbox\" class=\"advanced-search\" aria-checked=\"false\" id=\"filter-toggle\" name=\"advance-search-checkbox\" value=\"yes\"><label class=\"advanced-search-label\" for=\"filter-toggle\">Recherche avanc\u00e9e<\/label>\n<div class=\"hidden-info\">\n<div class=\"search-filter-row checkbox-filter-container\">\n<h3 class=\"search-filter-heading\">Filtres de recherche<\/h3>\n<div class=\"checkbox-filter cf\">\n<div class=\"form-group form-group-year-cat\"><label class=\"filter-label-heading\" for=\"wpv-news-year\">Par ann\u00e9e<\/label><div class=\"checkbox\"><label for=\"news-year-2023-2\"><input type=\"checkbox\" id=\"news-year-2023-2\" class=\"js-wpv-filter-trigger\" name=\"wpv-news-year[]\" value=\"2023-2\" \/>2023<\/label><\/div><div class=\"checkbox\"><label for=\"news-year-2022-fr\"><input type=\"checkbox\" id=\"news-year-2022-fr\" class=\"js-wpv-filter-trigger\" name=\"wpv-news-year[]\" value=\"2022-fr\" \/>2022<\/label><\/div><div class=\"checkbox\"><label for=\"news-year-2021-2\"><input type=\"checkbox\" id=\"news-year-2021-2\" class=\"js-wpv-filter-trigger\" name=\"wpv-news-year[]\" value=\"2021-2\" \/>2021<\/label><\/div><div class=\"checkbox\"><label for=\"news-year-2022-2021-2\"><input type=\"checkbox\" id=\"news-year-2022-2021-2\" class=\"js-wpv-filter-trigger\" name=\"wpv-news-year[]\" value=\"2022-2021-2\" \/>2022<\/label><\/div><div class=\"checkbox\"><label for=\"news-year-2020-fr\"><input type=\"checkbox\" id=\"news-year-2020-fr\" class=\"js-wpv-filter-trigger\" name=\"wpv-news-year[]\" value=\"2020-fr\" \/>2020<\/label><\/div><div class=\"checkbox\"><label for=\"news-year-2019-fr\"><input type=\"checkbox\" id=\"news-year-2019-fr\" class=\"js-wpv-filter-trigger\" name=\"wpv-news-year[]\" value=\"2019-fr\" \/>2019<\/label><\/div><div class=\"checkbox\"><label for=\"news-year-2018-fr\"><input type=\"checkbox\" id=\"news-year-2018-fr\" class=\"js-wpv-filter-trigger\" name=\"wpv-news-year[]\" value=\"2018-fr\" \/>2018<\/label><\/div><div class=\"checkbox\"><label for=\"news-year-2017-fr\"><input type=\"checkbox\" id=\"news-year-2017-fr\" class=\"js-wpv-filter-trigger\" name=\"wpv-news-year[]\" value=\"2017-fr\" \/>2017<\/label><\/div><div class=\"checkbox\"><label for=\"news-year-2016-fr\"><input type=\"checkbox\" id=\"news-year-2016-fr\" class=\"js-wpv-filter-trigger\" name=\"wpv-news-year[]\" value=\"2016-fr\" \/>2016<\/label><\/div><\/div><!--end of  form-group-year-cat-->\n<div class=\"form-group form-group-news-cat\"><label class=\"filter-label-heading\" for=\"wpv-news-category\">Par cat\u00e9gorie<\/label><div class=\"checkbox-container cf\"><div class=\"checkbox\"><label for=\"news-category-art-public\"><input type=\"checkbox\" id=\"news-category-art-public\" class=\"js-wpv-filter-trigger\" name=\"wpv-news-category[]\" value=\"art-public\" \/>Art public<\/label><\/div><div class=\"checkbox\"><label for=\"news-category-ateliers\"><input type=\"checkbox\" id=\"news-category-ateliers\" class=\"js-wpv-filter-trigger\" name=\"wpv-news-category[]\" value=\"ateliers\" \/>Ateliers<\/label><\/div><div class=\"checkbox\"><label for=\"news-category-bulletin-dinformation\"><input type=\"checkbox\" id=\"news-category-bulletin-dinformation\" class=\"js-wpv-filter-trigger\" name=\"wpv-news-category[]\" value=\"bulletin-dinformation\" \/>Bulletin d'information<\/label><\/div><div class=\"checkbox\"><label for=\"news-category-bulletin-de-nouvelles\"><input type=\"checkbox\" id=\"news-category-bulletin-de-nouvelles\" class=\"js-wpv-filter-trigger\" name=\"wpv-news-category[]\" value=\"bulletin-de-nouvelles\" \/>Bulletin de nouvelles<\/label><\/div><div class=\"checkbox\"><label for=\"news-category-conception\"><input type=\"checkbox\" id=\"news-category-conception\" class=\"js-wpv-filter-trigger\" name=\"wpv-news-category[]\" value=\"conception\" \/>Conception<\/label><\/div><div class=\"checkbox\"><label for=\"news-category-construction-fr\"><input type=\"checkbox\" id=\"news-category-construction-fr\" class=\"js-wpv-filter-trigger\" name=\"wpv-news-category[]\" value=\"construction-fr\" \/>Construction<\/label><\/div><div class=\"checkbox\"><label for=\"news-category-durabilite\"><input type=\"checkbox\" id=\"news-category-durabilite\" class=\"js-wpv-filter-trigger\" name=\"wpv-news-category[]\" value=\"durabilite\" \/>Durabilit\u00e9<\/label><\/div><div class=\"checkbox\"><label for=\"news-category-espaces\"><input type=\"checkbox\" id=\"news-category-espaces\" class=\"js-wpv-filter-trigger\" name=\"wpv-news-category[]\" value=\"espaces\" \/>Espaces<\/label><\/div><div class=\"checkbox\"><label for=\"news-category-grandes-etapes\"><input type=\"checkbox\" id=\"news-category-grandes-etapes\" class=\"js-wpv-filter-trigger\" name=\"wpv-news-category[]\" value=\"grandes-etapes\" \/>Grandes \u00e9tapes<\/label><\/div><div class=\"checkbox\"><label for=\"news-category-message-dinteret-public\"><input type=\"checkbox\" id=\"news-category-message-dinteret-public\" class=\"js-wpv-filter-trigger\" name=\"wpv-news-category[]\" value=\"message-dinteret-public\" \/>Message d\u2019int\u00e9r\u00eat public<\/label><\/div><div class=\"checkbox\"><label for=\"news-category-participation\"><input type=\"checkbox\" id=\"news-category-participation\" class=\"js-wpv-filter-trigger\" name=\"wpv-news-category[]\" value=\"participation\" \/>Participation<\/label><\/div><div class=\"checkbox\"><label for=\"news-category-peuples-autochtones\"><input type=\"checkbox\" id=\"news-category-peuples-autochtones\" class=\"js-wpv-filter-trigger\" name=\"wpv-news-category[]\" value=\"peuples-autochtones\" \/>Peuples autochtones<\/label><\/div><\/div>\n<\/div><!--end of form-group-news-cat-->\n       <\/div><!--end of checkbox-filter-->\n    <\/div><!--end of checkbox-filter-container-->\n<\/div><!--end of hidden-info-->\n  \n<\/form>\n<\/div>\n<div id=\"wpv-view-layout-1150\" class=\"js-wpv-view-layout js-wpv-layout-responsive js-wpv-view-layout-1150 wpv-pagination js-wpv-layout-has-pagination js-wpv-layout-infinite-scrolling wpv-pagination-preload-images js-wpv-layout-preload-images wpv-pagination-preload-pages js-wpv-layout-preload-pages\" style=\"visibility:hidden;\" data-viewnumber=\"1150\" data-pagination=\"{&quot;id&quot;:1150,&quot;query&quot;:&quot;normal&quot;,&quot;type&quot;:&quot;ajaxed&quot;,&quot;effect&quot;:&quot;infinite&quot;,&quot;duration&quot;:500,&quot;speed&quot;:5,&quot;pause_on_hover&quot;:&quot;disabled&quot;,&quot;stop_rollover&quot;:&quot;false&quot;,&quot;cache_pages&quot;:&quot;enabled&quot;,&quot;preload_images&quot;:&quot;enabled&quot;,&quot;preload_pages&quot;:&quot;enabled&quot;,&quot;preload_reach&quot;:1,&quot;spinner&quot;:&quot;disabled&quot;,&quot;spinner_image&quot;:&quot;https:\/\/inspire555.ca\/wp-content\/plugins\/wp-views\/embedded\/res\/img\/ajax-loader3.svg&quot;,&quot;callback_next&quot;:&quot;&quot;,&quot;manage_history&quot;:&quot;enabled&quot;,&quot;has_controls_in_form&quot;:&quot;disabled&quot;,&quot;infinite_tolerance&quot;:0,&quot;max_pages&quot;:11,&quot;page&quot;:1,&quot;base_permalink&quot;:&quot;\/fr\/wp-json\/wp\/v2\/pages\/837?wpv_view_count=1150&amp;wpv_paged=WPV_PAGE_NUM&quot;,&quot;loop&quot;:{&quot;type&quot;:&quot;&quot;,&quot;name&quot;:&quot;&quot;,&quot;data&quot;:[],&quot;id&quot;:0}}\" data-permalink=\"\/fr\/wp-json\/wp\/v2\/pages\/837?wpv_view_count=1150\">\n\n<div id=\"newsView\" class=\"view_wrapper view_wrapper_newsPost cf\">\n\t\n\t\n\t<!-- WPV_Infinite_Scroll --><!-- WPV_Infinite_Scroll_Insert -->\n\t\t<div class=\"postItem postItem_2872\"><a class=\"postItem_link\" href=\"https:\/\/inspire555.ca\/fr\/updates\/surveillez-cette-page\/\" title=\"Read more on Surveillez cette page !\"><div class=\"postItem_featuredImage hasBgimage\" style=\"background-image:url('https:\/\/inspire555.ca\/wp-content\/uploads\/2021\/05\/Interior_Atrium-1-600x600.jpg');\"><\/div><div class=\"entry-header\"><div class=\"post-meta\"><p class=\"post-date\">10 octobre 2023<\/p><\/div><h3 class=\"entry-title\">Surveillez cette page !<\/h3><\/div><div class=\"entry-link\">Lire la suite<span class=\"screen-reader-text\"> Surveillez cette page !<\/span><\/div><\/a><\/div>\n\t\n\t\t<div class=\"postItem postItem_2860\"><a class=\"postItem_link\" href=\"https:\/\/inspire555.ca\/fr\/updates\/mise-a-jour-de-lete-pour-adisoke-2\/\" title=\"Read more on Mise \u00e0 jour de l&rsquo;\u00e9t\u00e9 pour \u0100dis\u014dke\"><div class=\"postItem_featuredImage hasBgimage\" style=\"background-image:url('https:\/\/inspire555.ca\/wp-content\/uploads\/2021\/05\/southsidesummer-600x600.jpg');\"><\/div><div class=\"entry-header\"><div class=\"post-meta\"><p class=\"post-date\">03 octobre 2023<\/p><\/div><h3 class=\"entry-title\">Mise \u00e0 jour de l&rsquo;\u00e9t\u00e9 pour \u0100dis\u014dke<\/h3><\/div><div class=\"entry-link\">Lire la suite<span class=\"screen-reader-text\"> Mise \u00e0 jour de l&rsquo;\u00e9t\u00e9 pour \u0100dis\u014dke<\/span><\/div><\/a><\/div>\n\t\n\t\t<div class=\"postItem postItem_2817\"><a class=\"postItem_link\" href=\"https:\/\/inspire555.ca\/fr\/updates\/mise-a-jour-du-printemps-pour-adisoke-2\/\" title=\"Read more on Mise \u00e0 jour du printemps pour \u0100dis\u014dke\"><div class=\"postItem_featuredImage hasBgimage\" style=\"background-image:url('https:\/\/inspire555.ca\/wp-content\/uploads\/2023\/06\/OPL-LAC-Joint-Facility_South-Side-View-Summer-2-600x600.jpg');\"><\/div><div class=\"entry-header\"><div class=\"post-meta\"><p class=\"post-date\">29 juin 2023<\/p><\/div><h3 class=\"entry-title\">Mise \u00e0 jour du printemps pour \u0100dis\u014dke<\/h3><\/div><div class=\"entry-link\">Lire la suite<span class=\"screen-reader-text\"> Mise \u00e0 jour du printemps pour \u0100dis\u014dke<\/span><\/div><\/a><\/div>\n\t\n\t\t<div class=\"postItem postItem_2766\"><a class=\"postItem_link\" href=\"https:\/\/inspire555.ca\/fr\/updates\/mise-a-jour-de-lhiver-pour-adisoke\/\" title=\"Read more on Mise \u00e0 jour de l&rsquo;hiver pour \u0100dis\u014dke\"><div class=\"postItem_featuredImage hasBgimage\" style=\"background-image:url('https:\/\/inspire555.ca\/wp-content\/uploads\/2021\/05\/South-view-from-Albert-Street-Winter-600x600.jpg');\"><\/div><div class=\"entry-header\"><div class=\"post-meta\"><p class=\"post-date\">22 mars 2023<\/p><\/div><h3 class=\"entry-title\">Mise \u00e0 jour de l&rsquo;hiver pour \u0100dis\u014dke<\/h3><\/div><div class=\"entry-link\">Lire la suite<span class=\"screen-reader-text\"> Mise \u00e0 jour de l&rsquo;hiver pour \u0100dis\u014dke<\/span><\/div><\/a><\/div>\n\t\n\t\t<div class=\"postItem postItem_2747\"><a class=\"postItem_link\" href=\"https:\/\/inspire555.ca\/fr\/updates\/adisoke-des-arguments-en-beton-pour-son-futur-vert\/\" title=\"Read more on \u0100dis\u014dke : des arguments en b\u00e9ton pour son futur vert\"><div class=\"postItem_featuredImage hasBgimage\" style=\"background-image:url('https:\/\/inspire555.ca\/wp-content\/uploads\/2023\/03\/Picture1-600x600.jpg');\"><\/div><div class=\"entry-header\"><div class=\"post-meta\"><p class=\"post-date\">21 mars 2023<\/p><\/div><h3 class=\"entry-title\">\u0100dis\u014dke : des arguments en b\u00e9ton pour son futur vert<\/h3><\/div><div class=\"entry-link\">Lire la suite<span class=\"screen-reader-text\"> \u0100dis\u014dke : des arguments en b\u00e9ton pour son futur vert<\/span><\/div><\/a><\/div>\n\t\n\t\t<div class=\"postItem postItem_2721\"><a class=\"postItem_link\" href=\"https:\/\/inspire555.ca\/fr\/updates\/video-de-bilan-de-lannee-2022\/\" title=\"Read more on Vid\u00e9o de bilan de l\u2019ann\u00e9e 2022\"><div class=\"postItem_featuredImage hasBgimage\" style=\"background-image:url('https:\/\/inspire555.ca\/wp-content\/uploads\/2022\/12\/2022YearInReview-600x600.jpeg');\"><\/div><div class=\"entry-header\"><div class=\"post-meta\"><p class=\"post-date\">16 d\u00e9cembre 2022<\/p><\/div><h3 class=\"entry-title\">Vid\u00e9o de bilan de l\u2019ann\u00e9e 2022<\/h3><\/div><div class=\"entry-link\">Lire la suite<span class=\"screen-reader-text\"> Vid\u00e9o de bilan de l\u2019ann\u00e9e 2022<\/span><\/div><\/a><\/div>\n\t<!-- WPV_Infinite_Scroll -->\n\t\n\t\n\t\n <\/div>\n<div class=\"load-more\"><a class=\"wpv-filter-next-link js-wpv-pagination-next-link page-link \"  href=\"\/fr\/wp-json\/wp\/v2\/pages\/837?wpv_view_count=1150&#038;wpv_paged=2\"\n\t\t\t\t\tdata-viewnumber=\"1150\" data-page=\"2\">En savoir plus...<\/a><\/div>\n<\/div>\n\n","protected":false},"excerpt":{"rendered":"","protected":false},"author":1,"featured_media":0,"parent":0,"menu_order":0,"comment_status":"closed","ping_status":"closed","template":"page-news-template.php","meta":{"footnotes":""},"acf":[],"yoast_head":"<!-- This site is optimized with the Yoast SEO plugin v24.5 - https:\/\/yoast.com\/wordpress\/plugins\/seo\/ -->\n<title>Les derni\u00e8res nouvelles - Installation partag\u00e9e de la Biblioth\u00e8que publique d\u2019Ottawa et de Biblioth\u00e8que et Archives Canada<\/title>\n<meta name=\"description\" content=\"Derni\u00e8res nouvelles et rapports\" \/>\n<meta name=\"robots\" content=\"index, follow, max-snippet:-1, max-image-preview:large, max-video-preview:-1\" \/>\n<link rel=\"canonical\" href=\"https:\/\/inspire555.ca\/fr\/bibliotheque-archives-nouvelles\/\" \/>\n<meta property=\"og:locale\" content=\"fr_FR\" \/>\n<meta property=\"og:type\" content=\"article\" \/>\n<meta property=\"og:title\" content=\"Les derni\u00e8res nouvelles - Installation partag\u00e9e de la Biblioth\u00e8que publique d\u2019Ottawa et de Biblioth\u00e8que et Archives Canada\" \/>\n<meta property=\"og:description\" content=\"Derni\u00e8res nouvelles et rapports\" \/>\n<meta property=\"og:url\" content=\"https:\/\/inspire555.ca\/fr\/bibliotheque-archives-nouvelles\/\" \/>\n<meta property=\"og:site_name\" content=\"Installation partag\u00e9e de la Biblioth\u00e8que publique d\u2019Ottawa et de Biblioth\u00e8que et Archives Canada\" \/>\n<meta property=\"article:modified_time\" content=\"2021-05-10T15:03:48+00:00\" \/>\n<meta name=\"twitter:card\" content=\"summary_large_image\" \/>\n<script type=\"application\/ld+json\" class=\"yoast-schema-graph\">{\"@context\":\"https:\/\/schema.org\",\"@graph\":[{\"@type\":\"WebPage\",\"@id\":\"https:\/\/inspire555.ca\/fr\/bibliotheque-archives-nouvelles\/\",\"url\":\"https:\/\/inspire555.ca\/fr\/bibliotheque-archives-nouvelles\/\",\"name\":\"Les derni\u00e8res nouvelles - Installation partag\u00e9e de la Biblioth\u00e8que publique d\u2019Ottawa et de Biblioth\u00e8que et Archives Canada\",\"isPartOf\":{\"@id\":\"https:\/\/inspire555.ca\/#website\"},\"datePublished\":\"2020-01-13T16:15:21+00:00\",\"dateModified\":\"2021-05-10T15:03:48+00:00\",\"description\":\"Derni\u00e8res nouvelles et rapports\",\"breadcrumb\":{\"@id\":\"https:\/\/inspire555.ca\/fr\/bibliotheque-archives-nouvelles\/#breadcrumb\"},\"inLanguage\":\"fr-FR\",\"potentialAction\":[{\"@type\":\"ReadAction\",\"target\":[\"https:\/\/inspire555.ca\/fr\/bibliotheque-archives-nouvelles\/\"]}]},{\"@type\":\"BreadcrumbList\",\"@id\":\"https:\/\/inspire555.ca\/fr\/bibliotheque-archives-nouvelles\/#breadcrumb\",\"itemListElement\":[{\"@type\":\"ListItem\",\"position\":1,\"name\":\"Home\",\"item\":\"https:\/\/inspire555.ca\/fr\/\"},{\"@type\":\"ListItem\",\"position\":2,\"name\":\"Les derni\u00e8res nouvelles\"}]},{\"@type\":\"WebSite\",\"@id\":\"https:\/\/inspire555.ca\/#website\",\"url\":\"https:\/\/inspire555.ca\/\",\"name\":\"Installation partag\u00e9e de la Biblioth\u00e8que publique d\u2019Ottawa et de Biblioth\u00e8que et Archives Canada\",\"description\":\"\",\"potentialAction\":[{\"@type\":\"SearchAction\",\"target\":{\"@type\":\"EntryPoint\",\"urlTemplate\":\"https:\/\/inspire555.ca\/?s={search_term_string}\"},\"query-input\":{\"@type\":\"PropertyValueSpecification\",\"valueRequired\":true,\"valueName\":\"search_term_string\"}}],\"inLanguage\":\"fr-FR\"}]}<\/script>\n<!-- \/ Yoast SEO plugin. -->","yoast_head_json":{"title":"Les derni\u00e8res nouvelles - Installation partag\u00e9e de la Biblioth\u00e8que publique d\u2019Ottawa et de Biblioth\u00e8que et Archives Canada","description":"Derni\u00e8res nouvelles et rapports","robots":{"index":"index","follow":"follow","max-snippet":"max-snippet:-1","max-image-preview":"max-image-preview:large","max-video-preview":"max-video-preview:-1"},"canonical":"https:\/\/inspire555.ca\/fr\/bibliotheque-archives-nouvelles\/","og_locale":"fr_FR","og_type":"article","og_title":"Les derni\u00e8res nouvelles - Installation partag\u00e9e de la Biblioth\u00e8que publique d\u2019Ottawa et de Biblioth\u00e8que et Archives Canada","og_description":"Derni\u00e8res nouvelles et rapports","og_url":"https:\/\/inspire555.ca\/fr\/bibliotheque-archives-nouvelles\/","og_site_name":"Installation partag\u00e9e de la Biblioth\u00e8que publique d\u2019Ottawa et de Biblioth\u00e8que et Archives Canada","article_modified_time":"2021-05-10T15:03:48+00:00","twitter_card":"summary_large_image","schema":{"@context":"https:\/\/schema.org","@graph":[{"@type":"WebPage","@id":"https:\/\/inspire555.ca\/fr\/bibliotheque-archives-nouvelles\/","url":"https:\/\/inspire555.ca\/fr\/bibliotheque-archives-nouvelles\/","name":"Les derni\u00e8res nouvelles - Installation partag\u00e9e de la Biblioth\u00e8que publique d\u2019Ottawa et de Biblioth\u00e8que et Archives Canada","isPartOf":{"@id":"https:\/\/inspire555.ca\/#website"},"datePublished":"2020-01-13T16:15:21+00:00","dateModified":"2021-05-10T15:03:48+00:00","description":"Derni\u00e8res nouvelles et rapports","breadcrumb":{"@id":"https:\/\/inspire555.ca\/fr\/bibliotheque-archives-nouvelles\/#breadcrumb"},"inLanguage":"fr-FR","potentialAction":[{"@type":"ReadAction","target":["https:\/\/inspire555.ca\/fr\/bibliotheque-archives-nouvelles\/"]}]},{"@type":"BreadcrumbList","@id":"https:\/\/inspire555.ca\/fr\/bibliotheque-archives-nouvelles\/#breadcrumb","itemListElement":[{"@type":"ListItem","position":1,"name":"Home","item":"https:\/\/inspire555.ca\/fr\/"},{"@type":"ListItem","position":2,"name":"Les derni\u00e8res nouvelles"}]},{"@type":"WebSite","@id":"https:\/\/inspire555.ca\/#website","url":"https:\/\/inspire555.ca\/","name":"Installation partag\u00e9e de la Biblioth\u00e8que publique d\u2019Ottawa et de Biblioth\u00e8que et Archives Canada","description":"","potentialAction":[{"@type":"SearchAction","target":{"@type":"EntryPoint","urlTemplate":"https:\/\/inspire555.ca\/?s={search_term_string}"},"query-input":{"@type":"PropertyValueSpecification","valueRequired":true,"valueName":"search_term_string"}}],"inLanguage":"fr-FR"}]}},"_links":{"self":[{"href":"https:\/\/inspire555.ca\/fr\/wp-json\/wp\/v2\/pages\/837"}],"collection":[{"href":"https:\/\/inspire555.ca\/fr\/wp-json\/wp\/v2\/pages"}],"about":[{"href":"https:\/\/inspire555.ca\/fr\/wp-json\/wp\/v2\/types\/page"}],"author":[{"embeddable":true,"href":"https:\/\/inspire555.ca\/fr\/wp-json\/wp\/v2\/users\/1"}],"replies":[{"embeddable":true,"href":"https:\/\/inspire555.ca\/fr\/wp-json\/wp\/v2\/comments?post=837"}],"version-history":[{"count":3,"href":"https:\/\/inspire555.ca\/fr\/wp-json\/wp\/v2\/pages\/837\/revisions"}],"predecessor-version":[{"id":2070,"href":"https:\/\/inspire555.ca\/fr\/wp-json\/wp\/v2\/pages\/837\/revisions\/2070"}],"wp:attachment":[{"href":"https:\/\/inspire555.ca\/fr\/wp-json\/wp\/v2\/media?parent=837"}],"curies":[{"name":"wp","href":"https:\/\/api.w.org\/{rel}","templated":true}]}}