{"id":7,"date":"2019-12-22T14:10:39","date_gmt":"2019-12-22T19:10:39","guid":{"rendered":"http:\/\/inspire555.ca\/home\/"},"modified":"2023-06-08T09:21:27","modified_gmt":"2023-06-08T13:21:27","slug":"home","status":"publish","type":"page","link":"https:\/\/inspire555.ca\/fr\/","title":{"rendered":"Accueil"},"content":{"rendered":"<p>Bienvenue dans la nouvelle installation partag\u00e9e de la Biblioth\u00e8que publique d\u2019Ottawa (BPO) et de Biblioth\u00e8que et Archives Canada (BAC)! Ce projet novateur est le fruit d\u2019une collaboration in\u00e9dite et d\u2019un processus public de co-conception sans pr\u00e9c\u00e9dent: deux grandes institutions publiques ont uni leurs forces pour b\u00e2tir un lieu o\u00f9 les r\u00e9sidents d\u2019Ottawa, les Canadiens et les visiteurs du monde entier se rassembleront, tous ensemble \u2013 d\u00e8s son ouverture en 2024 \u2013 pour \u00e9changer, apprendre, d\u00e9couvrir et cr\u00e9er.<\/p>\n","protected":false},"excerpt":{"rendered":"<p>Bienvenue dans la nouvelle installation partag\u00e9e de la Biblioth\u00e8que publique d\u2019Ottawa (BPO) et de Biblioth\u00e8que et Archives Canada (BAC)! Ce projet novateur est le fruit d\u2019une collaboration in\u00e9dite et d\u2019un processus public de co-conception sans pr\u00e9c\u00e9dent: deux grandes institutions publiques ont uni leurs forces pour b\u00e2tir un lieu o\u00f9 les r\u00e9sidents d\u2019Ottawa, les Canadiens et&#8230;<\/p>\n","protected":false},"author":1,"featured_media":0,"parent":0,"menu_order":0,"comment_status":"closed","ping_status":"open","template":"","meta":{"footnotes":""},"acf":[],"yoast_head":"<!-- This site is optimized with the Yoast SEO plugin v24.5 - https:\/\/yoast.com\/wordpress\/plugins\/seo\/ -->\n<title>Accueil - Installation partag\u00e9e de la Biblioth\u00e8que publique d\u2019Ottawa et de Biblioth\u00e8que et Archives Canada<\/title>\n<meta name=\"description\" content=\"Bienvenue dans la nouvelle installation partag\u00e9e de la Biblioth\u00e8que publique d\u2019Ottawa (BPO) et de Biblioth\u00e8que et Archives Canada (BAC)!\" \/>\n<meta name=\"robots\" content=\"index, follow, max-snippet:-1, max-image-preview:large, max-video-preview:-1\" \/>\n<link rel=\"canonical\" href=\"https:\/\/inspire555.ca\/fr\/\" \/>\n<meta property=\"og:locale\" content=\"fr_FR\" \/>\n<meta property=\"og:type\" content=\"article\" \/>\n<meta property=\"og:title\" content=\"Accueil - Installation partag\u00e9e de la Biblioth\u00e8que publique d\u2019Ottawa et de Biblioth\u00e8que et Archives Canada\" \/>\n<meta property=\"og:description\" content=\"Bienvenue dans la nouvelle installation partag\u00e9e de la Biblioth\u00e8que publique d\u2019Ottawa (BPO) et de Biblioth\u00e8que et Archives Canada (BAC)!\" \/>\n<meta property=\"og:url\" content=\"https:\/\/inspire555.ca\/fr\/\" \/>\n<meta property=\"og:site_name\" content=\"Installation partag\u00e9e de la Biblioth\u00e8que publique d\u2019Ottawa et de Biblioth\u00e8que et Archives Canada\" \/>\n<meta property=\"article:modified_time\" content=\"2023-06-08T13:21:27+00:00\" \/>\n<meta name=\"twitter:card\" content=\"summary_large_image\" \/>\n<meta name=\"twitter:label1\" content=\"Dur\u00e9e de lecture estim\u00e9e\" \/>\n\t<meta name=\"twitter:data1\" content=\"1 minute\" \/>\n<script type=\"application\/ld+json\" class=\"yoast-schema-graph\">{\"@context\":\"https:\/\/schema.org\",\"@graph\":[{\"@type\":\"WebPage\",\"@id\":\"https:\/\/inspire555.ca\/fr\/\",\"url\":\"https:\/\/inspire555.ca\/fr\/\",\"name\":\"Accueil - Installation partag\u00e9e de la Biblioth\u00e8que publique d\u2019Ottawa et de Biblioth\u00e8que et Archives Canada\",\"isPartOf\":{\"@id\":\"https:\/\/inspire555.ca\/#website\"},\"datePublished\":\"2019-12-22T19:10:39+00:00\",\"dateModified\":\"2023-06-08T13:21:27+00:00\",\"description\":\"Bienvenue dans la nouvelle installation partag\u00e9e de la Biblioth\u00e8que publique d\u2019Ottawa (BPO) et de Biblioth\u00e8que et Archives Canada (BAC)!\",\"breadcrumb\":{\"@id\":\"https:\/\/inspire555.ca\/fr\/#breadcrumb\"},\"inLanguage\":\"fr-FR\",\"potentialAction\":[{\"@type\":\"ReadAction\",\"target\":[\"https:\/\/inspire555.ca\/fr\/\"]}]},{\"@type\":\"BreadcrumbList\",\"@id\":\"https:\/\/inspire555.ca\/fr\/#breadcrumb\",\"itemListElement\":[{\"@type\":\"ListItem\",\"position\":1,\"name\":\"Home\",\"item\":\"https:\/\/inspire555.ca\/fr\/\"},{\"@type\":\"ListItem\",\"position\":2,\"name\":\"Accueil\"}]},{\"@type\":\"WebSite\",\"@id\":\"https:\/\/inspire555.ca\/#website\",\"url\":\"https:\/\/inspire555.ca\/\",\"name\":\"Installation partag\u00e9e de la Biblioth\u00e8que publique d\u2019Ottawa et de Biblioth\u00e8que et Archives Canada\",\"description\":\"\",\"potentialAction\":[{\"@type\":\"SearchAction\",\"target\":{\"@type\":\"EntryPoint\",\"urlTemplate\":\"https:\/\/inspire555.ca\/?s={search_term_string}\"},\"query-input\":{\"@type\":\"PropertyValueSpecification\",\"valueRequired\":true,\"valueName\":\"search_term_string\"}}],\"inLanguage\":\"fr-FR\"}]}<\/script>\n<!-- \/ Yoast SEO plugin. -->","yoast_head_json":{"title":"Accueil - Installation partag\u00e9e de la Biblioth\u00e8que publique d\u2019Ottawa et de Biblioth\u00e8que et Archives Canada","description":"Bienvenue dans la nouvelle installation partag\u00e9e de la Biblioth\u00e8que publique d\u2019Ottawa (BPO) et de Biblioth\u00e8que et Archives Canada (BAC)!","robots":{"index":"index","follow":"follow","max-snippet":"max-snippet:-1","max-image-preview":"max-image-preview:large","max-video-preview":"max-video-preview:-1"},"canonical":"https:\/\/inspire555.ca\/fr\/","og_locale":"fr_FR","og_type":"article","og_title":"Accueil - Installation partag\u00e9e de la Biblioth\u00e8que publique d\u2019Ottawa et de Biblioth\u00e8que et Archives Canada","og_description":"Bienvenue dans la nouvelle installation partag\u00e9e de la Biblioth\u00e8que publique d\u2019Ottawa (BPO) et de Biblioth\u00e8que et Archives Canada (BAC)!","og_url":"https:\/\/inspire555.ca\/fr\/","og_site_name":"Installation partag\u00e9e de la Biblioth\u00e8que publique d\u2019Ottawa et de Biblioth\u00e8que et Archives Canada","article_modified_time":"2023-06-08T13:21:27+00:00","twitter_card":"summary_large_image","twitter_misc":{"Dur\u00e9e de lecture estim\u00e9e":"1 minute"},"schema":{"@context":"https:\/\/schema.org","@graph":[{"@type":"WebPage","@id":"https:\/\/inspire555.ca\/fr\/","url":"https:\/\/inspire555.ca\/fr\/","name":"Accueil - Installation partag\u00e9e de la Biblioth\u00e8que publique d\u2019Ottawa et de Biblioth\u00e8que et Archives Canada","isPartOf":{"@id":"https:\/\/inspire555.ca\/#website"},"datePublished":"2019-12-22T19:10:39+00:00","dateModified":"2023-06-08T13:21:27+00:00","description":"Bienvenue dans la nouvelle installation partag\u00e9e de la Biblioth\u00e8que publique d\u2019Ottawa (BPO) et de Biblioth\u00e8que et Archives Canada (BAC)!","breadcrumb":{"@id":"https:\/\/inspire555.ca\/fr\/#breadcrumb"},"inLanguage":"fr-FR","potentialAction":[{"@type":"ReadAction","target":["https:\/\/inspire555.ca\/fr\/"]}]},{"@type":"BreadcrumbList","@id":"https:\/\/inspire555.ca\/fr\/#breadcrumb","itemListElement":[{"@type":"ListItem","position":1,"name":"Home","item":"https:\/\/inspire555.ca\/fr\/"},{"@type":"ListItem","position":2,"name":"Accueil"}]},{"@type":"WebSite","@id":"https:\/\/inspire555.ca\/#website","url":"https:\/\/inspire555.ca\/","name":"Installation partag\u00e9e de la Biblioth\u00e8que publique d\u2019Ottawa et de Biblioth\u00e8que et Archives Canada","description":"","potentialAction":[{"@type":"SearchAction","target":{"@type":"EntryPoint","urlTemplate":"https:\/\/inspire555.ca\/?s={search_term_string}"},"query-input":{"@type":"PropertyValueSpecification","valueRequired":true,"valueName":"search_term_string"}}],"inLanguage":"fr-FR"}]}},"_links":{"self":[{"href":"https:\/\/inspire555.ca\/fr\/wp-json\/wp\/v2\/pages\/7"}],"collection":[{"href":"https:\/\/inspire555.ca\/fr\/wp-json\/wp\/v2\/pages"}],"about":[{"href":"https:\/\/inspire555.ca\/fr\/wp-json\/wp\/v2\/types\/page"}],"author":[{"embeddable":true,"href":"https:\/\/inspire555.ca\/fr\/wp-json\/wp\/v2\/users\/1"}],"replies":[{"embeddable":true,"href":"https:\/\/inspire555.ca\/fr\/wp-json\/wp\/v2\/comments?post=7"}],"version-history":[{"count":26,"href":"https:\/\/inspire555.ca\/fr\/wp-json\/wp\/v2\/pages\/7\/revisions"}],"predecessor-version":[{"id":2789,"href":"https:\/\/inspire555.ca\/fr\/wp-json\/wp\/v2\/pages\/7\/revisions\/2789"}],"wp:attachment":[{"href":"https:\/\/inspire555.ca\/fr\/wp-json\/wp\/v2\/media?parent=7"}],"curies":[{"name":"wp","href":"https:\/\/api.w.org\/{rel}","templated":true}]}}