{"id":690,"date":"2020-01-15T13:13:46","date_gmt":"2020-01-15T18:13:46","guid":{"rendered":"http:\/\/inspire555.ca\/public-art\/"},"modified":"2023-09-29T15:32:17","modified_gmt":"2023-09-29T19:32:17","slug":"bibliotheque-archives-art","status":"publish","type":"page","link":"https:\/\/inspire555.ca\/fr\/bibliotheque-archives-art\/","title":{"rendered":"L&rsquo;art public"},"content":{"rendered":"<p>L\u2019art public fera partie int\u00e9grante de la conception et de la construction d&rsquo;\u0100dis\u014dke. Il servira \u00e0 embellir, \u00e0 vitaliser et \u00e0 animer les diff\u00e9rents espaces.<\/p>\n<p>En juillet 2019, on a confi\u00e9 \u00e0 Jason Bruges Studio, atelier d\u2019artistes du Royaume-Uni, le r\u00f4le d\u2019\u00ab artiste de l\u2019\u00e9quipe de la conception \u00bb pour l\u2019installation. Soixante-quatorze artistes nationaux et internationaux ont d\u00e9pos\u00e9 leurs \u0153uvres pour \u00e9tude dans le cadre d\u2019un appel d\u2019offres en r\u00e9gime de concurrence et en deux \u00e9tapes. <a href=\"https:\/\/ottawa.ca\/fr\/nouvelles\/equipe-choisie-en-vue-dassumer-le-role-d-artiste-de-lequipe-de-conception-pour-le-projet-dinstallation-partagee-de-la-bibliotheque-publique-dottawa-et-de-bibliotheque-et-archives-canada\" target=\"_blank\" rel=\"noopener noreferrer\"> Pour en savoir plus \u00e0 propos de Jason Bruges<\/a>.<\/p>\n<p>En outre, le <a href=\"https:\/\/ottawa.ca\/fr\/arts-patrimoine-et-evenements\/soumissions-et-occasions-dans-le-domaine-de-la-culture\/soumissions-et-occasions-programme-dart-public#declaration-dinteret-conservateur-autochtone\" target=\"_blank\" rel=\"noopener noreferrer\">Programme d\u2019art autochtone<\/a> vise \u00e0 saluer, promouvoir et valoriser l\u2019art et les cultures autochtones en int\u00e9grant les \u0153uvres d\u2019art des artistes des Premi\u00e8res Nations et des nations inuite et m\u00e9tisse dans l\u2019installation partag\u00e9e.<\/p>\n<p>On peut r\u00e9aliser ces initiatives gr\u00e2ce \u00e0 la <a href=\"https:\/\/ottawa.ca\/fr\/hotel-de-ville\/votre-administration-municipale\/politiques-et-administration\/politiques-administratives#politique-dart-public\" target=\"_blank\" rel=\"noopener noreferrer\">Politique d\u2019art public de la Ville<\/a>, qui rend l\u2019art accessible \u00e0 tous en obligeant l\u2019administration municipale \u00e0 consacrer 1 % des fonds de son budget d\u2019am\u00e9nagement \u00e0 l\u2019art public.<\/p>\n","protected":false},"excerpt":{"rendered":"<p>L\u2019art public fera partie int\u00e9grante de la conception et de la construction d&rsquo;\u0100dis\u014dke. Il servira \u00e0 embellir, \u00e0 vitaliser et \u00e0 animer les diff\u00e9rents espaces. En juillet 2019, on a confi\u00e9 \u00e0 Jason Bruges Studio, atelier d\u2019artistes du Royaume-Uni, le r\u00f4le d\u2019\u00ab artiste de l\u2019\u00e9quipe de la conception \u00bb pour l\u2019installation. Soixante-quatorze artistes nationaux et&#8230;<\/p>\n","protected":false},"author":1,"featured_media":0,"parent":0,"menu_order":0,"comment_status":"closed","ping_status":"closed","template":"page-basic-template.php","meta":{"footnotes":""},"acf":[],"yoast_head":"<!-- This site is optimized with the Yoast SEO plugin v24.5 - https:\/\/yoast.com\/wordpress\/plugins\/seo\/ -->\n<title>L&#039;art public - Installation partag\u00e9e de la Biblioth\u00e8que publique d\u2019Ottawa et de Biblioth\u00e8que et Archives Canada<\/title>\n<meta name=\"description\" content=\"L\u2019art public fera partie int\u00e9grante de la conception et de la construction de cette installation. Il servira \u00e0 embellir, \u00e0 vitaliser et \u00e0 animer les diff\u00e9rents espaces.\" \/>\n<meta name=\"robots\" content=\"index, follow, max-snippet:-1, max-image-preview:large, max-video-preview:-1\" \/>\n<link rel=\"canonical\" href=\"https:\/\/inspire555.ca\/fr\/bibliotheque-archives-art\/\" \/>\n<meta property=\"og:locale\" content=\"fr_FR\" \/>\n<meta property=\"og:type\" content=\"article\" \/>\n<meta property=\"og:title\" content=\"L&#039;art public - Installation partag\u00e9e de la Biblioth\u00e8que publique d\u2019Ottawa et de Biblioth\u00e8que et Archives Canada\" \/>\n<meta property=\"og:description\" content=\"L\u2019art public fera partie int\u00e9grante de la conception et de la construction de cette installation. Il servira \u00e0 embellir, \u00e0 vitaliser et \u00e0 animer les diff\u00e9rents espaces.\" \/>\n<meta property=\"og:url\" content=\"https:\/\/inspire555.ca\/fr\/bibliotheque-archives-art\/\" \/>\n<meta property=\"og:site_name\" content=\"Installation partag\u00e9e de la Biblioth\u00e8que publique d\u2019Ottawa et de Biblioth\u00e8que et Archives Canada\" \/>\n<meta property=\"article:modified_time\" content=\"2023-09-29T19:32:17+00:00\" \/>\n<meta name=\"twitter:card\" content=\"summary_large_image\" \/>\n<meta name=\"twitter:label1\" content=\"Dur\u00e9e de lecture estim\u00e9e\" \/>\n\t<meta name=\"twitter:data1\" content=\"1 minute\" \/>\n<script type=\"application\/ld+json\" class=\"yoast-schema-graph\">{\"@context\":\"https:\/\/schema.org\",\"@graph\":[{\"@type\":\"WebPage\",\"@id\":\"https:\/\/inspire555.ca\/fr\/bibliotheque-archives-art\/\",\"url\":\"https:\/\/inspire555.ca\/fr\/bibliotheque-archives-art\/\",\"name\":\"L'art public - Installation partag\u00e9e de la Biblioth\u00e8que publique d\u2019Ottawa et de Biblioth\u00e8que et Archives Canada\",\"isPartOf\":{\"@id\":\"https:\/\/inspire555.ca\/#website\"},\"datePublished\":\"2020-01-15T18:13:46+00:00\",\"dateModified\":\"2023-09-29T19:32:17+00:00\",\"description\":\"L\u2019art public fera partie int\u00e9grante de la conception et de la construction de cette installation. Il servira \u00e0 embellir, \u00e0 vitaliser et \u00e0 animer les diff\u00e9rents espaces.\",\"breadcrumb\":{\"@id\":\"https:\/\/inspire555.ca\/fr\/bibliotheque-archives-art\/#breadcrumb\"},\"inLanguage\":\"fr-FR\",\"potentialAction\":[{\"@type\":\"ReadAction\",\"target\":[\"https:\/\/inspire555.ca\/fr\/bibliotheque-archives-art\/\"]}]},{\"@type\":\"BreadcrumbList\",\"@id\":\"https:\/\/inspire555.ca\/fr\/bibliotheque-archives-art\/#breadcrumb\",\"itemListElement\":[{\"@type\":\"ListItem\",\"position\":1,\"name\":\"Home\",\"item\":\"https:\/\/inspire555.ca\/fr\/\"},{\"@type\":\"ListItem\",\"position\":2,\"name\":\"L&#8217;art public\"}]},{\"@type\":\"WebSite\",\"@id\":\"https:\/\/inspire555.ca\/#website\",\"url\":\"https:\/\/inspire555.ca\/\",\"name\":\"Installation partag\u00e9e de la Biblioth\u00e8que publique d\u2019Ottawa et de Biblioth\u00e8que et Archives Canada\",\"description\":\"\",\"potentialAction\":[{\"@type\":\"SearchAction\",\"target\":{\"@type\":\"EntryPoint\",\"urlTemplate\":\"https:\/\/inspire555.ca\/?s={search_term_string}\"},\"query-input\":{\"@type\":\"PropertyValueSpecification\",\"valueRequired\":true,\"valueName\":\"search_term_string\"}}],\"inLanguage\":\"fr-FR\"}]}<\/script>\n<!-- \/ Yoast SEO plugin. -->","yoast_head_json":{"title":"L'art public - Installation partag\u00e9e de la Biblioth\u00e8que publique d\u2019Ottawa et de Biblioth\u00e8que et Archives Canada","description":"L\u2019art public fera partie int\u00e9grante de la conception et de la construction de cette installation. Il servira \u00e0 embellir, \u00e0 vitaliser et \u00e0 animer les diff\u00e9rents espaces.","robots":{"index":"index","follow":"follow","max-snippet":"max-snippet:-1","max-image-preview":"max-image-preview:large","max-video-preview":"max-video-preview:-1"},"canonical":"https:\/\/inspire555.ca\/fr\/bibliotheque-archives-art\/","og_locale":"fr_FR","og_type":"article","og_title":"L'art public - Installation partag\u00e9e de la Biblioth\u00e8que publique d\u2019Ottawa et de Biblioth\u00e8que et Archives Canada","og_description":"L\u2019art public fera partie int\u00e9grante de la conception et de la construction de cette installation. Il servira \u00e0 embellir, \u00e0 vitaliser et \u00e0 animer les diff\u00e9rents espaces.","og_url":"https:\/\/inspire555.ca\/fr\/bibliotheque-archives-art\/","og_site_name":"Installation partag\u00e9e de la Biblioth\u00e8que publique d\u2019Ottawa et de Biblioth\u00e8que et Archives Canada","article_modified_time":"2023-09-29T19:32:17+00:00","twitter_card":"summary_large_image","twitter_misc":{"Dur\u00e9e de lecture estim\u00e9e":"1 minute"},"schema":{"@context":"https:\/\/schema.org","@graph":[{"@type":"WebPage","@id":"https:\/\/inspire555.ca\/fr\/bibliotheque-archives-art\/","url":"https:\/\/inspire555.ca\/fr\/bibliotheque-archives-art\/","name":"L'art public - Installation partag\u00e9e de la Biblioth\u00e8que publique d\u2019Ottawa et de Biblioth\u00e8que et Archives Canada","isPartOf":{"@id":"https:\/\/inspire555.ca\/#website"},"datePublished":"2020-01-15T18:13:46+00:00","dateModified":"2023-09-29T19:32:17+00:00","description":"L\u2019art public fera partie int\u00e9grante de la conception et de la construction de cette installation. Il servira \u00e0 embellir, \u00e0 vitaliser et \u00e0 animer les diff\u00e9rents espaces.","breadcrumb":{"@id":"https:\/\/inspire555.ca\/fr\/bibliotheque-archives-art\/#breadcrumb"},"inLanguage":"fr-FR","potentialAction":[{"@type":"ReadAction","target":["https:\/\/inspire555.ca\/fr\/bibliotheque-archives-art\/"]}]},{"@type":"BreadcrumbList","@id":"https:\/\/inspire555.ca\/fr\/bibliotheque-archives-art\/#breadcrumb","itemListElement":[{"@type":"ListItem","position":1,"name":"Home","item":"https:\/\/inspire555.ca\/fr\/"},{"@type":"ListItem","position":2,"name":"L&#8217;art public"}]},{"@type":"WebSite","@id":"https:\/\/inspire555.ca\/#website","url":"https:\/\/inspire555.ca\/","name":"Installation partag\u00e9e de la Biblioth\u00e8que publique d\u2019Ottawa et de Biblioth\u00e8que et Archives Canada","description":"","potentialAction":[{"@type":"SearchAction","target":{"@type":"EntryPoint","urlTemplate":"https:\/\/inspire555.ca\/?s={search_term_string}"},"query-input":{"@type":"PropertyValueSpecification","valueRequired":true,"valueName":"search_term_string"}}],"inLanguage":"fr-FR"}]}},"_links":{"self":[{"href":"https:\/\/inspire555.ca\/fr\/wp-json\/wp\/v2\/pages\/690"}],"collection":[{"href":"https:\/\/inspire555.ca\/fr\/wp-json\/wp\/v2\/pages"}],"about":[{"href":"https:\/\/inspire555.ca\/fr\/wp-json\/wp\/v2\/types\/page"}],"author":[{"embeddable":true,"href":"https:\/\/inspire555.ca\/fr\/wp-json\/wp\/v2\/users\/1"}],"replies":[{"embeddable":true,"href":"https:\/\/inspire555.ca\/fr\/wp-json\/wp\/v2\/comments?post=690"}],"version-history":[{"count":8,"href":"https:\/\/inspire555.ca\/fr\/wp-json\/wp\/v2\/pages\/690\/revisions"}],"predecessor-version":[{"id":2856,"href":"https:\/\/inspire555.ca\/fr\/wp-json\/wp\/v2\/pages\/690\/revisions\/2856"}],"wp:attachment":[{"href":"https:\/\/inspire555.ca\/fr\/wp-json\/wp\/v2\/media?parent=690"}],"curies":[{"name":"wp","href":"https:\/\/api.w.org\/{rel}","templated":true}]}}