{"id":687,"date":"2020-01-15T13:12:15","date_gmt":"2020-01-15T18:12:15","guid":{"rendered":"http:\/\/inspire555.ca\/design\/"},"modified":"2023-06-29T14:37:41","modified_gmt":"2023-06-29T18:37:41","slug":"bibliotheque-archives-conception","status":"publish","type":"page","link":"https:\/\/inspire555.ca\/fr\/bibliotheque-archives-conception\/","title":{"rendered":"La conception"},"content":{"rendered":"<p>La conception iconique d&rsquo;\u0100dis\u014dke, la nouvelle installation partag\u00e9e de la Biblioth\u00e8que publique d\u2019Ottawa et de Biblioth\u00e8que et Archives Canada, puise son inspiration dans de nombreuses sources : la majest\u00e9 du monde naturel et sa localisation panoramique par rapport \u00e0 Kichi Z\u00ecb\u00ec (la rivi\u00e8re des Outaouais) et aux collines de la Gatineau, la riche histoire de la ville et de la r\u00e9gion, l\u2019histoire, le patrimoine et la culture autochtones, ainsi que le r\u00f4le du b\u00e2timent comme point de rassemblement pour tous et pour toutes. <strong>Pour en savoir plus sur certains des espaces int\u00e9rieurs du b\u00e2timent, consultez la <a href=\"https:\/\/inspire555.ca\/fr\/bibliotheque-archives-espaces\/\">section \u00ab Les espaces \u00bb.<\/a><\/strong><\/p>\n","protected":false},"excerpt":{"rendered":"<p>La conception iconique d&rsquo;\u0100dis\u014dke, la nouvelle installation partag\u00e9e de la Biblioth\u00e8que publique d\u2019Ottawa et de Biblioth\u00e8que et Archives Canada, puise son inspiration dans de nombreuses sources : la majest\u00e9 du monde naturel et sa localisation panoramique par rapport \u00e0 Kichi Z\u00ecb\u00ec (la rivi\u00e8re des Outaouais) et aux collines de la Gatineau, la riche histoire de&#8230;<\/p>\n","protected":false},"author":1,"featured_media":1591,"parent":0,"menu_order":0,"comment_status":"closed","ping_status":"closed","template":"page-explore-template.php","meta":{"footnotes":""},"acf":[],"yoast_head":"<!-- This site is optimized with the Yoast SEO plugin v24.5 - https:\/\/yoast.com\/wordpress\/plugins\/seo\/ -->\n<title>La conception - Installation partag\u00e9e de la Biblioth\u00e8que publique d\u2019Ottawa et de Biblioth\u00e8que et Archives Canada<\/title>\n<meta name=\"description\" content=\"Multiples sont les sources d\u2019inspiration de l\u2019embl\u00e9matique nouvelle installation partag\u00e9e de la Biblioth\u00e8que publique d\u2019Ottawa et de Biblioth\u00e8que et Archives Canada\" \/>\n<meta name=\"robots\" content=\"index, follow, max-snippet:-1, max-image-preview:large, max-video-preview:-1\" \/>\n<link rel=\"canonical\" href=\"https:\/\/inspire555.ca\/fr\/bibliotheque-archives-conception\/\" \/>\n<meta property=\"og:locale\" content=\"fr_FR\" \/>\n<meta property=\"og:type\" content=\"article\" \/>\n<meta property=\"og:title\" content=\"La conception - Installation partag\u00e9e de la Biblioth\u00e8que publique d\u2019Ottawa et de Biblioth\u00e8que et Archives Canada\" \/>\n<meta property=\"og:description\" content=\"Multiples sont les sources d\u2019inspiration de l\u2019embl\u00e9matique nouvelle installation partag\u00e9e de la Biblioth\u00e8que publique d\u2019Ottawa et de Biblioth\u00e8que et Archives Canada\" \/>\n<meta property=\"og:url\" content=\"https:\/\/inspire555.ca\/fr\/bibliotheque-archives-conception\/\" \/>\n<meta property=\"og:site_name\" content=\"Installation partag\u00e9e de la Biblioth\u00e8que publique d\u2019Ottawa et de Biblioth\u00e8que et Archives Canada\" \/>\n<meta property=\"article:modified_time\" content=\"2023-06-29T18:37:41+00:00\" \/>\n<meta property=\"og:image\" content=\"https:\/\/inspire555.ca\/wp-content\/uploads\/2020\/01\/OPL-Aquaduct.jpg\" \/>\n\t<meta property=\"og:image:width\" content=\"1350\" \/>\n\t<meta property=\"og:image:height\" content=\"900\" \/>\n\t<meta property=\"og:image:type\" content=\"image\/jpeg\" \/>\n<meta name=\"twitter:card\" content=\"summary_large_image\" \/>\n<meta name=\"twitter:label1\" content=\"Dur\u00e9e de lecture estim\u00e9e\" \/>\n\t<meta name=\"twitter:data1\" content=\"1 minute\" \/>\n<script type=\"application\/ld+json\" class=\"yoast-schema-graph\">{\"@context\":\"https:\/\/schema.org\",\"@graph\":[{\"@type\":\"WebPage\",\"@id\":\"https:\/\/inspire555.ca\/fr\/bibliotheque-archives-conception\/\",\"url\":\"https:\/\/inspire555.ca\/fr\/bibliotheque-archives-conception\/\",\"name\":\"La conception - Installation partag\u00e9e de la Biblioth\u00e8que publique d\u2019Ottawa et de Biblioth\u00e8que et Archives Canada\",\"isPartOf\":{\"@id\":\"https:\/\/inspire555.ca\/#website\"},\"primaryImageOfPage\":{\"@id\":\"https:\/\/inspire555.ca\/fr\/bibliotheque-archives-conception\/#primaryimage\"},\"image\":{\"@id\":\"https:\/\/inspire555.ca\/fr\/bibliotheque-archives-conception\/#primaryimage\"},\"thumbnailUrl\":\"https:\/\/inspire555.ca\/wp-content\/uploads\/2020\/01\/OPL-Aquaduct.jpg\",\"datePublished\":\"2020-01-15T18:12:15+00:00\",\"dateModified\":\"2023-06-29T18:37:41+00:00\",\"description\":\"Multiples sont les sources d\u2019inspiration de l\u2019embl\u00e9matique nouvelle installation partag\u00e9e de la Biblioth\u00e8que publique d\u2019Ottawa et de Biblioth\u00e8que et Archives Canada\",\"breadcrumb\":{\"@id\":\"https:\/\/inspire555.ca\/fr\/bibliotheque-archives-conception\/#breadcrumb\"},\"inLanguage\":\"fr-FR\",\"potentialAction\":[{\"@type\":\"ReadAction\",\"target\":[\"https:\/\/inspire555.ca\/fr\/bibliotheque-archives-conception\/\"]}]},{\"@type\":\"ImageObject\",\"inLanguage\":\"fr-FR\",\"@id\":\"https:\/\/inspire555.ca\/fr\/bibliotheque-archives-conception\/#primaryimage\",\"url\":\"https:\/\/inspire555.ca\/wp-content\/uploads\/2020\/01\/OPL-Aquaduct.jpg\",\"contentUrl\":\"https:\/\/inspire555.ca\/wp-content\/uploads\/2020\/01\/OPL-Aquaduct.jpg\",\"width\":1350,\"height\":900,\"caption\":\"View of new OPL-LAC Joint Facility from Aquaduct\"},{\"@type\":\"BreadcrumbList\",\"@id\":\"https:\/\/inspire555.ca\/fr\/bibliotheque-archives-conception\/#breadcrumb\",\"itemListElement\":[{\"@type\":\"ListItem\",\"position\":1,\"name\":\"Home\",\"item\":\"https:\/\/inspire555.ca\/fr\/\"},{\"@type\":\"ListItem\",\"position\":2,\"name\":\"La conception\"}]},{\"@type\":\"WebSite\",\"@id\":\"https:\/\/inspire555.ca\/#website\",\"url\":\"https:\/\/inspire555.ca\/\",\"name\":\"Installation partag\u00e9e de la Biblioth\u00e8que publique d\u2019Ottawa et de Biblioth\u00e8que et Archives Canada\",\"description\":\"\",\"potentialAction\":[{\"@type\":\"SearchAction\",\"target\":{\"@type\":\"EntryPoint\",\"urlTemplate\":\"https:\/\/inspire555.ca\/?s={search_term_string}\"},\"query-input\":{\"@type\":\"PropertyValueSpecification\",\"valueRequired\":true,\"valueName\":\"search_term_string\"}}],\"inLanguage\":\"fr-FR\"}]}<\/script>\n<!-- \/ Yoast SEO plugin. -->","yoast_head_json":{"title":"La conception - Installation partag\u00e9e de la Biblioth\u00e8que publique d\u2019Ottawa et de Biblioth\u00e8que et Archives Canada","description":"Multiples sont les sources d\u2019inspiration de l\u2019embl\u00e9matique nouvelle installation partag\u00e9e de la Biblioth\u00e8que publique d\u2019Ottawa et de Biblioth\u00e8que et Archives Canada","robots":{"index":"index","follow":"follow","max-snippet":"max-snippet:-1","max-image-preview":"max-image-preview:large","max-video-preview":"max-video-preview:-1"},"canonical":"https:\/\/inspire555.ca\/fr\/bibliotheque-archives-conception\/","og_locale":"fr_FR","og_type":"article","og_title":"La conception - Installation partag\u00e9e de la Biblioth\u00e8que publique d\u2019Ottawa et de Biblioth\u00e8que et Archives Canada","og_description":"Multiples sont les sources d\u2019inspiration de l\u2019embl\u00e9matique nouvelle installation partag\u00e9e de la Biblioth\u00e8que publique d\u2019Ottawa et de Biblioth\u00e8que et Archives Canada","og_url":"https:\/\/inspire555.ca\/fr\/bibliotheque-archives-conception\/","og_site_name":"Installation partag\u00e9e de la Biblioth\u00e8que publique d\u2019Ottawa et de Biblioth\u00e8que et Archives Canada","article_modified_time":"2023-06-29T18:37:41+00:00","og_image":[{"width":1350,"height":900,"url":"https:\/\/inspire555.ca\/wp-content\/uploads\/2020\/01\/OPL-Aquaduct.jpg","type":"image\/jpeg"}],"twitter_card":"summary_large_image","twitter_misc":{"Dur\u00e9e de lecture estim\u00e9e":"1 minute"},"schema":{"@context":"https:\/\/schema.org","@graph":[{"@type":"WebPage","@id":"https:\/\/inspire555.ca\/fr\/bibliotheque-archives-conception\/","url":"https:\/\/inspire555.ca\/fr\/bibliotheque-archives-conception\/","name":"La conception - Installation partag\u00e9e de la Biblioth\u00e8que publique d\u2019Ottawa et de Biblioth\u00e8que et Archives Canada","isPartOf":{"@id":"https:\/\/inspire555.ca\/#website"},"primaryImageOfPage":{"@id":"https:\/\/inspire555.ca\/fr\/bibliotheque-archives-conception\/#primaryimage"},"image":{"@id":"https:\/\/inspire555.ca\/fr\/bibliotheque-archives-conception\/#primaryimage"},"thumbnailUrl":"https:\/\/inspire555.ca\/wp-content\/uploads\/2020\/01\/OPL-Aquaduct.jpg","datePublished":"2020-01-15T18:12:15+00:00","dateModified":"2023-06-29T18:37:41+00:00","description":"Multiples sont les sources d\u2019inspiration de l\u2019embl\u00e9matique nouvelle installation partag\u00e9e de la Biblioth\u00e8que publique d\u2019Ottawa et de Biblioth\u00e8que et Archives Canada","breadcrumb":{"@id":"https:\/\/inspire555.ca\/fr\/bibliotheque-archives-conception\/#breadcrumb"},"inLanguage":"fr-FR","potentialAction":[{"@type":"ReadAction","target":["https:\/\/inspire555.ca\/fr\/bibliotheque-archives-conception\/"]}]},{"@type":"ImageObject","inLanguage":"fr-FR","@id":"https:\/\/inspire555.ca\/fr\/bibliotheque-archives-conception\/#primaryimage","url":"https:\/\/inspire555.ca\/wp-content\/uploads\/2020\/01\/OPL-Aquaduct.jpg","contentUrl":"https:\/\/inspire555.ca\/wp-content\/uploads\/2020\/01\/OPL-Aquaduct.jpg","width":1350,"height":900,"caption":"View of new OPL-LAC Joint Facility from Aquaduct"},{"@type":"BreadcrumbList","@id":"https:\/\/inspire555.ca\/fr\/bibliotheque-archives-conception\/#breadcrumb","itemListElement":[{"@type":"ListItem","position":1,"name":"Home","item":"https:\/\/inspire555.ca\/fr\/"},{"@type":"ListItem","position":2,"name":"La conception"}]},{"@type":"WebSite","@id":"https:\/\/inspire555.ca\/#website","url":"https:\/\/inspire555.ca\/","name":"Installation partag\u00e9e de la Biblioth\u00e8que publique d\u2019Ottawa et de Biblioth\u00e8que et Archives Canada","description":"","potentialAction":[{"@type":"SearchAction","target":{"@type":"EntryPoint","urlTemplate":"https:\/\/inspire555.ca\/?s={search_term_string}"},"query-input":{"@type":"PropertyValueSpecification","valueRequired":true,"valueName":"search_term_string"}}],"inLanguage":"fr-FR"}]}},"_links":{"self":[{"href":"https:\/\/inspire555.ca\/fr\/wp-json\/wp\/v2\/pages\/687"}],"collection":[{"href":"https:\/\/inspire555.ca\/fr\/wp-json\/wp\/v2\/pages"}],"about":[{"href":"https:\/\/inspire555.ca\/fr\/wp-json\/wp\/v2\/types\/page"}],"author":[{"embeddable":true,"href":"https:\/\/inspire555.ca\/fr\/wp-json\/wp\/v2\/users\/1"}],"replies":[{"embeddable":true,"href":"https:\/\/inspire555.ca\/fr\/wp-json\/wp\/v2\/comments?post=687"}],"version-history":[{"count":25,"href":"https:\/\/inspire555.ca\/fr\/wp-json\/wp\/v2\/pages\/687\/revisions"}],"predecessor-version":[{"id":2825,"href":"https:\/\/inspire555.ca\/fr\/wp-json\/wp\/v2\/pages\/687\/revisions\/2825"}],"wp:featuredmedia":[{"embeddable":true,"href":"https:\/\/inspire555.ca\/fr\/wp-json\/wp\/v2\/media\/1591"}],"wp:attachment":[{"href":"https:\/\/inspire555.ca\/fr\/wp-json\/wp\/v2\/media?parent=687"}],"curies":[{"name":"wp","href":"https:\/\/api.w.org\/{rel}","templated":true}]}}