{"id":333,"date":"2020-01-14T12:43:31","date_gmt":"2020-01-14T17:43:31","guid":{"rendered":"http:\/\/inspire555.ca\/location\/"},"modified":"2021-08-10T15:55:16","modified_gmt":"2021-08-10T19:55:16","slug":"bibliotheque-archives-site","status":"publish","type":"page","link":"https:\/\/inspire555.ca\/fr\/bibliotheque-archives-site\/","title":{"rendered":"Le lieu"},"content":{"rendered":"<p>\u0100dis\u014dke, la nouvelle installation partag\u00e9e de la Biblioth\u00e8que publique d\u2019Ottawa et de Biblioth\u00e8que et Archives Canada aura son si\u00e8ge au 555, rue Albert (qui \u00e9tait auparavant le 557, rue Wellington). On a recommand\u00e9 ce site dans la foul\u00e9e des processus d\u2019\u00e9valuation des plus rigoureux parmi les biblioth\u00e8ques publiques canadiennes. Cette \u00e9valuation exhaustive a fait intervenir des experts externes et le Bureau du commissaire \u00e0 l\u2019\u00e9quit\u00e9, en respectant les r\u00e8gles de l\u2019art, les politiques de la Ville, les lois et l\u2019avis du public.<\/p>\n<p>Le site a \u00e9t\u00e9 choisi pour sa configuration, ses conditions d\u2019acc\u00e8s, ses lignes de mire sans obstruction, son co\u00fbt et sa proximit\u00e9 par rapport \u00e0 d\u2019autres institutions culturelles. Situ\u00e9 \u00e0 la lisi\u00e8re des plaines LeBreton, ce site est li\u00e9 \u00e0 nos institutions nationales et aux territoires de nos trois peuples fondateurs. Il surplombe le paysage de la rivi\u00e8re des Outaouais, r\u00e9seau naturel vital au c\u0153ur de la ville.<\/p>\n<p>Propri\u00e9t\u00e9 de la ville, ce site, am\u00e9nag\u00e9 pour la premi\u00e8re fois pour l\u2019utilit\u00e9 publique, nous permettra de voir la ville sous un jour enti\u00e8rement nouveau. Ce point d\u2019attraction des visiteurs, connect\u00e9 gr\u00e2ce \u00e0 la station Pimisi du TLR et aux sentiers voisins, nous invitera \u00e0 d\u00e9couvrir sans peine le pass\u00e9 culturel vivant et l\u2019avenir prometteur d\u2019Ottawa.<\/p>\n<p>Le site est\u00a0:<\/p>\n<ul>\n<li>accessible par tous les modes de transport;<\/li>\n<li>situ\u00e9 non loin \u00e0 pied de deux stations du train l\u00e9ger sur rail;<\/li>\n<li>le prolongement naturel du centre-ville traditionnel d\u2019Ottawa;<\/li>\n<li>proche d\u2019autres institutions culturelles;<\/li>\n<li>riche en caract\u00e9ristiques exceptionnelles, dont l\u2019escarpement, la station de pompage de la rue Fleet et l\u2019aqueduc;<\/li>\n<li>assez vaste pour permettre d\u2019am\u00e9nager des espaces de programmation en int\u00e9rieur et en ext\u00e9rieur.<\/li>\n<\/ul>\n","protected":false},"excerpt":{"rendered":"<p>\u0100dis\u014dke, la nouvelle installation partag\u00e9e de la Biblioth\u00e8que publique d\u2019Ottawa et de Biblioth\u00e8que et Archives Canada aura son si\u00e8ge au 555, rue Albert (qui \u00e9tait auparavant le 557, rue Wellington). On a recommand\u00e9 ce site dans la foul\u00e9e des processus d\u2019\u00e9valuation des plus rigoureux parmi les biblioth\u00e8ques publiques canadiennes. Cette \u00e9valuation exhaustive a fait intervenir&#8230;<\/p>\n","protected":false},"author":1,"featured_media":0,"parent":0,"menu_order":0,"comment_status":"closed","ping_status":"closed","template":"page-basic-template.php","meta":{"footnotes":""},"acf":[],"yoast_head":"<!-- This site is optimized with the Yoast SEO plugin v24.5 - https:\/\/yoast.com\/wordpress\/plugins\/seo\/ -->\n<title>Le lieu - Installation partag\u00e9e de la Biblioth\u00e8que publique d\u2019Ottawa et de Biblioth\u00e8que et Archives Canada<\/title>\n<meta name=\"description\" content=\"La nouvelle installation partag\u00e9e de la Biblioth\u00e8que publique d\u2019Ottawa et de Biblioth\u00e8que et Archives Canada sera situ\u00e9e au 555, rue Albert (anciennement 557, rue Wellington).\" \/>\n<meta name=\"robots\" content=\"index, follow, max-snippet:-1, max-image-preview:large, max-video-preview:-1\" \/>\n<link rel=\"canonical\" href=\"https:\/\/inspire555.ca\/fr\/bibliotheque-archives-site\/\" \/>\n<meta property=\"og:locale\" content=\"fr_FR\" \/>\n<meta property=\"og:type\" content=\"article\" \/>\n<meta property=\"og:title\" content=\"Le lieu - Installation partag\u00e9e de la Biblioth\u00e8que publique d\u2019Ottawa et de Biblioth\u00e8que et Archives Canada\" \/>\n<meta property=\"og:description\" content=\"La nouvelle installation partag\u00e9e de la Biblioth\u00e8que publique d\u2019Ottawa et de Biblioth\u00e8que et Archives Canada sera situ\u00e9e au 555, rue Albert (anciennement 557, rue Wellington).\" \/>\n<meta property=\"og:url\" content=\"https:\/\/inspire555.ca\/fr\/bibliotheque-archives-site\/\" \/>\n<meta property=\"og:site_name\" content=\"Installation partag\u00e9e de la Biblioth\u00e8que publique d\u2019Ottawa et de Biblioth\u00e8que et Archives Canada\" \/>\n<meta property=\"article:modified_time\" content=\"2021-08-10T19:55:16+00:00\" \/>\n<meta name=\"twitter:card\" content=\"summary_large_image\" \/>\n<meta name=\"twitter:label1\" content=\"Dur\u00e9e de lecture estim\u00e9e\" \/>\n\t<meta name=\"twitter:data1\" content=\"2 minutes\" \/>\n<script type=\"application\/ld+json\" class=\"yoast-schema-graph\">{\"@context\":\"https:\/\/schema.org\",\"@graph\":[{\"@type\":\"WebPage\",\"@id\":\"https:\/\/inspire555.ca\/fr\/bibliotheque-archives-site\/\",\"url\":\"https:\/\/inspire555.ca\/fr\/bibliotheque-archives-site\/\",\"name\":\"Le lieu - Installation partag\u00e9e de la Biblioth\u00e8que publique d\u2019Ottawa et de Biblioth\u00e8que et Archives Canada\",\"isPartOf\":{\"@id\":\"https:\/\/inspire555.ca\/#website\"},\"datePublished\":\"2020-01-14T17:43:31+00:00\",\"dateModified\":\"2021-08-10T19:55:16+00:00\",\"description\":\"La nouvelle installation partag\u00e9e de la Biblioth\u00e8que publique d\u2019Ottawa et de Biblioth\u00e8que et Archives Canada sera situ\u00e9e au 555, rue Albert (anciennement 557, rue Wellington).\",\"breadcrumb\":{\"@id\":\"https:\/\/inspire555.ca\/fr\/bibliotheque-archives-site\/#breadcrumb\"},\"inLanguage\":\"fr-FR\",\"potentialAction\":[{\"@type\":\"ReadAction\",\"target\":[\"https:\/\/inspire555.ca\/fr\/bibliotheque-archives-site\/\"]}]},{\"@type\":\"BreadcrumbList\",\"@id\":\"https:\/\/inspire555.ca\/fr\/bibliotheque-archives-site\/#breadcrumb\",\"itemListElement\":[{\"@type\":\"ListItem\",\"position\":1,\"name\":\"Home\",\"item\":\"https:\/\/inspire555.ca\/fr\/\"},{\"@type\":\"ListItem\",\"position\":2,\"name\":\"Le lieu\"}]},{\"@type\":\"WebSite\",\"@id\":\"https:\/\/inspire555.ca\/#website\",\"url\":\"https:\/\/inspire555.ca\/\",\"name\":\"Installation partag\u00e9e de la Biblioth\u00e8que publique d\u2019Ottawa et de Biblioth\u00e8que et Archives Canada\",\"description\":\"\",\"potentialAction\":[{\"@type\":\"SearchAction\",\"target\":{\"@type\":\"EntryPoint\",\"urlTemplate\":\"https:\/\/inspire555.ca\/?s={search_term_string}\"},\"query-input\":{\"@type\":\"PropertyValueSpecification\",\"valueRequired\":true,\"valueName\":\"search_term_string\"}}],\"inLanguage\":\"fr-FR\"}]}<\/script>\n<!-- \/ Yoast SEO plugin. -->","yoast_head_json":{"title":"Le lieu - Installation partag\u00e9e de la Biblioth\u00e8que publique d\u2019Ottawa et de Biblioth\u00e8que et Archives Canada","description":"La nouvelle installation partag\u00e9e de la Biblioth\u00e8que publique d\u2019Ottawa et de Biblioth\u00e8que et Archives Canada sera situ\u00e9e au 555, rue Albert (anciennement 557, rue Wellington).","robots":{"index":"index","follow":"follow","max-snippet":"max-snippet:-1","max-image-preview":"max-image-preview:large","max-video-preview":"max-video-preview:-1"},"canonical":"https:\/\/inspire555.ca\/fr\/bibliotheque-archives-site\/","og_locale":"fr_FR","og_type":"article","og_title":"Le lieu - Installation partag\u00e9e de la Biblioth\u00e8que publique d\u2019Ottawa et de Biblioth\u00e8que et Archives Canada","og_description":"La nouvelle installation partag\u00e9e de la Biblioth\u00e8que publique d\u2019Ottawa et de Biblioth\u00e8que et Archives Canada sera situ\u00e9e au 555, rue Albert (anciennement 557, rue Wellington).","og_url":"https:\/\/inspire555.ca\/fr\/bibliotheque-archives-site\/","og_site_name":"Installation partag\u00e9e de la Biblioth\u00e8que publique d\u2019Ottawa et de Biblioth\u00e8que et Archives Canada","article_modified_time":"2021-08-10T19:55:16+00:00","twitter_card":"summary_large_image","twitter_misc":{"Dur\u00e9e de lecture estim\u00e9e":"2 minutes"},"schema":{"@context":"https:\/\/schema.org","@graph":[{"@type":"WebPage","@id":"https:\/\/inspire555.ca\/fr\/bibliotheque-archives-site\/","url":"https:\/\/inspire555.ca\/fr\/bibliotheque-archives-site\/","name":"Le lieu - Installation partag\u00e9e de la Biblioth\u00e8que publique d\u2019Ottawa et de Biblioth\u00e8que et Archives Canada","isPartOf":{"@id":"https:\/\/inspire555.ca\/#website"},"datePublished":"2020-01-14T17:43:31+00:00","dateModified":"2021-08-10T19:55:16+00:00","description":"La nouvelle installation partag\u00e9e de la Biblioth\u00e8que publique d\u2019Ottawa et de Biblioth\u00e8que et Archives Canada sera situ\u00e9e au 555, rue Albert (anciennement 557, rue Wellington).","breadcrumb":{"@id":"https:\/\/inspire555.ca\/fr\/bibliotheque-archives-site\/#breadcrumb"},"inLanguage":"fr-FR","potentialAction":[{"@type":"ReadAction","target":["https:\/\/inspire555.ca\/fr\/bibliotheque-archives-site\/"]}]},{"@type":"BreadcrumbList","@id":"https:\/\/inspire555.ca\/fr\/bibliotheque-archives-site\/#breadcrumb","itemListElement":[{"@type":"ListItem","position":1,"name":"Home","item":"https:\/\/inspire555.ca\/fr\/"},{"@type":"ListItem","position":2,"name":"Le lieu"}]},{"@type":"WebSite","@id":"https:\/\/inspire555.ca\/#website","url":"https:\/\/inspire555.ca\/","name":"Installation partag\u00e9e de la Biblioth\u00e8que publique d\u2019Ottawa et de Biblioth\u00e8que et Archives Canada","description":"","potentialAction":[{"@type":"SearchAction","target":{"@type":"EntryPoint","urlTemplate":"https:\/\/inspire555.ca\/?s={search_term_string}"},"query-input":{"@type":"PropertyValueSpecification","valueRequired":true,"valueName":"search_term_string"}}],"inLanguage":"fr-FR"}]}},"_links":{"self":[{"href":"https:\/\/inspire555.ca\/fr\/wp-json\/wp\/v2\/pages\/333"}],"collection":[{"href":"https:\/\/inspire555.ca\/fr\/wp-json\/wp\/v2\/pages"}],"about":[{"href":"https:\/\/inspire555.ca\/fr\/wp-json\/wp\/v2\/types\/page"}],"author":[{"embeddable":true,"href":"https:\/\/inspire555.ca\/fr\/wp-json\/wp\/v2\/users\/1"}],"replies":[{"embeddable":true,"href":"https:\/\/inspire555.ca\/fr\/wp-json\/wp\/v2\/comments?post=333"}],"version-history":[{"count":8,"href":"https:\/\/inspire555.ca\/fr\/wp-json\/wp\/v2\/pages\/333\/revisions"}],"predecessor-version":[{"id":2324,"href":"https:\/\/inspire555.ca\/fr\/wp-json\/wp\/v2\/pages\/333\/revisions\/2324"}],"wp:attachment":[{"href":"https:\/\/inspire555.ca\/fr\/wp-json\/wp\/v2\/media?parent=333"}],"curies":[{"name":"wp","href":"https:\/\/api.w.org\/{rel}","templated":true}]}}