{"id":299,"date":"2020-01-14T10:42:30","date_gmt":"2020-01-14T15:42:30","guid":{"rendered":"http:\/\/inspire555.ca\/?page_id=299"},"modified":"2021-11-17T09:46:02","modified_gmt":"2021-11-17T14:46:02","slug":"bibliotheque-archives-vision","status":"publish","type":"page","link":"https:\/\/inspire555.ca\/fr\/bibliotheque-archives-vision\/","title":{"rendered":"La vision"},"content":{"rendered":"<ul>\n<li>\u0100dis\u014dke sera une destination phare fond\u00e9e sur les valeurs et les passions communes aux \u00e9tablissements partenaires : le savoir, l\u2019histoire, la d\u00e9couverte, la culture, la cr\u00e9ativit\u00e9, la collaboration et les relations.<\/li>\n<li>Cette collaboration innovante entre une biblioth\u00e8que publique et la biblioth\u00e8que et les archives nationales permettra d\u2019offrir une exp\u00e9rience enrichie aux clients et aux visiteurs, en r\u00e9unissant diverses collections, en am\u00e9nageant des salles d&rsquo;exposition et d&rsquo;\u00e9v\u00e9nements et en permettant d\u2019avoir librement acc\u00e8s \u00e0 des millions de documents et au riche patrimoine documentaire canadien.<\/li>\n<li>Les programmes et services conjoints feront de cette installation un lieu vraiment exceptionnel au Canada.<\/li>\n<li>\u0100dis\u014dke sera un lieu de rassemblement dans lequel les gens pourront nouer des liens entre eux, avec leur histoire, avec les ressources qu\u2019ils recherchent et avec les d\u00e9couvertes qu\u2019ils feront.<\/li>\n<li>Il s\u2019agira d\u2019une installation moderne, qui sera adapt\u00e9e au perfectionnement rapide de la technologie, aux attentes grandissantes de la client\u00e8le et \u00e0 l\u2019\u00e9volution d\u00e9mographique.<\/li>\n<li>B\u00e2tie selon une norme de carboneutralit\u00e9, \u0100dis\u014dke sera un mod\u00e8le environnemental et mettra en vitrine la conception d\u2019infrastructures durables.<\/li>\n<\/ul>\n","protected":false},"excerpt":{"rendered":"<p>\u0100dis\u014dke sera une destination phare fond\u00e9e sur les valeurs et les passions communes aux \u00e9tablissements partenaires : le savoir, l\u2019histoire, la d\u00e9couverte, la culture, la cr\u00e9ativit\u00e9, la collaboration et les relations. Cette collaboration innovante entre une biblioth\u00e8que publique et la biblioth\u00e8que et les archives nationales permettra d\u2019offrir une exp\u00e9rience enrichie aux clients et aux visiteurs,&#8230;<\/p>\n","protected":false},"author":1,"featured_media":0,"parent":0,"menu_order":0,"comment_status":"closed","ping_status":"closed","template":"page-basic-template.php","meta":{"footnotes":""},"acf":[],"yoast_head":"<!-- This site is optimized with the Yoast SEO plugin v24.5 - https:\/\/yoast.com\/wordpress\/plugins\/seo\/ -->\n<title>La vision - Installation partag\u00e9e de la Biblioth\u00e8que publique d\u2019Ottawa et de Biblioth\u00e8que et Archives Canada<\/title>\n<meta name=\"description\" content=\"L\u2019installation partag\u00e9e de la Biblioth\u00e8que publique d\u2019Ottawa et de Biblioth\u00e8que et Archives Canada sera une destination phare fond\u00e9e sur les valeurs et les passions communes aux \u00e9tablissements partenaires\u00a0: le savoir, l\u2019histoire, la d\u00e9couverte, la culture, la cr\u00e9ativit\u00e9, la collaboration et les relations.\" \/>\n<meta name=\"robots\" content=\"index, follow, max-snippet:-1, max-image-preview:large, max-video-preview:-1\" \/>\n<link rel=\"canonical\" href=\"https:\/\/inspire555.ca\/fr\/bibliotheque-archives-vision\/\" \/>\n<meta property=\"og:locale\" content=\"fr_FR\" \/>\n<meta property=\"og:type\" content=\"article\" \/>\n<meta property=\"og:title\" content=\"La vision - Installation partag\u00e9e de la Biblioth\u00e8que publique d\u2019Ottawa et de Biblioth\u00e8que et Archives Canada\" \/>\n<meta property=\"og:description\" content=\"L\u2019installation partag\u00e9e de la Biblioth\u00e8que publique d\u2019Ottawa et de Biblioth\u00e8que et Archives Canada sera une destination phare fond\u00e9e sur les valeurs et les passions communes aux \u00e9tablissements partenaires\u00a0: le savoir, l\u2019histoire, la d\u00e9couverte, la culture, la cr\u00e9ativit\u00e9, la collaboration et les relations.\" \/>\n<meta property=\"og:url\" content=\"https:\/\/inspire555.ca\/fr\/bibliotheque-archives-vision\/\" \/>\n<meta property=\"og:site_name\" content=\"Installation partag\u00e9e de la Biblioth\u00e8que publique d\u2019Ottawa et de Biblioth\u00e8que et Archives Canada\" \/>\n<meta property=\"article:modified_time\" content=\"2021-11-17T14:46:02+00:00\" \/>\n<meta name=\"twitter:card\" content=\"summary_large_image\" \/>\n<meta name=\"twitter:label1\" content=\"Dur\u00e9e de lecture estim\u00e9e\" \/>\n\t<meta name=\"twitter:data1\" content=\"1 minute\" \/>\n<script type=\"application\/ld+json\" class=\"yoast-schema-graph\">{\"@context\":\"https:\/\/schema.org\",\"@graph\":[{\"@type\":\"WebPage\",\"@id\":\"https:\/\/inspire555.ca\/fr\/bibliotheque-archives-vision\/\",\"url\":\"https:\/\/inspire555.ca\/fr\/bibliotheque-archives-vision\/\",\"name\":\"La vision - Installation partag\u00e9e de la Biblioth\u00e8que publique d\u2019Ottawa et de Biblioth\u00e8que et Archives Canada\",\"isPartOf\":{\"@id\":\"https:\/\/inspire555.ca\/#website\"},\"datePublished\":\"2020-01-14T15:42:30+00:00\",\"dateModified\":\"2021-11-17T14:46:02+00:00\",\"description\":\"L\u2019installation partag\u00e9e de la Biblioth\u00e8que publique d\u2019Ottawa et de Biblioth\u00e8que et Archives Canada sera une destination phare fond\u00e9e sur les valeurs et les passions communes aux \u00e9tablissements partenaires\u00a0: le savoir, l\u2019histoire, la d\u00e9couverte, la culture, la cr\u00e9ativit\u00e9, la collaboration et les relations.\",\"breadcrumb\":{\"@id\":\"https:\/\/inspire555.ca\/fr\/bibliotheque-archives-vision\/#breadcrumb\"},\"inLanguage\":\"fr-FR\",\"potentialAction\":[{\"@type\":\"ReadAction\",\"target\":[\"https:\/\/inspire555.ca\/fr\/bibliotheque-archives-vision\/\"]}]},{\"@type\":\"BreadcrumbList\",\"@id\":\"https:\/\/inspire555.ca\/fr\/bibliotheque-archives-vision\/#breadcrumb\",\"itemListElement\":[{\"@type\":\"ListItem\",\"position\":1,\"name\":\"Home\",\"item\":\"https:\/\/inspire555.ca\/fr\/\"},{\"@type\":\"ListItem\",\"position\":2,\"name\":\"La vision\"}]},{\"@type\":\"WebSite\",\"@id\":\"https:\/\/inspire555.ca\/#website\",\"url\":\"https:\/\/inspire555.ca\/\",\"name\":\"Installation partag\u00e9e de la Biblioth\u00e8que publique d\u2019Ottawa et de Biblioth\u00e8que et Archives Canada\",\"description\":\"\",\"potentialAction\":[{\"@type\":\"SearchAction\",\"target\":{\"@type\":\"EntryPoint\",\"urlTemplate\":\"https:\/\/inspire555.ca\/?s={search_term_string}\"},\"query-input\":{\"@type\":\"PropertyValueSpecification\",\"valueRequired\":true,\"valueName\":\"search_term_string\"}}],\"inLanguage\":\"fr-FR\"}]}<\/script>\n<!-- \/ Yoast SEO plugin. -->","yoast_head_json":{"title":"La vision - Installation partag\u00e9e de la Biblioth\u00e8que publique d\u2019Ottawa et de Biblioth\u00e8que et Archives Canada","description":"L\u2019installation partag\u00e9e de la Biblioth\u00e8que publique d\u2019Ottawa et de Biblioth\u00e8que et Archives Canada sera une destination phare fond\u00e9e sur les valeurs et les passions communes aux \u00e9tablissements partenaires\u00a0: le savoir, l\u2019histoire, la d\u00e9couverte, la culture, la cr\u00e9ativit\u00e9, la collaboration et les relations.","robots":{"index":"index","follow":"follow","max-snippet":"max-snippet:-1","max-image-preview":"max-image-preview:large","max-video-preview":"max-video-preview:-1"},"canonical":"https:\/\/inspire555.ca\/fr\/bibliotheque-archives-vision\/","og_locale":"fr_FR","og_type":"article","og_title":"La vision - Installation partag\u00e9e de la Biblioth\u00e8que publique d\u2019Ottawa et de Biblioth\u00e8que et Archives Canada","og_description":"L\u2019installation partag\u00e9e de la Biblioth\u00e8que publique d\u2019Ottawa et de Biblioth\u00e8que et Archives Canada sera une destination phare fond\u00e9e sur les valeurs et les passions communes aux \u00e9tablissements partenaires\u00a0: le savoir, l\u2019histoire, la d\u00e9couverte, la culture, la cr\u00e9ativit\u00e9, la collaboration et les relations.","og_url":"https:\/\/inspire555.ca\/fr\/bibliotheque-archives-vision\/","og_site_name":"Installation partag\u00e9e de la Biblioth\u00e8que publique d\u2019Ottawa et de Biblioth\u00e8que et Archives Canada","article_modified_time":"2021-11-17T14:46:02+00:00","twitter_card":"summary_large_image","twitter_misc":{"Dur\u00e9e de lecture estim\u00e9e":"1 minute"},"schema":{"@context":"https:\/\/schema.org","@graph":[{"@type":"WebPage","@id":"https:\/\/inspire555.ca\/fr\/bibliotheque-archives-vision\/","url":"https:\/\/inspire555.ca\/fr\/bibliotheque-archives-vision\/","name":"La vision - Installation partag\u00e9e de la Biblioth\u00e8que publique d\u2019Ottawa et de Biblioth\u00e8que et Archives Canada","isPartOf":{"@id":"https:\/\/inspire555.ca\/#website"},"datePublished":"2020-01-14T15:42:30+00:00","dateModified":"2021-11-17T14:46:02+00:00","description":"L\u2019installation partag\u00e9e de la Biblioth\u00e8que publique d\u2019Ottawa et de Biblioth\u00e8que et Archives Canada sera une destination phare fond\u00e9e sur les valeurs et les passions communes aux \u00e9tablissements partenaires\u00a0: le savoir, l\u2019histoire, la d\u00e9couverte, la culture, la cr\u00e9ativit\u00e9, la collaboration et les relations.","breadcrumb":{"@id":"https:\/\/inspire555.ca\/fr\/bibliotheque-archives-vision\/#breadcrumb"},"inLanguage":"fr-FR","potentialAction":[{"@type":"ReadAction","target":["https:\/\/inspire555.ca\/fr\/bibliotheque-archives-vision\/"]}]},{"@type":"BreadcrumbList","@id":"https:\/\/inspire555.ca\/fr\/bibliotheque-archives-vision\/#breadcrumb","itemListElement":[{"@type":"ListItem","position":1,"name":"Home","item":"https:\/\/inspire555.ca\/fr\/"},{"@type":"ListItem","position":2,"name":"La vision"}]},{"@type":"WebSite","@id":"https:\/\/inspire555.ca\/#website","url":"https:\/\/inspire555.ca\/","name":"Installation partag\u00e9e de la Biblioth\u00e8que publique d\u2019Ottawa et de Biblioth\u00e8que et Archives Canada","description":"","potentialAction":[{"@type":"SearchAction","target":{"@type":"EntryPoint","urlTemplate":"https:\/\/inspire555.ca\/?s={search_term_string}"},"query-input":{"@type":"PropertyValueSpecification","valueRequired":true,"valueName":"search_term_string"}}],"inLanguage":"fr-FR"}]}},"_links":{"self":[{"href":"https:\/\/inspire555.ca\/fr\/wp-json\/wp\/v2\/pages\/299"}],"collection":[{"href":"https:\/\/inspire555.ca\/fr\/wp-json\/wp\/v2\/pages"}],"about":[{"href":"https:\/\/inspire555.ca\/fr\/wp-json\/wp\/v2\/types\/page"}],"author":[{"embeddable":true,"href":"https:\/\/inspire555.ca\/fr\/wp-json\/wp\/v2\/users\/1"}],"replies":[{"embeddable":true,"href":"https:\/\/inspire555.ca\/fr\/wp-json\/wp\/v2\/comments?post=299"}],"version-history":[{"count":9,"href":"https:\/\/inspire555.ca\/fr\/wp-json\/wp\/v2\/pages\/299\/revisions"}],"predecessor-version":[{"id":2392,"href":"https:\/\/inspire555.ca\/fr\/wp-json\/wp\/v2\/pages\/299\/revisions\/2392"}],"wp:attachment":[{"href":"https:\/\/inspire555.ca\/fr\/wp-json\/wp\/v2\/media?parent=299"}],"curies":[{"name":"wp","href":"https:\/\/api.w.org\/{rel}","templated":true}]}}