{"id":2398,"date":"2021-11-26T10:16:20","date_gmt":"2021-11-26T15:16:20","guid":{"rendered":"https:\/\/inspire555.ca\/?page_id=2398"},"modified":"2023-10-06T11:39:31","modified_gmt":"2023-10-06T15:39:31","slug":"mise-a-jour-sur-les-travaux","status":"publish","type":"page","link":"https:\/\/inspire555.ca\/fr\/mise-a-jour-sur-les-travaux\/","title":{"rendered":"Mise \u00e0 jour sur les travaux"},"content":{"rendered":"","protected":false},"excerpt":{"rendered":"","protected":false},"author":1,"featured_media":0,"parent":0,"menu_order":0,"comment_status":"closed","ping_status":"closed","template":"","meta":{"footnotes":""},"acf":[],"yoast_head":"<!-- This site is optimized with the Yoast SEO plugin v24.5 - https:\/\/yoast.com\/wordpress\/plugins\/seo\/ -->\n<title>Mise \u00e0 jour sur les travaux - Installation partag\u00e9e de la Biblioth\u00e8que publique d\u2019Ottawa et de Biblioth\u00e8que et Archives Canada<\/title>\n<meta name=\"robots\" content=\"index, follow, max-snippet:-1, max-image-preview:large, max-video-preview:-1\" \/>\n<link rel=\"canonical\" href=\"https:\/\/inspire555.ca\/fr\/mise-a-jour-sur-les-travaux\/\" \/>\n<meta property=\"og:locale\" content=\"fr_FR\" \/>\n<meta property=\"og:type\" content=\"article\" \/>\n<meta property=\"og:title\" content=\"Mise \u00e0 jour sur les travaux - Installation partag\u00e9e de la Biblioth\u00e8que publique d\u2019Ottawa et de Biblioth\u00e8que et Archives Canada\" \/>\n<meta property=\"og:url\" content=\"https:\/\/inspire555.ca\/fr\/mise-a-jour-sur-les-travaux\/\" \/>\n<meta property=\"og:site_name\" content=\"Installation partag\u00e9e de la Biblioth\u00e8que publique d\u2019Ottawa et de Biblioth\u00e8que et Archives Canada\" \/>\n<meta property=\"article:modified_time\" content=\"2023-10-06T15:39:31+00:00\" \/>\n<meta name=\"twitter:card\" content=\"summary_large_image\" \/>\n<script type=\"application\/ld+json\" class=\"yoast-schema-graph\">{\"@context\":\"https:\/\/schema.org\",\"@graph\":[{\"@type\":\"WebPage\",\"@id\":\"https:\/\/inspire555.ca\/fr\/mise-a-jour-sur-les-travaux\/\",\"url\":\"https:\/\/inspire555.ca\/fr\/mise-a-jour-sur-les-travaux\/\",\"name\":\"Mise \u00e0 jour sur les travaux - Installation partag\u00e9e de la Biblioth\u00e8que publique d\u2019Ottawa et de Biblioth\u00e8que et Archives Canada\",\"isPartOf\":{\"@id\":\"https:\/\/inspire555.ca\/#website\"},\"datePublished\":\"2021-11-26T15:16:20+00:00\",\"dateModified\":\"2023-10-06T15:39:31+00:00\",\"breadcrumb\":{\"@id\":\"https:\/\/inspire555.ca\/fr\/mise-a-jour-sur-les-travaux\/#breadcrumb\"},\"inLanguage\":\"fr-FR\",\"potentialAction\":[{\"@type\":\"ReadAction\",\"target\":[\"https:\/\/inspire555.ca\/fr\/mise-a-jour-sur-les-travaux\/\"]}]},{\"@type\":\"BreadcrumbList\",\"@id\":\"https:\/\/inspire555.ca\/fr\/mise-a-jour-sur-les-travaux\/#breadcrumb\",\"itemListElement\":[{\"@type\":\"ListItem\",\"position\":1,\"name\":\"Home\",\"item\":\"https:\/\/inspire555.ca\/fr\/\"},{\"@type\":\"ListItem\",\"position\":2,\"name\":\"Mise \u00e0 jour sur les travaux\"}]},{\"@type\":\"WebSite\",\"@id\":\"https:\/\/inspire555.ca\/#website\",\"url\":\"https:\/\/inspire555.ca\/\",\"name\":\"Installation partag\u00e9e de la Biblioth\u00e8que publique d\u2019Ottawa et de Biblioth\u00e8que et Archives Canada\",\"description\":\"\",\"potentialAction\":[{\"@type\":\"SearchAction\",\"target\":{\"@type\":\"EntryPoint\",\"urlTemplate\":\"https:\/\/inspire555.ca\/?s={search_term_string}\"},\"query-input\":{\"@type\":\"PropertyValueSpecification\",\"valueRequired\":true,\"valueName\":\"search_term_string\"}}],\"inLanguage\":\"fr-FR\"}]}<\/script>\n<!-- \/ Yoast SEO plugin. -->","yoast_head_json":{"title":"Mise \u00e0 jour sur les travaux - Installation partag\u00e9e de la Biblioth\u00e8que publique d\u2019Ottawa et de Biblioth\u00e8que et Archives Canada","robots":{"index":"index","follow":"follow","max-snippet":"max-snippet:-1","max-image-preview":"max-image-preview:large","max-video-preview":"max-video-preview:-1"},"canonical":"https:\/\/inspire555.ca\/fr\/mise-a-jour-sur-les-travaux\/","og_locale":"fr_FR","og_type":"article","og_title":"Mise \u00e0 jour sur les travaux - Installation partag\u00e9e de la Biblioth\u00e8que publique d\u2019Ottawa et de Biblioth\u00e8que et Archives Canada","og_url":"https:\/\/inspire555.ca\/fr\/mise-a-jour-sur-les-travaux\/","og_site_name":"Installation partag\u00e9e de la Biblioth\u00e8que publique d\u2019Ottawa et de Biblioth\u00e8que et Archives Canada","article_modified_time":"2023-10-06T15:39:31+00:00","twitter_card":"summary_large_image","schema":{"@context":"https:\/\/schema.org","@graph":[{"@type":"WebPage","@id":"https:\/\/inspire555.ca\/fr\/mise-a-jour-sur-les-travaux\/","url":"https:\/\/inspire555.ca\/fr\/mise-a-jour-sur-les-travaux\/","name":"Mise \u00e0 jour sur les travaux - Installation partag\u00e9e de la Biblioth\u00e8que publique d\u2019Ottawa et de Biblioth\u00e8que et Archives Canada","isPartOf":{"@id":"https:\/\/inspire555.ca\/#website"},"datePublished":"2021-11-26T15:16:20+00:00","dateModified":"2023-10-06T15:39:31+00:00","breadcrumb":{"@id":"https:\/\/inspire555.ca\/fr\/mise-a-jour-sur-les-travaux\/#breadcrumb"},"inLanguage":"fr-FR","potentialAction":[{"@type":"ReadAction","target":["https:\/\/inspire555.ca\/fr\/mise-a-jour-sur-les-travaux\/"]}]},{"@type":"BreadcrumbList","@id":"https:\/\/inspire555.ca\/fr\/mise-a-jour-sur-les-travaux\/#breadcrumb","itemListElement":[{"@type":"ListItem","position":1,"name":"Home","item":"https:\/\/inspire555.ca\/fr\/"},{"@type":"ListItem","position":2,"name":"Mise \u00e0 jour sur les travaux"}]},{"@type":"WebSite","@id":"https:\/\/inspire555.ca\/#website","url":"https:\/\/inspire555.ca\/","name":"Installation partag\u00e9e de la Biblioth\u00e8que publique d\u2019Ottawa et de Biblioth\u00e8que et Archives Canada","description":"","potentialAction":[{"@type":"SearchAction","target":{"@type":"EntryPoint","urlTemplate":"https:\/\/inspire555.ca\/?s={search_term_string}"},"query-input":{"@type":"PropertyValueSpecification","valueRequired":true,"valueName":"search_term_string"}}],"inLanguage":"fr-FR"}]}},"_links":{"self":[{"href":"https:\/\/inspire555.ca\/fr\/wp-json\/wp\/v2\/pages\/2398"}],"collection":[{"href":"https:\/\/inspire555.ca\/fr\/wp-json\/wp\/v2\/pages"}],"about":[{"href":"https:\/\/inspire555.ca\/fr\/wp-json\/wp\/v2\/types\/page"}],"author":[{"embeddable":true,"href":"https:\/\/inspire555.ca\/fr\/wp-json\/wp\/v2\/users\/1"}],"replies":[{"embeddable":true,"href":"https:\/\/inspire555.ca\/fr\/wp-json\/wp\/v2\/comments?post=2398"}],"version-history":[{"count":47,"href":"https:\/\/inspire555.ca\/fr\/wp-json\/wp\/v2\/pages\/2398\/revisions"}],"predecessor-version":[{"id":2866,"href":"https:\/\/inspire555.ca\/fr\/wp-json\/wp\/v2\/pages\/2398\/revisions\/2866"}],"wp:attachment":[{"href":"https:\/\/inspire555.ca\/fr\/wp-json\/wp\/v2\/media?parent=2398"}],"curies":[{"name":"wp","href":"https:\/\/api.w.org\/{rel}","templated":true}]}}