{"id":1777,"date":"2020-09-29T18:08:44","date_gmt":"2020-09-29T22:08:44","guid":{"rendered":"https:\/\/inspire555.ca\/?page_id=1777"},"modified":"2022-12-02T13:25:57","modified_gmt":"2022-12-02T18:25:57","slug":"participation-autochtone","status":"publish","type":"page","link":"https:\/\/inspire555.ca\/fr\/participation-autochtone\/","title":{"rendered":"La participation des Autochtones"},"content":{"rendered":"<p><a href=\"#item-2672\">Apprenez quelques mots en langue Algonquine Anishin\u0101bemowin<\/a><\/p>\n\n\n\n<div id=\"wpv-view-layout-1813\" class=\"js-wpv-view-layout js-wpv-layout-responsive js-wpv-view-layout-1813\" data-viewnumber=\"1813\" data-pagination=\"{&quot;id&quot;:1813,&quot;query&quot;:&quot;normal&quot;,&quot;type&quot;:&quot;disabled&quot;,&quot;effect&quot;:&quot;fade&quot;,&quot;duration&quot;:500,&quot;speed&quot;:5,&quot;pause_on_hover&quot;:&quot;disabled&quot;,&quot;stop_rollover&quot;:&quot;false&quot;,&quot;cache_pages&quot;:&quot;enabled&quot;,&quot;preload_images&quot;:&quot;enabled&quot;,&quot;preload_pages&quot;:&quot;enabled&quot;,&quot;preload_reach&quot;:1,&quot;spinner&quot;:&quot;builtin&quot;,&quot;spinner_image&quot;:&quot;https:\/\/inspire555.ca\/wp-content\/plugins\/wp-views\/embedded\/res\/img\/ajax-loader.gif&quot;,&quot;callback_next&quot;:&quot;&quot;,&quot;manage_history&quot;:&quot;enabled&quot;,&quot;has_controls_in_form&quot;:&quot;disabled&quot;,&quot;infinite_tolerance&quot;:&quot;0&quot;,&quot;max_pages&quot;:0,&quot;page&quot;:1,&quot;base_permalink&quot;:&quot;\/fr\/wp-json\/wp\/v2\/pages\/1777?wpv_view_count=1813&amp;wpv_paged=WPV_PAGE_NUM&quot;,&quot;loop&quot;:{&quot;type&quot;:&quot;&quot;,&quot;name&quot;:&quot;&quot;,&quot;data&quot;:[],&quot;id&quot;:0}}\" data-permalink=\"\/fr\/wp-json\/wp\/v2\/pages\/1777?wpv_view_count=1813\">\n\n\t\n<div id=\"spaces-content\" class=\"spaces-wrapper cf\">\n\t\n\t\n\t\n\t\t<div id=\"item-1830\" class=\"space_item space_item_1830\"><div class=\"space-header\"><h3 class=\"space-title font-weight-regular text-uppercase\">Le contexte<\/h3><\/div><div class=\"space-content\"><p>Le site de l\u2019installation partag\u00e9e est am\u00e9nag\u00e9 sur le territoire traditionnel du peuple algonquin Anishinabeg, qui vit dans la r\u00e9gion depuis des temps imm\u00e9moriaux. Le domaine qui entoure la chute des Chaudi\u00e8res est un lieu de rassemblement sacr\u00e9 pour la nation algonquine Anishinabeg et d\u2019autres Premi\u00e8res Nations, en raison de son association au portage et \u00e0 la route commerciale qu\u2019empruntaient les peuples autochtones le long de la rivi\u00e8re des Outaouais (Kichi Sipi).<\/p>\n<p>L\u2019id\u00e9e d\u2019am\u00e9nager une biblioth\u00e8que publique communautaire et une biblioth\u00e8que et des archives nationales sur ce site est l\u2019occasion de se pencher sur la nature du transfert du savoir et de l\u2019apprentissage qui se d\u00e9rouleront dans ce b\u00e2timent et sur les liens avec la nation algonquine Anishinabeg et les communaut\u00e9s autochtones d\u2019Ottawa et d\u2019un oc\u00e9an \u00e0 l\u2019autre. L\u2019inclusion du savoir traditionnel autochtone vient enrichir l\u2019identit\u00e9 et la vision du projet.<\/p>\n<p>L\u2019\u00e9quipe du projet de l\u2019installation partag\u00e9e et les architectes ont travaill\u00e9 en collaboration avec un sp\u00e9cialiste de la consultation des Autochtones afin de mobiliser la nation h\u00f4te algonquine Anishinabeg. Ce sp\u00e9cialiste a jou\u00e9 le r\u00f4le de guide et d\u2019animateur de la consultation de la nation algonquine Anishinabeg \u00e0 propos de ce projet. L\u2019objectif consistait \u00e0 mener un processus de consultation significatif, fond\u00e9 sur les grands principes de l\u2019amiti\u00e9, de la confiance et de l\u2019int\u00e9r\u00eat mutuel, en plus de respecter un processus et une approche fid\u00e8les aux protocoles culturels et au savoir traditionnel autochtone.<br \/>\n.<\/p>\n<p><img loading=\"lazy\" decoding=\"async\" class=\"alignnone size-full wp-image-1866\" src=\"https:\/\/inspire555.ca\/wp-content\/uploads\/2020\/10\/design-inspiration-fr-600.jpg\" alt=\"\" width=\"600\" height=\"338\" srcset=\"https:\/\/inspire555.ca\/wp-content\/uploads\/2020\/10\/design-inspiration-fr-600.jpg 600w, https:\/\/inspire555.ca\/wp-content\/uploads\/2020\/10\/design-inspiration-fr-600-300x169.jpg 300w\" sizes=\"(max-width: 600px) 100vw, 600px\" \/><\/p>\n<\/div><\/div>\n\n\n\t\n\t\t<div id=\"item-1834\" class=\"space_item space_item_1834\"><div class=\"space-header\"><h3 class=\"space-title font-weight-regular text-uppercase\">L\u2019APPROCHE ADOPT\u00c9E DANS LA CONSULTATION<\/h3><\/div><div class=\"space-content\"><p>La Premi\u00e8re Nation Kitigan Zibi Anishinabeg et la Premi\u00e8re Nation algonquine de Pikw\u00e0kanag\u00e0n ont \u00e9t\u00e9 les deux grandes communaut\u00e9s s\u00e9lectionn\u00e9es pour la consultation qui a port\u00e9 sur la conception de l\u2019installation partag\u00e9e. Si ces communaut\u00e9s sont importantes, c\u2019est pour un certain nombre de raisons, dont leur proximit\u00e9 par rapport \u00e0 Ottawa, leur harmonie culturelle et l\u2019int\u00e9r\u00eat qu\u2019elles ont exprim\u00e9 pour participer \u00e0 la consultation.<\/p>\n<p>Afin de lancer ce processus, les \u00e9quipes de la conception et du projet se sont rendues dans les deux communaut\u00e9s en mars 2019. Ces premi\u00e8res r\u00e9unions ont servi \u00e0 \u00e9couter, comprendre et nouer des relations. Il fallait obtenir la confiance des a\u00een\u00e9s et respecter leurs communaut\u00e9s pour rester fid\u00e8le \u00e0 l\u2019esprit du projet et jeter les fondements d\u2019une relation avantageuse de part et d\u2019autre. L\u2019\u00e9quipe charg\u00e9e de la conception a donn\u00e9 un aper\u00e7u du projet, du calendrier et des \u00e9tapes et a surtout demand\u00e9 des avis sur ce qu\u2019il fallait faire pour reconna\u00eetre concr\u00e8tement le territoire algonquin.<\/p>\n<p>Afin de poursuivre la s\u00e9rie de consultations, l\u2019\u00e9quipe charg\u00e9e de la conception a invit\u00e9 \u00e0 Ottawa, en juin 2019, les a\u00een\u00e9s et les membres int\u00e9ress\u00e9s de la communaut\u00e9 pour exprimer des avis cr\u00e9atifs \u00e0 l\u2019occasion des ateliers consacr\u00e9s \u00e0 la conception. Le premier atelier de conception a \u00e9t\u00e9 l\u2019occasion de se concerter avec les membres de la communaut\u00e9 pour d\u00e9finir, dans l\u2019installation et le paysage, les lieux privil\u00e9gi\u00e9s dans lesquels on pourrait int\u00e9grer des \u00e9l\u00e9ments de conception propres \u00e0 la culture autochtone.<\/p>\n<p>En plus de travailler en collaboration avec les communaut\u00e9s de la Premi\u00e8re Nation Kitigan Zibi Anishinabeg et la Premi\u00e8re Nation algonquine de Pikw\u00e0kanag\u00e0n, l\u2019\u00e9quipe charg\u00e9e de la conception s\u2019est r\u00e9unie en mai 2019 avec le Comit\u00e9 consultatif autochtone de Biblioth\u00e8que et Archives Canada.<\/p>\n<p>Puis, deux ateliers ax\u00e9s sur la conception se sont d\u00e9roul\u00e9s, en octobre et en d\u00e9cembre 2019, dans les communaut\u00e9s de la Premi\u00e8re Nation Kitigan Zibi Anishinabeg et la Premi\u00e8re Nation algonquine de Pikw\u00e0kanag\u00e0n. L\u2019\u00e9quipe charg\u00e9e de la conception a livr\u00e9 \u00e0 ces communaut\u00e9s le compte rendu de ce qui s\u2019\u00e9tait dit durant les derniers ateliers de conception et des incidences de leurs id\u00e9es sur la conception de l\u2019installation. <a href=\"https:\/\/inspire555.ca\/fr\/retroaction-de-la-communaute-algonquine-sur-la-conception-et-mesures-prises\/\" target=\"_blank\" rel=\"noopener\">Pour en savoir plus \u00e0 propos des commentaires exprim\u00e9s par la nation h\u00f4te algonquine Anishinabeg sur la conception<\/a>.<\/p>\n<p><img loading=\"lazy\" decoding=\"async\" class=\"alignnone size-full wp-image-1862\" src=\"https:\/\/inspire555.ca\/wp-content\/uploads\/2020\/10\/building-sketch-600.jpg\" alt=\"\" width=\"600\" height=\"327\" srcset=\"https:\/\/inspire555.ca\/wp-content\/uploads\/2020\/10\/building-sketch-600.jpg 600w, https:\/\/inspire555.ca\/wp-content\/uploads\/2020\/10\/building-sketch-600-300x164.jpg 300w\" sizes=\"(max-width: 600px) 100vw, 600px\" \/><\/p>\n<\/div><\/div>\n\n\n\t\n\t\t<div id=\"item-1837\" class=\"space_item space_item_1837\"><div class=\"space-header\"><h3 class=\"space-title font-weight-regular text-uppercase\">Les s\u00e9ances de consultation<\/h3><\/div><div class=\"space-content\"><p>Au d\u00e9but de 2020, l\u2019\u00e9quipe du projet a planifi\u00e9 d\u2019autres activit\u00e9s de consultation aupr\u00e8s de la collectivit\u00e9 autochtone de la zone urbaine d\u2019Ottawa, ainsi qu\u2019avec des organismes autochtones d\u2019envergure nationale, pour concevoir un espace accueillant, m\u00fbrement r\u00e9fl\u00e9chi et inclusif de tous les visiteurs repr\u00e9sentant les Premi\u00e8res Nations, les Inuits et les M\u00e9tis. <\/p>\n<p>La pand\u00e9mie de COVID-19 a oblig\u00e9 \u00e0 tenir, sur des plateformes virtuelles et en ligne, toutes les activit\u00e9s de consultation des Autochtones.<\/p>\n<p>\u00c0 la fin de septembre et au d\u00e9but d\u2019octobre 2020, les s\u00e9ances de consultation destin\u00e9es aux organismes autochtones locaux et nationaux sur les sources d\u2019inspiration architecturale de la conception de l\u2019installation, les concepts initiaux de l\u2019int\u00e9gration des \u0153uvres d\u2019art autochtones dans l\u2019installation et la premi\u00e8re r\u00e9flexion sur les programmes, les collections et les services se sont d\u00e9roul\u00e9es virtuellement. La structure de ces consultations pr\u00e9voyait des occasions de poser des questions et d\u2019\u00e9changer des id\u00e9es.<\/p>\n<p>Men\u00e9e par des animateurs autochtones, une s\u00e9ance de consultation virtuelle a eu lieu en novembre 2020 avec les membres de la communaut\u00e9 locale des Autochtones de la zone urbaine d\u2019Ottawa Gatineau.<\/p>\n<p>On a pu donner aux participants de l\u2019information sur les sources d\u2019inspiration architecturale dans la conception de l\u2019installation; ils ont pu poser des questions sur les programmes, les services et les caract\u00e9ristiques de l\u2019installation partag\u00e9e et faire des commentaires et des recommandations pour s\u2019assurer que la nouvelle installation partag\u00e9e serait un lieu inclusif pour les particuliers, les familles et les organismes des Premi\u00e8res Nations et des nations inuite et m\u00e9tisse de la localit\u00e9. <\/p>\n<p><img loading=\"lazy\" decoding=\"async\" class=\"wp-image-1884 size-large\" src=\"https:\/\/inspire555.ca\/wp-content\/uploads\/2020\/11\/VCAM-C_Albert-East-1024x576.jpg\" alt=\"View of Facility from Albert St East\" width=\"640\" height=\"360\" srcset=\"https:\/\/inspire555.ca\/wp-content\/uploads\/2020\/11\/VCAM-C_Albert-East-1024x576.jpg 1024w, https:\/\/inspire555.ca\/wp-content\/uploads\/2020\/11\/VCAM-C_Albert-East-300x169.jpg 300w, https:\/\/inspire555.ca\/wp-content\/uploads\/2020\/11\/VCAM-C_Albert-East-768x432.jpg 768w, https:\/\/inspire555.ca\/wp-content\/uploads\/2020\/11\/VCAM-C_Albert-East-1536x864.jpg 1536w\" sizes=\"(max-width: 640px) 100vw, 640px\" \/><\/p>\n<\/div><\/div>\n\n\n\t\n\t\t<div id=\"item-1847\" class=\"space_item space_item_1847\"><div class=\"space-header\"><h3 class=\"space-title font-weight-regular text-uppercase\">Le sondage en ligne<\/h3><\/div><div class=\"space-content\"><p>Un sondage en ligne \u00e0 l\u2019intention des Autochtones assurait l\u2019appoint des s\u00e9ances de consultation virtuelles. Ce sondage offrait, aux peuples autochtones de la r\u00e9gion d\u2019Ottawa et de tout le Canada, l\u2019occasion d\u2019exprimer des id\u00e9es, des suggestions et des commentaires sur la nouvelle installation partag\u00e9e, notamment sur la conception des espaces int\u00e9rieurs et ext\u00e9rieurs, de m\u00eame que sur les programmes et les services offerts.<\/p>\n<\/div><\/div>\n\n\n\t\n\t\t<div id=\"item-1906\" class=\"space_item space_item_1906\"><div class=\"space-header\"><h3 class=\"space-title font-weight-regular text-uppercase\">Les prochaines \u00e9tapes<\/h3><\/div><div class=\"space-content\"><p>L\u2019\u00e9quipe du projet continuera de consulter les nations algonquines Anishin\u0101beg h\u00f4tes et les communaut\u00e9s locales et nationales des Premi\u00e8res Nations et des nations inuite et m\u00e9tisse, afin d\u2019\u00e9clairer les programmes et les services qui seront offerts dans l\u2019installation partag\u00e9e.<\/p>\n<p>Tous les partenaires du projet souhaitent nouer des liens qui seront permanents et qui se poursuivront dans les prochaines ann\u00e9es de la planification et apr\u00e8s l\u2019ouverture de l\u2019installation partag\u00e9e.<\/p>\n<\/div><\/div>\n\n\n\t\n\t\t<div id=\"item-2301\" class=\"space_item space_item_2301\"><div class=\"space-header\"><h3 class=\"space-title font-weight-regular text-uppercase\">Appellation de l\u2019installation<\/h3><\/div><div class=\"space-content\"><p>Alors que l\u2019engagement et la collaboration se poursuivent, il est devenu \u00e9vident que l\u2019on pourrait aussi donner un nom dans la langue algonquine anishin\u0101bemowin \u00e0 ce nouveau b\u00e2timent, con\u00e7u pour \u00eatre inclusif et accueillant pour toutes et pour tous.<\/p>\n<p>Apr\u00e8s m\u00fbre r\u00e9flexion, la nation h\u00f4te et l\u2019\u00e9quipe de projet ont choisi le nom \u0100dis\u014dke \u2014 un mot anishin\u0101bemowin qui d\u00e9signe l\u2019art du r\u00e9cit. Le r\u00e9cit est le moyen traditionnel par lequel les peuples autochtones transmettent le savoir, la culture et l\u2019histoire aux g\u00e9n\u00e9rations suivantes.<\/p>\n<p><a href=\"https:\/\/inspire555.ca\/fr\/updates\/la-nation-algonquine-anishinabeg-donne-lappellation-adisoke-a-linstallation-partagee-de-la-bibliotheque-publique-dottawa-et-de-bibliotheque-et-archives-canada\/\">Lisez le communiqu\u00e9 de presse sur le d\u00e9voilement du nom.<\/a><\/p>\n<p><a href=\"https:\/\/inspire555.ca\/fr\/%ce%b1disoke-la-petite-histoire-de-lappellation\/\">Lisez l\u2019histoire du mot Adis\u014dke.<\/a><\/p>\n<\/div><\/div>\n\n\n\t\n\t\t<div id=\"item-2672\" class=\"space_item space_item_2672\"><div class=\"space-header\"><h3 class=\"space-title font-weight-regular text-uppercase\">Apprenez quelques mots en langue algonquine Anishin\u0101bemowin<\/h3><\/div><div class=\"space-content\"><p>\u0100dis\u014dke est situ\u00e9 sur le territoire traditionnel et non c\u00e9d\u00e9 de la nation algonquine Anishin\u0101beg. Le nom \u0100dis\u014dke fait r\u00e9f\u00e9rence \u00e0 \u00ab l\u2019art du r\u00e9cit \u00bb en langue algonquine Anishin\u0101bemowin. L&rsquo;\u00e9quipe du projet \u0100dis\u014dke vous invite \u00e0 apprendre quelques mots en langue algonquine Anishin\u0101bemowin. Nous tenons \u00e0 remercier Joan Tenasco, la gardienne de la langue de la communaut\u00e9 Anishin\u0101beg de Kitigan Zibi, pour sa g\u00e9n\u00e9reuse contribution \u00e0 ce projet auquel elle a pr\u00eat\u00e9 sa voix et traduit les textes en anishin\u0101bemowin.<\/p>\n<p>Faites jouer les vid\u00e9os ci-dessous et commencez \u00e0 apprendre !<\/p>\n<p>Vid\u00e9o #1<\/p>\n<p><iframe loading=\"lazy\" title=\"Monanikewin - Inauguration des travaux\" width=\"640\" height=\"360\" src=\"https:\/\/www.youtube.com\/embed\/w9SqpbXJqCo?feature=oembed\" frameborder=\"0\" allow=\"accelerometer; autoplay; clipboard-write; encrypted-media; gyroscope; picture-in-picture; web-share\" referrerpolicy=\"strict-origin-when-cross-origin\" allowfullscreen><\/iframe><\/p>\n<p>Vid\u00e9o #2<\/p>\n<p><iframe loading=\"lazy\" title=\"Ozid\u00e0wang - Fondation\" width=\"640\" height=\"360\" src=\"https:\/\/www.youtube.com\/embed\/1LcwDzSqya0?feature=oembed\" frameborder=\"0\" allow=\"accelerometer; autoplay; clipboard-write; encrypted-media; gyroscope; picture-in-picture; web-share\" referrerpolicy=\"strict-origin-when-cross-origin\" allowfullscreen><\/iframe><\/p>\n<p>Vid\u00e9o #3<\/p>\n<p><iframe loading=\"lazy\" title=\"Adjidja\u0300kwa\u0300bik - Grue\" width=\"640\" height=\"360\" src=\"https:\/\/www.youtube.com\/embed\/7PHEX-gx_w8?feature=oembed\" frameborder=\"0\" allow=\"accelerometer; autoplay; clipboard-write; encrypted-media; gyroscope; picture-in-picture; web-share\" referrerpolicy=\"strict-origin-when-cross-origin\" allowfullscreen><\/iframe><\/p>\n<p>Vid\u00e9o #4<\/p>\n<p><iframe loading=\"lazy\" title=\"Aki\u0300 - Am\u00e9nagement paysager\" width=\"640\" height=\"360\" src=\"https:\/\/www.youtube.com\/embed\/jN7uDWnbKKo?feature=oembed\" frameborder=\"0\" allow=\"accelerometer; autoplay; clipboard-write; encrypted-media; gyroscope; picture-in-picture; web-share\" referrerpolicy=\"strict-origin-when-cross-origin\" allowfullscreen><\/iframe><\/p>\n<p>Vid\u00e9o #5<\/p>\n<p><iframe loading=\"lazy\" title=\"Pi\u0300ndigamig - Int\u00e9rieur\" width=\"640\" height=\"360\" src=\"https:\/\/www.youtube.com\/embed\/B8egbNQGUXQ?feature=oembed\" frameborder=\"0\" allow=\"accelerometer; autoplay; clipboard-write; encrypted-media; gyroscope; picture-in-picture; web-share\" referrerpolicy=\"strict-origin-when-cross-origin\" allowfullscreen><\/iframe><\/p>\n<p>Vid\u00e9o #6<\/p>\n<p><iframe loading=\"lazy\" title=\"Ishkwa\u0300hi\u0300ka\u0300ganiwan - Ach\u00e8vement\" width=\"640\" height=\"360\" src=\"https:\/\/www.youtube.com\/embed\/cVFYYN_u8Y8?feature=oembed\" frameborder=\"0\" allow=\"accelerometer; autoplay; clipboard-write; encrypted-media; gyroscope; picture-in-picture; web-share\" referrerpolicy=\"strict-origin-when-cross-origin\" allowfullscreen><\/iframe><\/p>\n<\/div><\/div>\n\n\n\t\n\t\n<\/div>\n\t\n\t\n<\/div>\n\n","protected":false},"excerpt":{"rendered":"<p>Apprenez quelques mots en langue Algonquine Anishin\u0101bemowin<\/p>\n","protected":false},"author":1,"featured_media":0,"parent":0,"menu_order":0,"comment_status":"closed","ping_status":"closed","template":"page-basic-template.php","meta":{"footnotes":""},"acf":[],"yoast_head":"<!-- This site is optimized with the Yoast SEO plugin v24.5 - https:\/\/yoast.com\/wordpress\/plugins\/seo\/ -->\n<title>La participation des Autochtones - Installation partag\u00e9e de la Biblioth\u00e8que publique d\u2019Ottawa et de Biblioth\u00e8que et Archives Canada<\/title>\n<meta name=\"description\" content=\"L\u2019\u00e9quipe du projet de l\u2019installation partag\u00e9e de la Biblioth\u00e8que publique d\u2019Ottawa et de Biblioth\u00e8que et Archives Canada offre une nouvelle occasion aux peuples autochtones de la r\u00e9gion d\u2019Ottawa\u00adGatineau et de tout le Canada de faire part d\u2019id\u00e9es, de suggestions et de commentaires sur la nouvelle installation partag\u00e9e.\" \/>\n<meta name=\"robots\" content=\"index, follow, max-snippet:-1, max-image-preview:large, max-video-preview:-1\" \/>\n<link rel=\"canonical\" href=\"https:\/\/inspire555.ca\/fr\/participation-autochtone\/\" \/>\n<meta property=\"og:locale\" content=\"fr_FR\" \/>\n<meta property=\"og:type\" content=\"article\" \/>\n<meta property=\"og:title\" content=\"La participation des Autochtones - Installation partag\u00e9e de la Biblioth\u00e8que publique d\u2019Ottawa et de Biblioth\u00e8que et Archives Canada\" \/>\n<meta property=\"og:description\" content=\"L\u2019\u00e9quipe du projet de l\u2019installation partag\u00e9e de la Biblioth\u00e8que publique d\u2019Ottawa et de Biblioth\u00e8que et Archives Canada offre une nouvelle occasion aux peuples autochtones de la r\u00e9gion d\u2019Ottawa\u00adGatineau et de tout le Canada de faire part d\u2019id\u00e9es, de suggestions et de commentaires sur la nouvelle installation partag\u00e9e.\" \/>\n<meta property=\"og:url\" content=\"https:\/\/inspire555.ca\/fr\/participation-autochtone\/\" \/>\n<meta property=\"og:site_name\" content=\"Installation partag\u00e9e de la Biblioth\u00e8que publique d\u2019Ottawa et de Biblioth\u00e8que et Archives Canada\" \/>\n<meta property=\"article:modified_time\" content=\"2022-12-02T18:25:57+00:00\" \/>\n<meta name=\"twitter:card\" content=\"summary_large_image\" \/>\n<meta name=\"twitter:label1\" content=\"Dur\u00e9e de lecture estim\u00e9e\" \/>\n\t<meta name=\"twitter:data1\" content=\"1 minute\" \/>\n<script type=\"application\/ld+json\" class=\"yoast-schema-graph\">{\"@context\":\"https:\/\/schema.org\",\"@graph\":[{\"@type\":\"WebPage\",\"@id\":\"https:\/\/inspire555.ca\/fr\/participation-autochtone\/\",\"url\":\"https:\/\/inspire555.ca\/fr\/participation-autochtone\/\",\"name\":\"La participation des Autochtones - Installation partag\u00e9e de la Biblioth\u00e8que publique d\u2019Ottawa et de Biblioth\u00e8que et Archives Canada\",\"isPartOf\":{\"@id\":\"https:\/\/inspire555.ca\/#website\"},\"datePublished\":\"2020-09-29T22:08:44+00:00\",\"dateModified\":\"2022-12-02T18:25:57+00:00\",\"description\":\"L\u2019\u00e9quipe du projet de l\u2019installation partag\u00e9e de la Biblioth\u00e8que publique d\u2019Ottawa et de Biblioth\u00e8que et Archives Canada offre une nouvelle occasion aux peuples autochtones de la r\u00e9gion d\u2019Ottawa\u00adGatineau et de tout le Canada de faire part d\u2019id\u00e9es, de suggestions et de commentaires sur la nouvelle installation partag\u00e9e.\",\"breadcrumb\":{\"@id\":\"https:\/\/inspire555.ca\/fr\/participation-autochtone\/#breadcrumb\"},\"inLanguage\":\"fr-FR\",\"potentialAction\":[{\"@type\":\"ReadAction\",\"target\":[\"https:\/\/inspire555.ca\/fr\/participation-autochtone\/\"]}]},{\"@type\":\"BreadcrumbList\",\"@id\":\"https:\/\/inspire555.ca\/fr\/participation-autochtone\/#breadcrumb\",\"itemListElement\":[{\"@type\":\"ListItem\",\"position\":1,\"name\":\"Home\",\"item\":\"https:\/\/inspire555.ca\/fr\/\"},{\"@type\":\"ListItem\",\"position\":2,\"name\":\"La participation des Autochtones\"}]},{\"@type\":\"WebSite\",\"@id\":\"https:\/\/inspire555.ca\/#website\",\"url\":\"https:\/\/inspire555.ca\/\",\"name\":\"Installation partag\u00e9e de la Biblioth\u00e8que publique d\u2019Ottawa et de Biblioth\u00e8que et Archives Canada\",\"description\":\"\",\"potentialAction\":[{\"@type\":\"SearchAction\",\"target\":{\"@type\":\"EntryPoint\",\"urlTemplate\":\"https:\/\/inspire555.ca\/?s={search_term_string}\"},\"query-input\":{\"@type\":\"PropertyValueSpecification\",\"valueRequired\":true,\"valueName\":\"search_term_string\"}}],\"inLanguage\":\"fr-FR\"}]}<\/script>\n<!-- \/ Yoast SEO plugin. -->","yoast_head_json":{"title":"La participation des Autochtones - Installation partag\u00e9e de la Biblioth\u00e8que publique d\u2019Ottawa et de Biblioth\u00e8que et Archives Canada","description":"L\u2019\u00e9quipe du projet de l\u2019installation partag\u00e9e de la Biblioth\u00e8que publique d\u2019Ottawa et de Biblioth\u00e8que et Archives Canada offre une nouvelle occasion aux peuples autochtones de la r\u00e9gion d\u2019Ottawa\u00adGatineau et de tout le Canada de faire part d\u2019id\u00e9es, de suggestions et de commentaires sur la nouvelle installation partag\u00e9e.","robots":{"index":"index","follow":"follow","max-snippet":"max-snippet:-1","max-image-preview":"max-image-preview:large","max-video-preview":"max-video-preview:-1"},"canonical":"https:\/\/inspire555.ca\/fr\/participation-autochtone\/","og_locale":"fr_FR","og_type":"article","og_title":"La participation des Autochtones - Installation partag\u00e9e de la Biblioth\u00e8que publique d\u2019Ottawa et de Biblioth\u00e8que et Archives Canada","og_description":"L\u2019\u00e9quipe du projet de l\u2019installation partag\u00e9e de la Biblioth\u00e8que publique d\u2019Ottawa et de Biblioth\u00e8que et Archives Canada offre une nouvelle occasion aux peuples autochtones de la r\u00e9gion d\u2019Ottawa\u00adGatineau et de tout le Canada de faire part d\u2019id\u00e9es, de suggestions et de commentaires sur la nouvelle installation partag\u00e9e.","og_url":"https:\/\/inspire555.ca\/fr\/participation-autochtone\/","og_site_name":"Installation partag\u00e9e de la Biblioth\u00e8que publique d\u2019Ottawa et de Biblioth\u00e8que et Archives Canada","article_modified_time":"2022-12-02T18:25:57+00:00","twitter_card":"summary_large_image","twitter_misc":{"Dur\u00e9e de lecture estim\u00e9e":"1 minute"},"schema":{"@context":"https:\/\/schema.org","@graph":[{"@type":"WebPage","@id":"https:\/\/inspire555.ca\/fr\/participation-autochtone\/","url":"https:\/\/inspire555.ca\/fr\/participation-autochtone\/","name":"La participation des Autochtones - Installation partag\u00e9e de la Biblioth\u00e8que publique d\u2019Ottawa et de Biblioth\u00e8que et Archives Canada","isPartOf":{"@id":"https:\/\/inspire555.ca\/#website"},"datePublished":"2020-09-29T22:08:44+00:00","dateModified":"2022-12-02T18:25:57+00:00","description":"L\u2019\u00e9quipe du projet de l\u2019installation partag\u00e9e de la Biblioth\u00e8que publique d\u2019Ottawa et de Biblioth\u00e8que et Archives Canada offre une nouvelle occasion aux peuples autochtones de la r\u00e9gion d\u2019Ottawa\u00adGatineau et de tout le Canada de faire part d\u2019id\u00e9es, de suggestions et de commentaires sur la nouvelle installation partag\u00e9e.","breadcrumb":{"@id":"https:\/\/inspire555.ca\/fr\/participation-autochtone\/#breadcrumb"},"inLanguage":"fr-FR","potentialAction":[{"@type":"ReadAction","target":["https:\/\/inspire555.ca\/fr\/participation-autochtone\/"]}]},{"@type":"BreadcrumbList","@id":"https:\/\/inspire555.ca\/fr\/participation-autochtone\/#breadcrumb","itemListElement":[{"@type":"ListItem","position":1,"name":"Home","item":"https:\/\/inspire555.ca\/fr\/"},{"@type":"ListItem","position":2,"name":"La participation des Autochtones"}]},{"@type":"WebSite","@id":"https:\/\/inspire555.ca\/#website","url":"https:\/\/inspire555.ca\/","name":"Installation partag\u00e9e de la Biblioth\u00e8que publique d\u2019Ottawa et de Biblioth\u00e8que et Archives Canada","description":"","potentialAction":[{"@type":"SearchAction","target":{"@type":"EntryPoint","urlTemplate":"https:\/\/inspire555.ca\/?s={search_term_string}"},"query-input":{"@type":"PropertyValueSpecification","valueRequired":true,"valueName":"search_term_string"}}],"inLanguage":"fr-FR"}]}},"_links":{"self":[{"href":"https:\/\/inspire555.ca\/fr\/wp-json\/wp\/v2\/pages\/1777"}],"collection":[{"href":"https:\/\/inspire555.ca\/fr\/wp-json\/wp\/v2\/pages"}],"about":[{"href":"https:\/\/inspire555.ca\/fr\/wp-json\/wp\/v2\/types\/page"}],"author":[{"embeddable":true,"href":"https:\/\/inspire555.ca\/fr\/wp-json\/wp\/v2\/users\/1"}],"replies":[{"embeddable":true,"href":"https:\/\/inspire555.ca\/fr\/wp-json\/wp\/v2\/comments?post=1777"}],"version-history":[{"count":14,"href":"https:\/\/inspire555.ca\/fr\/wp-json\/wp\/v2\/pages\/1777\/revisions"}],"predecessor-version":[{"id":2678,"href":"https:\/\/inspire555.ca\/fr\/wp-json\/wp\/v2\/pages\/1777\/revisions\/2678"}],"wp:attachment":[{"href":"https:\/\/inspire555.ca\/fr\/wp-json\/wp\/v2\/media?parent=1777"}],"curies":[{"name":"wp","href":"https:\/\/api.w.org\/{rel}","templated":true}]}}