{"id":1775,"date":"2020-09-29T18:05:43","date_gmt":"2020-09-29T22:05:43","guid":{"rendered":"https:\/\/inspire555.ca\/?page_id=1775"},"modified":"2021-05-10T11:07:30","modified_gmt":"2021-05-10T15:07:30","slug":"retroaction-de-la-communaute-algonquine-sur-la-conception-et-mesures-prises","status":"publish","type":"page","link":"https:\/\/inspire555.ca\/fr\/retroaction-de-la-communaute-algonquine-sur-la-conception-et-mesures-prises\/","title":{"rendered":"La r\u00e9troaction de la communaut\u00e9 algonquine Anishinabeg sur la conception et les mesures prises"},"content":{"rendered":"<p>Les communaut\u00e9s algonquines de Pikwakanagan et de Kitigan Zibi ont jou\u00e9 un r\u00f4le central dans la conception de la nouvelle installation partag\u00e9e de la BPO et de BAC. Nous vous invitons \u00e0 poursuivre votre lecture pour d\u00e9couvrir comment leurs commentaires seront int\u00e9gr\u00e9s au travail de conception et d\u2019am\u00e9nagement de l\u2019installation.<\/p>\n\n\n\n<div id=\"wpv-view-layout-1746\" class=\"js-wpv-view-layout js-wpv-layout-responsive js-wpv-view-layout-1746\" data-viewnumber=\"1746\" data-pagination=\"{&quot;id&quot;:1746,&quot;query&quot;:&quot;normal&quot;,&quot;type&quot;:&quot;disabled&quot;,&quot;effect&quot;:&quot;fade&quot;,&quot;duration&quot;:500,&quot;speed&quot;:5,&quot;pause_on_hover&quot;:&quot;disabled&quot;,&quot;stop_rollover&quot;:&quot;false&quot;,&quot;cache_pages&quot;:&quot;enabled&quot;,&quot;preload_images&quot;:&quot;enabled&quot;,&quot;preload_pages&quot;:&quot;enabled&quot;,&quot;preload_reach&quot;:1,&quot;spinner&quot;:&quot;builtin&quot;,&quot;spinner_image&quot;:&quot;https:\/\/inspire555.ca\/wp-content\/plugins\/wp-views\/embedded\/res\/img\/ajax-loader.gif&quot;,&quot;callback_next&quot;:&quot;&quot;,&quot;manage_history&quot;:&quot;enabled&quot;,&quot;has_controls_in_form&quot;:&quot;disabled&quot;,&quot;infinite_tolerance&quot;:&quot;0&quot;,&quot;max_pages&quot;:0,&quot;page&quot;:1,&quot;base_permalink&quot;:&quot;\/fr\/wp-json\/wp\/v2\/pages\/1775?wpv_view_count=1746&amp;wpv_paged=WPV_PAGE_NUM&quot;,&quot;loop&quot;:{&quot;type&quot;:&quot;&quot;,&quot;name&quot;:&quot;&quot;,&quot;data&quot;:[],&quot;id&quot;:0}}\" data-permalink=\"\/fr\/wp-json\/wp\/v2\/pages\/1775?wpv_view_count=1746\">\n\n\t\n<div id=\"spaces-content\" class=\"spaces-wrapper cf\">\n\t\n\t\n\t\n\t\t<div class=\"space_item space_item_1752\"><div class=\"space-header\"><h3 class=\"space-title font-weight-regular text-uppercase\">Reconnaissance du territoire algonquin<\/h3><\/div><div class=\"space-content\"><p>L\u2019entr\u00e9e est sur la rue Albert signalera que l\u2019installation se trouve sur le territoire traditionnel non c\u00e9d\u00e9 du peuple algonquine Anishinabeg. On y installera une plaque sur laquelle figurera une roue d\u2019orientation pr\u00e9sentant des symboles et des animaux d\u2019importance pour le peuple algonquin, roue qui sera cr\u00e9\u00e9e par l\u2019artiste local Simon Brascoup\u00e9 pour la Ville d\u2019Ottawa.<\/p>\n<p><img loading=\"lazy\" decoding=\"async\" class=\"wp-image-1749 alignnone\" src=\"https:\/\/inspire555.ca\/wp-content\/uploads\/2020\/09\/Algonquin-Territory-Recognition.jpg\" alt=\"\" width=\"601\" height=\"338\" srcset=\"https:\/\/inspire555.ca\/wp-content\/uploads\/2020\/09\/Algonquin-Territory-Recognition.jpg 800w, https:\/\/inspire555.ca\/wp-content\/uploads\/2020\/09\/Algonquin-Territory-Recognition-300x169.jpg 300w, https:\/\/inspire555.ca\/wp-content\/uploads\/2020\/09\/Algonquin-Territory-Recognition-768x432.jpg 768w\" sizes=\"(max-width: 601px) 100vw, 601px\" \/><\/p>\n<\/div><\/div>\n\n\n\t\n\t\t<div class=\"space_item space_item_1755\"><div class=\"space-header\"><h3 class=\"space-title font-weight-regular text-uppercase\">Message d\u2019accueil en dialectes algonquins<\/h3><\/div><div class=\"space-content\"><p>Les visiteurs qui emprunteront l\u2019entr\u00e9e de la rue Albert seront accueillis par un message audio en dialectes algonquins; il s\u2019agit l\u00e0 d\u2019une fa\u00e7on de rendre honneur \u00e0 cette langue et de la pr\u00e9server.<\/p>\n<p>Des s\u00e9ances d\u2019engagement avec la nation h\u00f4te algonquine Anishinabeg\u00a0 se poursuivront au fil de l\u2019\u00e9laboration du projet.<\/p>\n<p><img loading=\"lazy\" decoding=\"async\" class=\"wp-image-1753\" src=\"https:\/\/inspire555.ca\/wp-content\/uploads\/2020\/09\/University-of-Toronto-Libraries.jpg\" alt=\"\" width=\"600\" height=\"370\" srcset=\"https:\/\/inspire555.ca\/wp-content\/uploads\/2020\/09\/University-of-Toronto-Libraries.jpg 800w, https:\/\/inspire555.ca\/wp-content\/uploads\/2020\/09\/University-of-Toronto-Libraries-300x185.jpg 300w, https:\/\/inspire555.ca\/wp-content\/uploads\/2020\/09\/University-of-Toronto-Libraries-768x473.jpg 768w\" sizes=\"(max-width: 600px) 100vw, 600px\" \/><br \/>\n<em>Exemple\u00a0: Biblioth\u00e8que de l\u2019Universit\u00e9 de Toronto<\/em><\/p>\n<\/div><\/div>\n\n\n\t\n\t\t<div class=\"space_item space_item_1756\"><div class=\"space-header\"><h3 class=\"space-title font-weight-regular text-uppercase\">Caract\u00e9ristiques rappelant les wigwams<\/h3><\/div><div class=\"space-content\"><p>Demeure traditionnelle des Algonquins, le wigwam est synonyme de chez soi, de chaleur et d\u2019appartenance au groupe.<\/p>\n<p>Interpr\u00e9tation contemporaine du wigwam traditionnel, une salle ronde au deuxi\u00e8me \u00e9tage servira \u00e0 la tenue de r\u00e9unions et d\u2019activit\u00e9s.<\/p>\n<p>Ce sera un espace o\u00f9 les Autochtones se sentiront les bienvenus et se retrouveront dans la conception, les pr\u00e9sentoirs et les \u0153uvres d\u2019artistes autochtones.<\/p>\n<p>Des s\u00e9ances d\u2019engagement avec la nation h\u00f4te algonquine Anishinabeg\u00a0se poursuivront au fil de l\u2019\u00e9laboration du projet.<\/p>\n<\/div><\/div>\n\n\n\t\n\t\t<div class=\"space_item space_item_1759\"><div class=\"space-header\"><h3 class=\"space-title font-weight-regular text-uppercase\">Vid\u00e9o \u00e9ducative sur l\u2019histoire algonquine<\/h3><\/div><div class=\"space-content\"><p>Une courte vid\u00e9o \u00e9ducative sur la culture et l\u2019histoire algonquines sera r\u00e9alis\u00e9e et pr\u00e9sent\u00e9e dans l\u2019installation. Les membres de la communaut\u00e9 et les cin\u00e9astes travailleront ensemble pour c\u00e9l\u00e9brer l\u2019histoire algonquine.<\/p>\n<p>Des s\u00e9ances d\u2019engagement avec la nation h\u00f4te algonquine Anishinabeg\u00a0se poursuivront au fil de l\u2019\u00e9laboration du projet.<\/p>\n<p><img loading=\"lazy\" decoding=\"async\" class=\"alignnone wp-image-1757\" src=\"https:\/\/inspire555.ca\/wp-content\/uploads\/2020\/09\/We-Will-Stand-Up.jpg\" alt=\"\" width=\"600\" height=\"333\" srcset=\"https:\/\/inspire555.ca\/wp-content\/uploads\/2020\/09\/We-Will-Stand-Up.jpg 800w, https:\/\/inspire555.ca\/wp-content\/uploads\/2020\/09\/We-Will-Stand-Up-300x167.jpg 300w, https:\/\/inspire555.ca\/wp-content\/uploads\/2020\/09\/We-Will-Stand-Up-768x426.jpg 768w\" sizes=\"(max-width: 600px) 100vw, 600px\" \/><br \/>\n<em>Exemple\u00a0: n\u00eepawistam\u00e2sowin \u2013 We Will Stand Up, par la cin\u00e9aste crie prim\u00e9e Tasha Hubbard<\/em><\/p>\n<\/div><\/div>\n\n\n\t\n\t\t<div class=\"space_item space_item_1762\"><div class=\"space-header\"><h3 class=\"space-title font-weight-regular text-uppercase\">Couleurs et orientation polaire<\/h3><\/div><div class=\"space-content\"><p>L\u2019orientation polaire et les couleurs y \u00e9tant associ\u00e9es occupent une place importante dans l\u2019histoire du peuple algonquin Anishinabeg. On les retrouvera sur la roue d\u2019orientation de l\u2019entr\u00e9e de la rue Albert, comme mentionn\u00e9 ci-dessus.<\/p>\n<p><img loading=\"lazy\" decoding=\"async\" class=\"alignnone wp-image-1760\" src=\"https:\/\/inspire555.ca\/wp-content\/uploads\/2020\/09\/Algonquin-Territory-Wayfinding-Wheel.jpg\" alt=\"\" width=\"400\" height=\"395\" srcset=\"https:\/\/inspire555.ca\/wp-content\/uploads\/2020\/09\/Algonquin-Territory-Wayfinding-Wheel.jpg 650w, https:\/\/inspire555.ca\/wp-content\/uploads\/2020\/09\/Algonquin-Territory-Wayfinding-Wheel-300x296.jpg 300w\" sizes=\"(max-width: 400px) 100vw, 400px\" \/><\/p>\n<p><em>Simon Brascoup\u00e9, roue d\u2019orientation du territoire algonquin<\/em><\/p>\n<\/div><\/div>\n\n\n\t\n\t\t<div class=\"space_item space_item_1765\"><div class=\"space-header\"><h3 class=\"space-title font-weight-regular text-uppercase\">Chaleur et vitalit\u00e9 dans l\u2019espace de rassemblement central<\/h3><\/div><div class=\"space-content\"><p>Les membres de la communaut\u00e9 algonquine ont invit\u00e9 les architectes \u00e0 concevoir un atrium int\u00e9rieur chaleureux et invitant, et non \u00ab\u00a0blanc et st\u00e9rile\u00a0\u00bb.<\/p>\n<p>Ainsi, des panneaux de bois seront utilis\u00e9s pour les balustrades des balcons et les rampes des escaliers, ce qui apportera cette touche de chaleur recherch\u00e9e. Le mobilier et les \u00e9l\u00e9ments conceptuels seront choisis en fonction de ces commentaires, et une place de choix sera r\u00e9serv\u00e9e aux \u0153uvres d\u2019art public.<\/p>\n<p><img loading=\"lazy\" decoding=\"async\" class=\"alignnone wp-image-1763\" src=\"https:\/\/inspire555.ca\/wp-content\/uploads\/2020\/09\/Design-Rendering-Diamond-Schmitt-Architects-2.jpg\" alt=\"\" width=\"600\" height=\"337\" srcset=\"https:\/\/inspire555.ca\/wp-content\/uploads\/2020\/09\/Design-Rendering-Diamond-Schmitt-Architects-2.jpg 800w, https:\/\/inspire555.ca\/wp-content\/uploads\/2020\/09\/Design-Rendering-Diamond-Schmitt-Architects-2-300x168.jpg 300w, https:\/\/inspire555.ca\/wp-content\/uploads\/2020\/09\/Design-Rendering-Diamond-Schmitt-Architects-2-768x431.jpg 768w\" sizes=\"(max-width: 600px) 100vw, 600px\" \/><br \/>\n<em>Rendu de conception, Diamond Schmitt Architects<\/em><\/p>\n<\/div><\/div>\n\n\n\t\n\t\t<div class=\"space_item space_item_1768\"><div class=\"space-header\"><h3 class=\"space-title font-weight-regular text-uppercase\">Mise en valeur des traditions orales<\/h3><\/div><div class=\"space-content\"><p>Des postes d\u2019\u00e9coute seront am\u00e9nag\u00e9s pour que les visiteurs puissent d\u00e9couvrir les r\u00e9cits et les enseignements issus des traditions orales du peuple algonquin et des Autochtones. Les membres de la communaut\u00e9, les a\u00een\u00e9s et les gardiens du savoir seront invit\u00e9s \u00e0 collaborer \u00e0 ce projet d\u2019histoire orale.<\/p>\n<p>Des s\u00e9ances d\u2019engagement avec la nation h\u00f4te algonquine Anishinabeg\u00a0 et les communaut\u00e9s autochtones se poursuivront au fil de l\u2019\u00e9laboration du projet.<\/p>\n<p><img loading=\"lazy\" decoding=\"async\" class=\"alignnone wp-image-1766\" src=\"https:\/\/inspire555.ca\/wp-content\/uploads\/2020\/09\/State-Historical-Society-of-North-Dakota.jpg\" alt=\"\" width=\"600\" height=\"400\" srcset=\"https:\/\/inspire555.ca\/wp-content\/uploads\/2020\/09\/State-Historical-Society-of-North-Dakota.jpg 800w, https:\/\/inspire555.ca\/wp-content\/uploads\/2020\/09\/State-Historical-Society-of-North-Dakota-300x200.jpg 300w, https:\/\/inspire555.ca\/wp-content\/uploads\/2020\/09\/State-Historical-Society-of-North-Dakota-768x512.jpg 768w\" sizes=\"(max-width: 600px) 100vw, 600px\" \/><br \/>\n<em>Exemple\u00a0: Soci\u00e9t\u00e9 historique du Dakota du Nord<\/em><\/p>\n<\/div><\/div>\n\n\n\t\n\t\t<div class=\"space_item space_item_1772\"><div class=\"space-header\"><h3 class=\"space-title font-weight-regular text-uppercase\">Am\u00e9nagement paysager<\/h3><\/div><div class=\"space-content\"><p>L\u2019am\u00e9nagement paysager autour d&rsquo;\u0100dis\u014dke, plus particuli\u00e8rement dans les jardins ext\u00e9rieurs autochtones, comportera des plantes et des arbres indig\u00e8nes qui ont une signification traditionnelle pour les communaut\u00e9s algonquines.<\/p>\n<p>Un cercle de rassemblement fera aussi partie de l\u2019am\u00e9nagement paysager.\u200b<\/p>\n<p>L\u2019entreprise d\u2019architecture paysag\u00e8re PFS\u00a0Studio int\u00e9grera \u00e0 l\u2019am\u00e9nagement des plantes et des arbres indig\u00e8nes d\u2019int\u00e9r\u00eat r\u00e9gional. De plus, l\u2019esplanade ext\u00e9rieure et la terrasse du deuxi\u00e8me \u00e9tage comporteront des lieux de rassemblement sp\u00e9ciaux.<\/p>\n<p><a href=\"https:\/\/inspire555.ca\/wp-content\/uploads\/2020\/09\/AdisokePlantingStrategy_AccessiblePDF_FR.pdf\" target=\"_blank\" rel=\"noopener\"><img loading=\"lazy\" decoding=\"async\" class=\"alignnone wp-image-2658\" src=\"https:\/\/inspire555.ca\/wp-content\/uploads\/2020\/09\/AdisokePlantingStrategy_AccessiblePDF_FR.jpg\" alt=\"\" width=\"400\" height=\"539\" srcset=\"https:\/\/inspire555.ca\/wp-content\/uploads\/2020\/09\/AdisokePlantingStrategy_AccessiblePDF_FR.jpg 792w, https:\/\/inspire555.ca\/wp-content\/uploads\/2020\/09\/AdisokePlantingStrategy_AccessiblePDF_FR-222x300.jpg 222w, https:\/\/inspire555.ca\/wp-content\/uploads\/2020\/09\/AdisokePlantingStrategy_AccessiblePDF_FR-759x1024.jpg 759w, https:\/\/inspire555.ca\/wp-content\/uploads\/2020\/09\/AdisokePlantingStrategy_AccessiblePDF_FR-768x1036.jpg 768w\" sizes=\"(max-width: 400px) 100vw, 400px\" \/><\/a><\/p>\n<p><em>Strat\u00e9gies de plantation, PFS\u00a0Studio <\/em><\/p>\n<\/div><\/div>\n\n\n\t\n\t\t<div class=\"space_item space_item_1781\"><div class=\"space-header\"><h3 class=\"space-title font-weight-regular text-uppercase\">Art autochtone<\/h3><\/div><div class=\"space-content\"><p>L\u2019\u00e9quipe du Programme d\u2019art public a communiqu\u00e9 avec un conservateur de l\u2019art autochtone; celui-ci travaille \u00e0 l\u2019\u00e9laboration d\u2019un programme en vue d\u2019int\u00e9grer des \u0153uvres d\u2019artistes algonquins et autochtones au b\u00e2timent et\/ou \u00e0 l\u2019am\u00e9nagement paysager.<\/p>\n<\/div><\/div>\n\n\n\t\n\t\n<\/div>\n\t\n\t\n<\/div>\n\n","protected":false},"excerpt":{"rendered":"<p>Les communaut\u00e9s algonquines de Pikwakanagan et de Kitigan Zibi ont jou\u00e9 un r\u00f4le central dans la conception de la nouvelle installation partag\u00e9e de la BPO et de BAC. Nous vous invitons \u00e0 poursuivre votre lecture pour d\u00e9couvrir comment leurs commentaires seront int\u00e9gr\u00e9s au travail de conception et d\u2019am\u00e9nagement de l\u2019installation.<\/p>\n","protected":false},"author":1,"featured_media":0,"parent":0,"menu_order":0,"comment_status":"closed","ping_status":"closed","template":"page-basic-template.php","meta":{"footnotes":""},"acf":[],"yoast_head":"<!-- This site is optimized with the Yoast SEO plugin v24.5 - https:\/\/yoast.com\/wordpress\/plugins\/seo\/ -->\n<title>La r\u00e9troaction de la communaut\u00e9 algonquine Anishinabeg sur la conception et les mesures prises - Installation partag\u00e9e de la Biblioth\u00e8que publique d\u2019Ottawa et de Biblioth\u00e8que et Archives Canada<\/title>\n<meta name=\"robots\" content=\"index, follow, max-snippet:-1, max-image-preview:large, max-video-preview:-1\" \/>\n<link rel=\"canonical\" href=\"https:\/\/inspire555.ca\/fr\/retroaction-de-la-communaute-algonquine-sur-la-conception-et-mesures-prises\/\" \/>\n<meta property=\"og:locale\" content=\"fr_FR\" \/>\n<meta property=\"og:type\" content=\"article\" \/>\n<meta property=\"og:title\" content=\"La r\u00e9troaction de la communaut\u00e9 algonquine Anishinabeg sur la conception et les mesures prises - Installation partag\u00e9e de la Biblioth\u00e8que publique d\u2019Ottawa et de Biblioth\u00e8que et Archives Canada\" \/>\n<meta property=\"og:description\" content=\"Les communaut\u00e9s algonquines de Pikwakanagan et de Kitigan Zibi ont jou\u00e9 un r\u00f4le central dans la conception de la nouvelle installation partag\u00e9e de la BPO et de BAC. Nous vous invitons \u00e0 poursuivre votre lecture pour d\u00e9couvrir comment leurs commentaires seront int\u00e9gr\u00e9s au travail de conception et d\u2019am\u00e9nagement de l\u2019installation.\" \/>\n<meta property=\"og:url\" content=\"https:\/\/inspire555.ca\/fr\/retroaction-de-la-communaute-algonquine-sur-la-conception-et-mesures-prises\/\" \/>\n<meta property=\"og:site_name\" content=\"Installation partag\u00e9e de la Biblioth\u00e8que publique d\u2019Ottawa et de Biblioth\u00e8que et Archives Canada\" \/>\n<meta property=\"article:modified_time\" content=\"2021-05-10T15:07:30+00:00\" \/>\n<meta name=\"twitter:card\" content=\"summary_large_image\" \/>\n<script type=\"application\/ld+json\" class=\"yoast-schema-graph\">{\"@context\":\"https:\/\/schema.org\",\"@graph\":[{\"@type\":\"WebPage\",\"@id\":\"https:\/\/inspire555.ca\/fr\/retroaction-de-la-communaute-algonquine-sur-la-conception-et-mesures-prises\/\",\"url\":\"https:\/\/inspire555.ca\/fr\/retroaction-de-la-communaute-algonquine-sur-la-conception-et-mesures-prises\/\",\"name\":\"La r\u00e9troaction de la communaut\u00e9 algonquine Anishinabeg sur la conception et les mesures prises - Installation partag\u00e9e de la Biblioth\u00e8que publique d\u2019Ottawa et de Biblioth\u00e8que et Archives Canada\",\"isPartOf\":{\"@id\":\"https:\/\/inspire555.ca\/#website\"},\"datePublished\":\"2020-09-29T22:05:43+00:00\",\"dateModified\":\"2021-05-10T15:07:30+00:00\",\"breadcrumb\":{\"@id\":\"https:\/\/inspire555.ca\/fr\/retroaction-de-la-communaute-algonquine-sur-la-conception-et-mesures-prises\/#breadcrumb\"},\"inLanguage\":\"fr-FR\",\"potentialAction\":[{\"@type\":\"ReadAction\",\"target\":[\"https:\/\/inspire555.ca\/fr\/retroaction-de-la-communaute-algonquine-sur-la-conception-et-mesures-prises\/\"]}]},{\"@type\":\"BreadcrumbList\",\"@id\":\"https:\/\/inspire555.ca\/fr\/retroaction-de-la-communaute-algonquine-sur-la-conception-et-mesures-prises\/#breadcrumb\",\"itemListElement\":[{\"@type\":\"ListItem\",\"position\":1,\"name\":\"Home\",\"item\":\"https:\/\/inspire555.ca\/fr\/\"},{\"@type\":\"ListItem\",\"position\":2,\"name\":\"La r\u00e9troaction de la communaut\u00e9 algonquine Anishinabeg sur la conception et les mesures prises\"}]},{\"@type\":\"WebSite\",\"@id\":\"https:\/\/inspire555.ca\/#website\",\"url\":\"https:\/\/inspire555.ca\/\",\"name\":\"Installation partag\u00e9e de la Biblioth\u00e8que publique d\u2019Ottawa et de Biblioth\u00e8que et Archives Canada\",\"description\":\"\",\"potentialAction\":[{\"@type\":\"SearchAction\",\"target\":{\"@type\":\"EntryPoint\",\"urlTemplate\":\"https:\/\/inspire555.ca\/?s={search_term_string}\"},\"query-input\":{\"@type\":\"PropertyValueSpecification\",\"valueRequired\":true,\"valueName\":\"search_term_string\"}}],\"inLanguage\":\"fr-FR\"}]}<\/script>\n<!-- \/ Yoast SEO plugin. -->","yoast_head_json":{"title":"La r\u00e9troaction de la communaut\u00e9 algonquine Anishinabeg sur la conception et les mesures prises - Installation partag\u00e9e de la Biblioth\u00e8que publique d\u2019Ottawa et de Biblioth\u00e8que et Archives Canada","robots":{"index":"index","follow":"follow","max-snippet":"max-snippet:-1","max-image-preview":"max-image-preview:large","max-video-preview":"max-video-preview:-1"},"canonical":"https:\/\/inspire555.ca\/fr\/retroaction-de-la-communaute-algonquine-sur-la-conception-et-mesures-prises\/","og_locale":"fr_FR","og_type":"article","og_title":"La r\u00e9troaction de la communaut\u00e9 algonquine Anishinabeg sur la conception et les mesures prises - Installation partag\u00e9e de la Biblioth\u00e8que publique d\u2019Ottawa et de Biblioth\u00e8que et Archives Canada","og_description":"Les communaut\u00e9s algonquines de Pikwakanagan et de Kitigan Zibi ont jou\u00e9 un r\u00f4le central dans la conception de la nouvelle installation partag\u00e9e de la BPO et de BAC. Nous vous invitons \u00e0 poursuivre votre lecture pour d\u00e9couvrir comment leurs commentaires seront int\u00e9gr\u00e9s au travail de conception et d\u2019am\u00e9nagement de l\u2019installation.","og_url":"https:\/\/inspire555.ca\/fr\/retroaction-de-la-communaute-algonquine-sur-la-conception-et-mesures-prises\/","og_site_name":"Installation partag\u00e9e de la Biblioth\u00e8que publique d\u2019Ottawa et de Biblioth\u00e8que et Archives Canada","article_modified_time":"2021-05-10T15:07:30+00:00","twitter_card":"summary_large_image","schema":{"@context":"https:\/\/schema.org","@graph":[{"@type":"WebPage","@id":"https:\/\/inspire555.ca\/fr\/retroaction-de-la-communaute-algonquine-sur-la-conception-et-mesures-prises\/","url":"https:\/\/inspire555.ca\/fr\/retroaction-de-la-communaute-algonquine-sur-la-conception-et-mesures-prises\/","name":"La r\u00e9troaction de la communaut\u00e9 algonquine Anishinabeg sur la conception et les mesures prises - Installation partag\u00e9e de la Biblioth\u00e8que publique d\u2019Ottawa et de Biblioth\u00e8que et Archives Canada","isPartOf":{"@id":"https:\/\/inspire555.ca\/#website"},"datePublished":"2020-09-29T22:05:43+00:00","dateModified":"2021-05-10T15:07:30+00:00","breadcrumb":{"@id":"https:\/\/inspire555.ca\/fr\/retroaction-de-la-communaute-algonquine-sur-la-conception-et-mesures-prises\/#breadcrumb"},"inLanguage":"fr-FR","potentialAction":[{"@type":"ReadAction","target":["https:\/\/inspire555.ca\/fr\/retroaction-de-la-communaute-algonquine-sur-la-conception-et-mesures-prises\/"]}]},{"@type":"BreadcrumbList","@id":"https:\/\/inspire555.ca\/fr\/retroaction-de-la-communaute-algonquine-sur-la-conception-et-mesures-prises\/#breadcrumb","itemListElement":[{"@type":"ListItem","position":1,"name":"Home","item":"https:\/\/inspire555.ca\/fr\/"},{"@type":"ListItem","position":2,"name":"La r\u00e9troaction de la communaut\u00e9 algonquine Anishinabeg sur la conception et les mesures prises"}]},{"@type":"WebSite","@id":"https:\/\/inspire555.ca\/#website","url":"https:\/\/inspire555.ca\/","name":"Installation partag\u00e9e de la Biblioth\u00e8que publique d\u2019Ottawa et de Biblioth\u00e8que et Archives Canada","description":"","potentialAction":[{"@type":"SearchAction","target":{"@type":"EntryPoint","urlTemplate":"https:\/\/inspire555.ca\/?s={search_term_string}"},"query-input":{"@type":"PropertyValueSpecification","valueRequired":true,"valueName":"search_term_string"}}],"inLanguage":"fr-FR"}]}},"_links":{"self":[{"href":"https:\/\/inspire555.ca\/fr\/wp-json\/wp\/v2\/pages\/1775"}],"collection":[{"href":"https:\/\/inspire555.ca\/fr\/wp-json\/wp\/v2\/pages"}],"about":[{"href":"https:\/\/inspire555.ca\/fr\/wp-json\/wp\/v2\/types\/page"}],"author":[{"embeddable":true,"href":"https:\/\/inspire555.ca\/fr\/wp-json\/wp\/v2\/users\/1"}],"replies":[{"embeddable":true,"href":"https:\/\/inspire555.ca\/fr\/wp-json\/wp\/v2\/comments?post=1775"}],"version-history":[{"count":3,"href":"https:\/\/inspire555.ca\/fr\/wp-json\/wp\/v2\/pages\/1775\/revisions"}],"predecessor-version":[{"id":2073,"href":"https:\/\/inspire555.ca\/fr\/wp-json\/wp\/v2\/pages\/1775\/revisions\/2073"}],"wp:attachment":[{"href":"https:\/\/inspire555.ca\/fr\/wp-json\/wp\/v2\/media?parent=1775"}],"curies":[{"name":"wp","href":"https:\/\/api.w.org\/{rel}","templated":true}]}}